{"id":740448,"date":"2025-03-03T18:08:23","date_gmt":"2025-03-03T17:08:23","guid":{"rendered":"https:\/\/stoic-curie.212-227-153-4.plesk.page\/producto\/elektronicki-kaljuzni-prekidac-quick-ebsn-10amp\/"},"modified":"2026-02-25T00:00:45","modified_gmt":"2026-02-25T00:00:45","slug":"elektronicki-kaljuzni-prekidac-quick-ebsn-10amp","status":"publish","type":"product","link":"https:\/\/stoic-curie.212-227-153-4.plesk.page\/hr\/product\/elektronicki-kaljuzni-prekidac-quick-ebsn-10amp\/","title":{"rendered":"Elektronicki kalju\u017eni prekidac Quick EBSN 10amp"},"content":{"rendered":"<p>Elektronicki kalju\u017eni prekidac Quick EBSN 10amp &#8211; <\/p>\n<p>Elektroni\u010dki prekida\u010d za pumpe za odvodnju bez pokretnih mehani\u010dkih dijelova. Otkriva prisutnost vode i izbjegava la\u017eno uklju\u010divanje\/isklju\u010divanje. Mo\u017ee se ru\u010dno aktivirati s udaljenog prekida\u010da. Univerzalno napajanje 12\/24V. IP68 za\u0161tita.<\/p>\n","protected":false},"excerpt":{"rendered":"<p>Elektronicki kalju\u017eni prekidac Quick EBSN 10amp &#8211; Elektroni\u010dki prekida\u010d za pumpe za odvodnju bez pokretnih mehani\u010dkih dijelova. Otkriva prisutnost vode<\/p>\n","protected":false},"featured_media":5939001,"comment_status":"open","ping_status":"closed","template":"","meta":[],"product_brand":[3281],"product_cat":[1659],"product_tag":[],"class_list":{"0":"post-740448","1":"product","2":"type-product","3":"status-publish","4":"has-post-thumbnail","6":"product_brand-quick-hr","7":"product_cat-elektricne-kaljuzne-pumpe","9":"first","10":"instock","11":"shipping-taxable","12":"purchasable","13":"product-type-simple"},"_links":{"self":[{"href":"https:\/\/stoic-curie.212-227-153-4.plesk.page\/hr\/wp-json\/wp\/v2\/product\/740448","targetHints":{"allow":["GET"]}}],"collection":[{"href":"https:\/\/stoic-curie.212-227-153-4.plesk.page\/hr\/wp-json\/wp\/v2\/product"}],"about":[{"href":"https:\/\/stoic-curie.212-227-153-4.plesk.page\/hr\/wp-json\/wp\/v2\/types\/product"}],"replies":[{"embeddable":true,"href":"https:\/\/stoic-curie.212-227-153-4.plesk.page\/hr\/wp-json\/wp\/v2\/comments?post=740448"}],"version-history":[{"count":0,"href":"https:\/\/stoic-curie.212-227-153-4.plesk.page\/hr\/wp-json\/wp\/v2\/product\/740448\/revisions"}],"wp:featuredmedia":[{"embeddable":true,"href":"https:\/\/stoic-curie.212-227-153-4.plesk.page\/hr\/wp-json\/wp\/v2\/media\/5939001"}],"wp:attachment":[{"href":"https:\/\/stoic-curie.212-227-153-4.plesk.page\/hr\/wp-json\/wp\/v2\/media?parent=740448"}],"wp:term":[{"taxonomy":"product_brand","embeddable":true,"href":"https:\/\/stoic-curie.212-227-153-4.plesk.page\/hr\/wp-json\/wp\/v2\/product_brand?post=740448"},{"taxonomy":"product_cat","embeddable":true,"href":"https:\/\/stoic-curie.212-227-153-4.plesk.page\/hr\/wp-json\/wp\/v2\/product_cat?post=740448"},{"taxonomy":"product_tag","embeddable":true,"href":"https:\/\/stoic-curie.212-227-153-4.plesk.page\/hr\/wp-json\/wp\/v2\/product_tag?post=740448"}],"curies":[{"name":"wp","href":"https:\/\/api.w.org\/{rel}","templated":true}]}}