{"id":740452,"date":"2025-03-03T18:08:24","date_gmt":"2025-03-03T17:08:24","guid":{"rendered":"https:\/\/stoic-curie.212-227-153-4.plesk.page\/producto\/johnsonova-ploca-za-upravljanje-pumpom-24-v-3-smjerno-automatsko-iskljucivanje-i-ukljucivanje\/"},"modified":"2026-02-25T00:00:45","modified_gmt":"2026-02-25T00:00:45","slug":"johnsonova-ploca-za-upravljanje-pumpom-24-v-3-smjerno-automatsko-iskljucivanje-i-ukljucivanje","status":"publish","type":"product","link":"https:\/\/stoic-curie.212-227-153-4.plesk.page\/hr\/product\/johnsonova-ploca-za-upravljanje-pumpom-24-v-3-smjerno-automatsko-iskljucivanje-i-ukljucivanje\/","title":{"rendered":"Johnsonova ploca za upravljanje pumpom 24 V, 3-smjerno automatsko iskljucivanje i ukljucivanje"},"content":{"rendered":"<p>Johnsonova ploca za upravljanje pumpom 24 V, 3-smjerno automatsko iskljucivanje i ukljucivanje &#8211; <\/p>\n<p>Johnsonov panel za kontrolu prekida\u010da s pozadinskim osvjetljenjem s 3 polo\u017eaja: Automatski &#8211; Isklju\u010deno &#8211; Ru\u010dno.<\/p>\n","protected":false},"excerpt":{"rendered":"<p>Johnsonova ploca za upravljanje pumpom 24 V, 3-smjerno automatsko iskljucivanje i ukljucivanje &#8211; Johnsonov panel za kontrolu prekida\u010da s pozadinskim<\/p>\n","protected":false},"featured_media":5939002,"comment_status":"open","ping_status":"closed","template":"","meta":[],"product_brand":[3046],"product_cat":[1659],"product_tag":[],"class_list":{"0":"post-740452","1":"product","2":"type-product","3":"status-publish","4":"has-post-thumbnail","6":"product_brand-johnson-marine-hr","7":"product_cat-elektricne-kaljuzne-pumpe","9":"first","10":"instock","11":"shipping-taxable","12":"purchasable","13":"product-type-simple"},"_links":{"self":[{"href":"https:\/\/stoic-curie.212-227-153-4.plesk.page\/hr\/wp-json\/wp\/v2\/product\/740452","targetHints":{"allow":["GET"]}}],"collection":[{"href":"https:\/\/stoic-curie.212-227-153-4.plesk.page\/hr\/wp-json\/wp\/v2\/product"}],"about":[{"href":"https:\/\/stoic-curie.212-227-153-4.plesk.page\/hr\/wp-json\/wp\/v2\/types\/product"}],"replies":[{"embeddable":true,"href":"https:\/\/stoic-curie.212-227-153-4.plesk.page\/hr\/wp-json\/wp\/v2\/comments?post=740452"}],"version-history":[{"count":0,"href":"https:\/\/stoic-curie.212-227-153-4.plesk.page\/hr\/wp-json\/wp\/v2\/product\/740452\/revisions"}],"wp:featuredmedia":[{"embeddable":true,"href":"https:\/\/stoic-curie.212-227-153-4.plesk.page\/hr\/wp-json\/wp\/v2\/media\/5939002"}],"wp:attachment":[{"href":"https:\/\/stoic-curie.212-227-153-4.plesk.page\/hr\/wp-json\/wp\/v2\/media?parent=740452"}],"wp:term":[{"taxonomy":"product_brand","embeddable":true,"href":"https:\/\/stoic-curie.212-227-153-4.plesk.page\/hr\/wp-json\/wp\/v2\/product_brand?post=740452"},{"taxonomy":"product_cat","embeddable":true,"href":"https:\/\/stoic-curie.212-227-153-4.plesk.page\/hr\/wp-json\/wp\/v2\/product_cat?post=740452"},{"taxonomy":"product_tag","embeddable":true,"href":"https:\/\/stoic-curie.212-227-153-4.plesk.page\/hr\/wp-json\/wp\/v2\/product_tag?post=740452"}],"curies":[{"name":"wp","href":"https:\/\/api.w.org\/{rel}","templated":true}]}}