{"id":740453,"date":"2025-03-03T18:08:24","date_gmt":"2025-03-03T17:08:24","guid":{"rendered":"https:\/\/stoic-curie.212-227-153-4.plesk.page\/producto\/upravljacka-ploca-12-v-za-kaljuzne-pumpe-rule-fail-safe\/"},"modified":"2026-02-25T00:00:45","modified_gmt":"2026-02-25T00:00:45","slug":"upravljacka-ploca-12-v-za-kaljuzne-pumpe-rule-fail-safe","status":"publish","type":"product","link":"https:\/\/stoic-curie.212-227-153-4.plesk.page\/hr\/product\/upravljacka-ploca-12-v-za-kaljuzne-pumpe-rule-fail-safe\/","title":{"rendered":"Upravljacka ploca 12 V za kalju\u017ene pumpe (Rule Fail Safe)"},"content":{"rendered":"<p>Upravljacka ploca 12 V za kalju\u017ene pumpe (Rule Fail Safe) &#8211; <\/p>\n<p>Pano za upravljanje prekida\u010dem s pozadinskim osvjetljenjem s 3 polo\u017eaja: Automatski &#8211; Isklju\u010deno &#8211; Ru\u010dno s &#8216;fail-safe&#8217; ure\u0111ajem (automatski povratak na isklju\u010deno iz ru\u010dnog polo\u017eaja).<\/p>\n","protected":false},"excerpt":{"rendered":"<p>Upravljacka ploca 12 V za kalju\u017ene pumpe (Rule Fail Safe) &#8211; Pano za upravljanje prekida\u010dem s pozadinskim osvjetljenjem s 3<\/p>\n","protected":false},"featured_media":5939004,"comment_status":"open","ping_status":"closed","template":"","meta":[],"product_brand":[3326],"product_cat":[1659],"product_tag":[],"class_list":{"0":"post-740453","1":"product","2":"type-product","3":"status-publish","4":"has-post-thumbnail","6":"product_brand-rule-hr","7":"product_cat-elektricne-kaljuzne-pumpe","9":"first","10":"instock","11":"shipping-taxable","12":"purchasable","13":"product-type-simple"},"_links":{"self":[{"href":"https:\/\/stoic-curie.212-227-153-4.plesk.page\/hr\/wp-json\/wp\/v2\/product\/740453","targetHints":{"allow":["GET"]}}],"collection":[{"href":"https:\/\/stoic-curie.212-227-153-4.plesk.page\/hr\/wp-json\/wp\/v2\/product"}],"about":[{"href":"https:\/\/stoic-curie.212-227-153-4.plesk.page\/hr\/wp-json\/wp\/v2\/types\/product"}],"replies":[{"embeddable":true,"href":"https:\/\/stoic-curie.212-227-153-4.plesk.page\/hr\/wp-json\/wp\/v2\/comments?post=740453"}],"version-history":[{"count":0,"href":"https:\/\/stoic-curie.212-227-153-4.plesk.page\/hr\/wp-json\/wp\/v2\/product\/740453\/revisions"}],"wp:featuredmedia":[{"embeddable":true,"href":"https:\/\/stoic-curie.212-227-153-4.plesk.page\/hr\/wp-json\/wp\/v2\/media\/5939004"}],"wp:attachment":[{"href":"https:\/\/stoic-curie.212-227-153-4.plesk.page\/hr\/wp-json\/wp\/v2\/media?parent=740453"}],"wp:term":[{"taxonomy":"product_brand","embeddable":true,"href":"https:\/\/stoic-curie.212-227-153-4.plesk.page\/hr\/wp-json\/wp\/v2\/product_brand?post=740453"},{"taxonomy":"product_cat","embeddable":true,"href":"https:\/\/stoic-curie.212-227-153-4.plesk.page\/hr\/wp-json\/wp\/v2\/product_cat?post=740453"},{"taxonomy":"product_tag","embeddable":true,"href":"https:\/\/stoic-curie.212-227-153-4.plesk.page\/hr\/wp-json\/wp\/v2\/product_tag?post=740453"}],"curies":[{"name":"wp","href":"https:\/\/api.w.org\/{rel}","templated":true}]}}