{"id":740455,"date":"2025-03-03T18:08:25","date_gmt":"2025-03-03T17:08:25","guid":{"rendered":"https:\/\/stoic-curie.212-227-153-4.plesk.page\/producto\/johnson-ultima-12-24-v-automatski-prekidac-pumpe-za-kaljuzu\/"},"modified":"2026-02-25T00:00:45","modified_gmt":"2026-02-25T00:00:45","slug":"johnson-ultima-12-24-v-automatski-prekidac-pumpe-za-kaljuzu","status":"publish","type":"product","link":"https:\/\/stoic-curie.212-227-153-4.plesk.page\/hr\/product\/johnson-ultima-12-24-v-automatski-prekidac-pumpe-za-kaljuzu\/","title":{"rendered":"Johnson Ultima 12\/24 V automatski prekidac pumpe za kalju\u017eu"},"content":{"rendered":"<p>Johnson Ultima 12\/24 V automatski prekidac pumpe za kalju\u017eu &#8211; <\/p>\n<p>Johnson univerzalni elektroni\u010dki prekida\u010d za pumpice za vodu na 12\/24V. Vodootporan, otporan na habanje, bez pokretnih mehani\u010dkih dijelova. Dimenzije: 85 x 67 x 29 mm<\/p>\n","protected":false},"excerpt":{"rendered":"<p>Johnson Ultima 12\/24 V automatski prekidac pumpe za kalju\u017eu &#8211; Johnson univerzalni elektroni\u010dki prekida\u010d za pumpice za vodu na 12\/24V.<\/p>\n","protected":false},"featured_media":5939005,"comment_status":"open","ping_status":"closed","template":"","meta":[],"product_brand":[3046],"product_cat":[1659],"product_tag":[],"class_list":{"0":"post-740455","1":"product","2":"type-product","3":"status-publish","4":"has-post-thumbnail","6":"product_brand-johnson-marine-hr","7":"product_cat-elektricne-kaljuzne-pumpe","9":"first","10":"instock","11":"shipping-taxable","12":"purchasable","13":"product-type-simple"},"_links":{"self":[{"href":"https:\/\/stoic-curie.212-227-153-4.plesk.page\/hr\/wp-json\/wp\/v2\/product\/740455","targetHints":{"allow":["GET"]}}],"collection":[{"href":"https:\/\/stoic-curie.212-227-153-4.plesk.page\/hr\/wp-json\/wp\/v2\/product"}],"about":[{"href":"https:\/\/stoic-curie.212-227-153-4.plesk.page\/hr\/wp-json\/wp\/v2\/types\/product"}],"replies":[{"embeddable":true,"href":"https:\/\/stoic-curie.212-227-153-4.plesk.page\/hr\/wp-json\/wp\/v2\/comments?post=740455"}],"version-history":[{"count":0,"href":"https:\/\/stoic-curie.212-227-153-4.plesk.page\/hr\/wp-json\/wp\/v2\/product\/740455\/revisions"}],"wp:featuredmedia":[{"embeddable":true,"href":"https:\/\/stoic-curie.212-227-153-4.plesk.page\/hr\/wp-json\/wp\/v2\/media\/5939005"}],"wp:attachment":[{"href":"https:\/\/stoic-curie.212-227-153-4.plesk.page\/hr\/wp-json\/wp\/v2\/media?parent=740455"}],"wp:term":[{"taxonomy":"product_brand","embeddable":true,"href":"https:\/\/stoic-curie.212-227-153-4.plesk.page\/hr\/wp-json\/wp\/v2\/product_brand?post=740455"},{"taxonomy":"product_cat","embeddable":true,"href":"https:\/\/stoic-curie.212-227-153-4.plesk.page\/hr\/wp-json\/wp\/v2\/product_cat?post=740455"},{"taxonomy":"product_tag","embeddable":true,"href":"https:\/\/stoic-curie.212-227-153-4.plesk.page\/hr\/wp-json\/wp\/v2\/product_tag?post=740455"}],"curies":[{"name":"wp","href":"https:\/\/api.w.org\/{rel}","templated":true}]}}