{"id":740469,"date":"2025-03-03T18:08:28","date_gmt":"2025-03-03T17:08:28","guid":{"rendered":"https:\/\/stoic-curie.212-227-153-4.plesk.page\/producto\/viking-samosisna-pumpa-za-otpadnu-vodu-16-12v\/"},"modified":"2026-02-25T00:00:45","modified_gmt":"2026-02-25T00:00:45","slug":"viking-samosisna-pumpa-za-otpadnu-vodu-16-12v","status":"publish","type":"product","link":"https:\/\/stoic-curie.212-227-153-4.plesk.page\/hr\/product\/viking-samosisna-pumpa-za-otpadnu-vodu-16-12v\/","title":{"rendered":"Viking samosisna pumpa za otpadnu vodu 16 12V"},"content":{"rendered":"<p>Viking samosisna pumpa za otpadnu vodu 16 12V &#8211; <\/p>\n<p>SPX Johnson Viking 16 samosisa\u0161na pneumatska pumpa jednostavna je za ugradnju bilo gdje i mo\u017ee se postaviti u nekoliko razli\u010ditih konfiguracija pumpe\/motora. Koristi se za ispu\u0161tanje u sustav kanalizacije ili kao pumpa za ispu\u0161tanje \u010dak i vrlo prljavih kabina.<\/p>\n<p>\u2022 Dizajnirana za ispu\u0161tanje otpadnih voda i kabina<br \/>\u2022 Lako se instalira, \u010dak i u uskim prostorima<br \/>\u2022 Tiha radnja<br \/>\u2022 Jednostavno i jeftino odr\u017eavanje<br \/>\u2022 Tijelo od najlona oja\u010danog staklenim vlaknima<br \/>\u2022 Prijenos podr\u017ean kugli\u010dnim le\u017eajevima<br \/>\u2022 Ventili bez za\u010depljenja &#8211; filtri nisu potrebni<br \/>\u2022 Samosisa\u010dni do 3 m (9,8 ft)<br \/>\u2022 Mo\u017ee raditi suho i pumpati smjesu zraka\/vode<br \/>\u2022 Robustan (jednostavni) dijafragma<br \/>\u2022 Standardni KlickTite\u2122 XL priklju\u010dci<br \/>\u2022 Niska potro\u0161nja energije<\/p>\n","protected":false},"excerpt":{"rendered":"<p>Viking samosisna pumpa za otpadnu vodu 16 12V &#8211; SPX Johnson Viking 16 samosisa\u0161na pneumatska pumpa jednostavna je za ugradnju<\/p>\n","protected":false},"featured_media":5939028,"comment_status":"open","ping_status":"closed","template":"","meta":[],"product_brand":[3046],"product_cat":[1672,1649,1656],"product_tag":[],"class_list":{"0":"post-740469","1":"product","2":"type-product","3":"status-publish","4":"has-post-thumbnail","6":"product_brand-johnson-marine-hr","7":"product_cat-brodske-pumpe-za-otpadne-vode","8":"product_cat-spremnici-za-otpadne-vode","9":"product_cat-sustavi-sive-vode","11":"first","12":"instock","13":"shipping-taxable","14":"purchasable","15":"product-type-simple"},"_links":{"self":[{"href":"https:\/\/stoic-curie.212-227-153-4.plesk.page\/hr\/wp-json\/wp\/v2\/product\/740469","targetHints":{"allow":["GET"]}}],"collection":[{"href":"https:\/\/stoic-curie.212-227-153-4.plesk.page\/hr\/wp-json\/wp\/v2\/product"}],"about":[{"href":"https:\/\/stoic-curie.212-227-153-4.plesk.page\/hr\/wp-json\/wp\/v2\/types\/product"}],"replies":[{"embeddable":true,"href":"https:\/\/stoic-curie.212-227-153-4.plesk.page\/hr\/wp-json\/wp\/v2\/comments?post=740469"}],"version-history":[{"count":0,"href":"https:\/\/stoic-curie.212-227-153-4.plesk.page\/hr\/wp-json\/wp\/v2\/product\/740469\/revisions"}],"wp:featuredmedia":[{"embeddable":true,"href":"https:\/\/stoic-curie.212-227-153-4.plesk.page\/hr\/wp-json\/wp\/v2\/media\/5939028"}],"wp:attachment":[{"href":"https:\/\/stoic-curie.212-227-153-4.plesk.page\/hr\/wp-json\/wp\/v2\/media?parent=740469"}],"wp:term":[{"taxonomy":"product_brand","embeddable":true,"href":"https:\/\/stoic-curie.212-227-153-4.plesk.page\/hr\/wp-json\/wp\/v2\/product_brand?post=740469"},{"taxonomy":"product_cat","embeddable":true,"href":"https:\/\/stoic-curie.212-227-153-4.plesk.page\/hr\/wp-json\/wp\/v2\/product_cat?post=740469"},{"taxonomy":"product_tag","embeddable":true,"href":"https:\/\/stoic-curie.212-227-153-4.plesk.page\/hr\/wp-json\/wp\/v2\/product_tag?post=740469"}],"curies":[{"name":"wp","href":"https:\/\/api.w.org\/{rel}","templated":true}]}}