{"id":740471,"date":"2025-03-03T18:08:30","date_gmt":"2025-03-03T17:08:30","guid":{"rendered":"https:\/\/stoic-curie.212-227-153-4.plesk.page\/producto\/johnson-viking-32-12-v-membranska-pumpa\/"},"modified":"2026-02-25T00:00:45","modified_gmt":"2026-02-25T00:00:45","slug":"johnson-viking-32-12-v-membranska-pumpa","status":"publish","type":"product","link":"https:\/\/stoic-curie.212-227-153-4.plesk.page\/hr\/product\/johnson-viking-32-12-v-membranska-pumpa\/","title":{"rendered":"Johnson Viking 32 12 V membranska pumpa"},"content":{"rendered":"<p>Johnson Viking 32 12 V membranska pumpa &#8211; <\/p>\n<p>SPX Johnson Viking 32 te\u0161ka samoprona\u0161na membranska pumpa. Lako se instalira bilo gdje, zahvaljuju\u0107i rotiraju\u0107oj glavi pumpe od 360\u00b0 mo\u017ee se postaviti u vi\u0161e razli\u010ditih konfiguracija pumpe\/motora. Koristi se kao pumpa za oddjel i prazni \u010dak i vrlo prljave odjele. Zbog svog dizajna s jednom komorom i ventila bez zapreke, Viking Power 32 mo\u017ee pumpati neizmrvljene otpadne vode u spremnik ili ih prenijeti u septi\u010dku jamu.<br \/> \u2022 Maksimalni protok 32 Lt\/min<br \/> \u2022 Dizajnirana za pra\u017enjenje otpadnih voda i odjela<br \/> \u2022 Lako se instalira, \u010dak i u sku\u010denim prostorima<br \/> \u2022 Tiha rad<br \/> \u2022 Lako i jeftino odr\u017eavanje<br \/> \u2022 Ku\u0107i\u0161te od visokootpornog najlona oja\u010danog staklenim vlaknima<br \/> \u2022 Prijenos s kugli\u010dnim le\u017eajevima<br \/> \u2022 Ventili bez zapreke &#8211; nisu potrebni nikakvi filteri<br \/> \u2022 Samoprona\u0161a do 2,0 m (8,2 ft)<br \/> \u2022 Mo\u017ee raditi suho i pumpati mje\u0161avinu zraka\/vode<br \/> \u2022 Robustan (jedan) dijafragm<\/p>\n","protected":false},"excerpt":{"rendered":"<p>Johnson Viking 32 12 V membranska pumpa &#8211; SPX Johnson Viking 32 te\u0161ka samoprona\u0161na membranska pumpa. Lako se instalira bilo<\/p>\n","protected":false},"featured_media":5939031,"comment_status":"open","ping_status":"closed","template":"","meta":[],"product_brand":[3046],"product_cat":[1672,1649,1656],"product_tag":[],"class_list":{"0":"post-740471","1":"product","2":"type-product","3":"status-publish","4":"has-post-thumbnail","6":"product_brand-johnson-marine-hr","7":"product_cat-brodske-pumpe-za-otpadne-vode","8":"product_cat-spremnici-za-otpadne-vode","9":"product_cat-sustavi-sive-vode","11":"first","12":"instock","13":"shipping-taxable","14":"purchasable","15":"product-type-simple"},"_links":{"self":[{"href":"https:\/\/stoic-curie.212-227-153-4.plesk.page\/hr\/wp-json\/wp\/v2\/product\/740471","targetHints":{"allow":["GET"]}}],"collection":[{"href":"https:\/\/stoic-curie.212-227-153-4.plesk.page\/hr\/wp-json\/wp\/v2\/product"}],"about":[{"href":"https:\/\/stoic-curie.212-227-153-4.plesk.page\/hr\/wp-json\/wp\/v2\/types\/product"}],"replies":[{"embeddable":true,"href":"https:\/\/stoic-curie.212-227-153-4.plesk.page\/hr\/wp-json\/wp\/v2\/comments?post=740471"}],"version-history":[{"count":0,"href":"https:\/\/stoic-curie.212-227-153-4.plesk.page\/hr\/wp-json\/wp\/v2\/product\/740471\/revisions"}],"wp:featuredmedia":[{"embeddable":true,"href":"https:\/\/stoic-curie.212-227-153-4.plesk.page\/hr\/wp-json\/wp\/v2\/media\/5939031"}],"wp:attachment":[{"href":"https:\/\/stoic-curie.212-227-153-4.plesk.page\/hr\/wp-json\/wp\/v2\/media?parent=740471"}],"wp:term":[{"taxonomy":"product_brand","embeddable":true,"href":"https:\/\/stoic-curie.212-227-153-4.plesk.page\/hr\/wp-json\/wp\/v2\/product_brand?post=740471"},{"taxonomy":"product_cat","embeddable":true,"href":"https:\/\/stoic-curie.212-227-153-4.plesk.page\/hr\/wp-json\/wp\/v2\/product_cat?post=740471"},{"taxonomy":"product_tag","embeddable":true,"href":"https:\/\/stoic-curie.212-227-153-4.plesk.page\/hr\/wp-json\/wp\/v2\/product_tag?post=740471"}],"curies":[{"name":"wp","href":"https:\/\/api.w.org\/{rel}","templated":true}]}}