{"id":740472,"date":"2025-03-03T18:08:30","date_gmt":"2025-03-03T17:08:30","guid":{"rendered":"https:\/\/stoic-curie.212-227-153-4.plesk.page\/producto\/johnson-viking-32-24v-membranska-pumpa\/"},"modified":"2026-02-25T00:00:45","modified_gmt":"2026-02-25T00:00:45","slug":"johnson-viking-32-24v-membranska-pumpa","status":"publish","type":"product","link":"https:\/\/stoic-curie.212-227-153-4.plesk.page\/hr\/product\/johnson-viking-32-24v-membranska-pumpa\/","title":{"rendered":"Johnson Viking 32 24V membranska pumpa"},"content":{"rendered":"<p>Johnson Viking 32 24V membranska pumpa &#8211; <\/p>\n<p>SPX Johnson Viking 32 je robusna samousisna membranska pumpa. Zahvaljuju\u0107i rotiraju\u0107oj pumpnoj glavi od 360\u00b0, lako se instalira bilo gdje i mo\u017ee se postaviti u razli\u010dite konfiguracije pumpe\/motora. Koristi se kao pumpa za odvodnju kako bi ispraznila \u010dak i vrlo prljave odvodne sustave. Zbog svog dizajna s jednom komorom i neblokiraju\u0107im ventilima, Viking Power 32 mo\u017ee pumpati neizrezane otpadne vode u spremnik ili ih prenijeti u septi\u010dku jamu.<\/p>\n<p>&#149; Maksimalni protok 32 L\/min &#149; Dizajnirana za pra\u017enjenje otpadnih voda i odvodnih sustava &#149; Lako se instalira, \u010dak i na sku\u010denim mjestima &#149; Tih rad &#149; Jednostavno i jeftino odr\u017eavanje &#149; Telo od najlona oja\u010danog staklenim vlaknima &#149; Prijenos sa le\u017eajevima &#149; Ne blokiraju\u0107i ventili &#8211; bez potrebe za filtrima &#149; Samousisna do 2,5 m (8,2 ft) &#149; Mo\u017ee raditi suho i pumpati smjesu zraka i vode &#149; Robustan (jedan) dijafragma<\/p>\n","protected":false},"excerpt":{"rendered":"<p>Johnson Viking 32 24V membranska pumpa &#8211; SPX Johnson Viking 32 je robusna samousisna membranska pumpa. Zahvaljuju\u0107i rotiraju\u0107oj pumpnoj glavi<\/p>\n","protected":false},"featured_media":5939031,"comment_status":"open","ping_status":"closed","template":"","meta":[],"product_brand":[3046],"product_cat":[1672,1649,1656],"product_tag":[],"class_list":{"0":"post-740472","1":"product","2":"type-product","3":"status-publish","4":"has-post-thumbnail","6":"product_brand-johnson-marine-hr","7":"product_cat-brodske-pumpe-za-otpadne-vode","8":"product_cat-spremnici-za-otpadne-vode","9":"product_cat-sustavi-sive-vode","11":"first","12":"instock","13":"shipping-taxable","14":"purchasable","15":"product-type-simple"},"_links":{"self":[{"href":"https:\/\/stoic-curie.212-227-153-4.plesk.page\/hr\/wp-json\/wp\/v2\/product\/740472","targetHints":{"allow":["GET"]}}],"collection":[{"href":"https:\/\/stoic-curie.212-227-153-4.plesk.page\/hr\/wp-json\/wp\/v2\/product"}],"about":[{"href":"https:\/\/stoic-curie.212-227-153-4.plesk.page\/hr\/wp-json\/wp\/v2\/types\/product"}],"replies":[{"embeddable":true,"href":"https:\/\/stoic-curie.212-227-153-4.plesk.page\/hr\/wp-json\/wp\/v2\/comments?post=740472"}],"version-history":[{"count":0,"href":"https:\/\/stoic-curie.212-227-153-4.plesk.page\/hr\/wp-json\/wp\/v2\/product\/740472\/revisions"}],"wp:featuredmedia":[{"embeddable":true,"href":"https:\/\/stoic-curie.212-227-153-4.plesk.page\/hr\/wp-json\/wp\/v2\/media\/5939031"}],"wp:attachment":[{"href":"https:\/\/stoic-curie.212-227-153-4.plesk.page\/hr\/wp-json\/wp\/v2\/media?parent=740472"}],"wp:term":[{"taxonomy":"product_brand","embeddable":true,"href":"https:\/\/stoic-curie.212-227-153-4.plesk.page\/hr\/wp-json\/wp\/v2\/product_brand?post=740472"},{"taxonomy":"product_cat","embeddable":true,"href":"https:\/\/stoic-curie.212-227-153-4.plesk.page\/hr\/wp-json\/wp\/v2\/product_cat?post=740472"},{"taxonomy":"product_tag","embeddable":true,"href":"https:\/\/stoic-curie.212-227-153-4.plesk.page\/hr\/wp-json\/wp\/v2\/product_tag?post=740472"}],"curies":[{"name":"wp","href":"https:\/\/api.w.org\/{rel}","templated":true}]}}