{"id":740474,"date":"2025-03-03T18:08:31","date_gmt":"2025-03-03T17:08:31","guid":{"rendered":"https:\/\/stoic-curie.212-227-153-4.plesk.page\/producto\/pumpa-za-izmjenu-ulja-johnson-f3b-19-24v-maxi-21lt-minuta\/"},"modified":"2026-02-25T00:00:45","modified_gmt":"2026-02-25T00:00:45","slug":"pumpa-za-izmjenu-ulja-johnson-f3b-19-24v-maxi-21lt-minuta","status":"publish","type":"product","link":"https:\/\/stoic-curie.212-227-153-4.plesk.page\/hr\/product\/pumpa-za-izmjenu-ulja-johnson-f3b-19-24v-maxi-21lt-minuta\/","title":{"rendered":"Pumpa za izmjenu ulja Johnson F3B-19 24v (Maxi 21lt minuta)"},"content":{"rendered":"<p>Pumpa za izmjenu ulja Johnson F3B-19 24v (Maxi 21lt minuta) &#8211; <\/p>\n<p>Johnson F3B-19 bron\u010dana pumpa s nitrilnim impelerom opremljena je vodootpornim prekida\u010dem s funkcijama: izvla\u010denje ulja &#8211; zaustavljanje &#8211; injekcija ulja.<\/p>\n","protected":false},"excerpt":{"rendered":"<p>Pumpa za izmjenu ulja Johnson F3B-19 24v (Maxi 21lt minuta) &#8211; Johnson F3B-19 bron\u010dana pumpa s nitrilnim impelerom opremljena je<\/p>\n","protected":false},"featured_media":5939032,"comment_status":"open","ping_status":"closed","template":"","meta":[],"product_brand":[3046],"product_cat":[1787],"product_tag":[],"class_list":{"0":"post-740474","1":"product","2":"type-product","3":"status-publish","4":"has-post-thumbnail","6":"product_brand-johnson-marine-hr","7":"product_cat-pumpe-za-naftu-i-gorivo","9":"first","10":"instock","11":"shipping-taxable","12":"purchasable","13":"product-type-simple"},"_links":{"self":[{"href":"https:\/\/stoic-curie.212-227-153-4.plesk.page\/hr\/wp-json\/wp\/v2\/product\/740474","targetHints":{"allow":["GET"]}}],"collection":[{"href":"https:\/\/stoic-curie.212-227-153-4.plesk.page\/hr\/wp-json\/wp\/v2\/product"}],"about":[{"href":"https:\/\/stoic-curie.212-227-153-4.plesk.page\/hr\/wp-json\/wp\/v2\/types\/product"}],"replies":[{"embeddable":true,"href":"https:\/\/stoic-curie.212-227-153-4.plesk.page\/hr\/wp-json\/wp\/v2\/comments?post=740474"}],"version-history":[{"count":0,"href":"https:\/\/stoic-curie.212-227-153-4.plesk.page\/hr\/wp-json\/wp\/v2\/product\/740474\/revisions"}],"wp:featuredmedia":[{"embeddable":true,"href":"https:\/\/stoic-curie.212-227-153-4.plesk.page\/hr\/wp-json\/wp\/v2\/media\/5939032"}],"wp:attachment":[{"href":"https:\/\/stoic-curie.212-227-153-4.plesk.page\/hr\/wp-json\/wp\/v2\/media?parent=740474"}],"wp:term":[{"taxonomy":"product_brand","embeddable":true,"href":"https:\/\/stoic-curie.212-227-153-4.plesk.page\/hr\/wp-json\/wp\/v2\/product_brand?post=740474"},{"taxonomy":"product_cat","embeddable":true,"href":"https:\/\/stoic-curie.212-227-153-4.plesk.page\/hr\/wp-json\/wp\/v2\/product_cat?post=740474"},{"taxonomy":"product_tag","embeddable":true,"href":"https:\/\/stoic-curie.212-227-153-4.plesk.page\/hr\/wp-json\/wp\/v2\/product_tag?post=740474"}],"curies":[{"name":"wp","href":"https:\/\/api.w.org\/{rel}","templated":true}]}}