{"id":740476,"date":"2025-03-03T18:08:31","date_gmt":"2025-03-03T17:08:31","guid":{"rendered":"https:\/\/stoic-curie.212-227-153-4.plesk.page\/producto\/pumpa-za-izmjenu-ulja-marco-up9-12v\/"},"modified":"2026-02-25T00:00:45","modified_gmt":"2026-02-25T00:00:45","slug":"pumpa-za-izmjenu-ulja-marco-up9-12v","status":"publish","type":"product","link":"https:\/\/stoic-curie.212-227-153-4.plesk.page\/hr\/product\/pumpa-za-izmjenu-ulja-marco-up9-12v\/","title":{"rendered":"Pumpa za izmjenu ulja Marco UP9 12v"},"content":{"rendered":"<p>Pumpa za izmjenu ulja Marco UP9 12v &#8211; <\/p>\n<p>Bron\u010dana zup\u010dasta pumpa za va\u0111enje i ispu\u0161tanje ulja iz kartera motora. 1826214 sa 2 komada cijev-na-crijevo 3\/8&#8243; x 13 mm + spojnice za crijeva 6 i 8 mm. 1826228\/29 sa 2 komada cijev-na-crijevo 1\/2&#8243; x 14 mm + spojnice za crijeva 6 i 8 mm.<\/p>\n","protected":false},"excerpt":{"rendered":"<p>Pumpa za izmjenu ulja Marco UP9 12v &#8211; Bron\u010dana zup\u010dasta pumpa za va\u0111enje i ispu\u0161tanje ulja iz kartera motora. 1826214<\/p>\n","protected":false},"featured_media":5939034,"comment_status":"open","ping_status":"closed","template":"","meta":[],"product_brand":[3096],"product_cat":[1787],"product_tag":[],"class_list":{"0":"post-740476","1":"product","2":"type-product","3":"status-publish","4":"has-post-thumbnail","6":"product_brand-marco-hr","7":"product_cat-pumpe-za-naftu-i-gorivo","9":"first","10":"instock","11":"shipping-taxable","12":"purchasable","13":"product-type-simple"},"_links":{"self":[{"href":"https:\/\/stoic-curie.212-227-153-4.plesk.page\/hr\/wp-json\/wp\/v2\/product\/740476","targetHints":{"allow":["GET"]}}],"collection":[{"href":"https:\/\/stoic-curie.212-227-153-4.plesk.page\/hr\/wp-json\/wp\/v2\/product"}],"about":[{"href":"https:\/\/stoic-curie.212-227-153-4.plesk.page\/hr\/wp-json\/wp\/v2\/types\/product"}],"replies":[{"embeddable":true,"href":"https:\/\/stoic-curie.212-227-153-4.plesk.page\/hr\/wp-json\/wp\/v2\/comments?post=740476"}],"version-history":[{"count":0,"href":"https:\/\/stoic-curie.212-227-153-4.plesk.page\/hr\/wp-json\/wp\/v2\/product\/740476\/revisions"}],"wp:featuredmedia":[{"embeddable":true,"href":"https:\/\/stoic-curie.212-227-153-4.plesk.page\/hr\/wp-json\/wp\/v2\/media\/5939034"}],"wp:attachment":[{"href":"https:\/\/stoic-curie.212-227-153-4.plesk.page\/hr\/wp-json\/wp\/v2\/media?parent=740476"}],"wp:term":[{"taxonomy":"product_brand","embeddable":true,"href":"https:\/\/stoic-curie.212-227-153-4.plesk.page\/hr\/wp-json\/wp\/v2\/product_brand?post=740476"},{"taxonomy":"product_cat","embeddable":true,"href":"https:\/\/stoic-curie.212-227-153-4.plesk.page\/hr\/wp-json\/wp\/v2\/product_cat?post=740476"},{"taxonomy":"product_tag","embeddable":true,"href":"https:\/\/stoic-curie.212-227-153-4.plesk.page\/hr\/wp-json\/wp\/v2\/product_tag?post=740476"}],"curies":[{"name":"wp","href":"https:\/\/api.w.org\/{rel}","templated":true}]}}