{"id":740478,"date":"2025-03-03T18:08:31","date_gmt":"2025-03-03T17:08:31","guid":{"rendered":"https:\/\/stoic-curie.212-227-153-4.plesk.page\/producto\/pumpa-za-morsku-vodu-cem-cmg-52lt-min-12v\/"},"modified":"2026-02-25T00:00:45","modified_gmt":"2026-02-25T00:00:45","slug":"pumpa-za-morsku-vodu-cem-cmg-52lt-min-12v","status":"publish","type":"product","link":"https:\/\/stoic-curie.212-227-153-4.plesk.page\/hr\/product\/pumpa-za-morsku-vodu-cem-cmg-52lt-min-12v\/","title":{"rendered":"Pumpa za morsku vodu CEM CMG 52lt \/ min 12V"},"content":{"rendered":"<p>Pumpa za morsku vodu CEM CMG 52lt \/ min 12V &#8211; <\/p>\n<p style=\"color: rgb(34, 34, 34); font-family: Arial, Helvetica, sans-serif; font-size: small;\">Predstavljamo na\u0161u pumpu za samopravljanje s bron\u010danom glavom i impelerom, dizajniranu s motorom na trajne magnete za visokokapacitetsku u\u010dinkovitost. Ova pumpa je idealna za razne primjene, uklju\u010duju\u0107i pumpanje morske vode, \u010di\u0161\u0107enje brodskih bunara i prijenos dizela. Na\u0161e centrifugalne pumpe za samopravljanje imaju bron\u010danu glavu i impeler, \u0161to omogu\u0107uje u\u010dinkovito preno\u0161enje teku\u0107ina \u010dak i s malim \u010dvrstim \u010desticama suspendiranim u fluidu.<\/p>\n<p style=\"color: rgb(34, 34, 34); font-family: Arial, Helvetica, sans-serif; font-size: small;\">Ove pumpe se \u0161iroko koriste u pomorskoj industriji za zadatke kao \u0161to su pra\u017enjenje bunara, upravljanje opremom za ga\u0161enje po\u017eara, upravljanje balastom, pranje paluba i lanaca, te podr\u0161ku sustavima za klimatizaciju. Njihov jedinstveni dizajn impelera omogu\u0107uje im da upravljaju zna\u010dajnim protokom i pritiscima, zadr\u017eavaju\u0107i funkciju samopravljanja. Dodatno, slu\u017ee kao izvrsne hitne pumpe, posebno u aplikacijama koje koriste dizel.<\/p>\n<p style=\"color: rgb(34, 34, 34); font-family: Arial, Helvetica, sans-serif; font-size: small;\">Osnovana 1970. godine, C.E.M. Elettromeccanica S.r.l. je postala vode\u0107i proizvo\u0111a\u010d elektri\u010dnih pumpi i DC motora, prvenstveno za pomorski sektor. Tijekom proteklih 48 godina neprekidno smo \u0161irili na\u0161u ponudu proizvoda kako bismo zadovoljili potrebe doma\u0107ih i me\u0111unarodnih tr\u017ei\u0161ta. Na\u0161a posve\u0107enost kvaliteti i inovacijama omogu\u0107ila nam je da rastemo i prilagodimo se, osiguravaju\u0107i da pru\u017eimo najbolja rje\u0161enja na\u0161im kupcima.<\/p>\n","protected":false},"excerpt":{"rendered":"<p>Pumpa za morsku vodu CEM CMG 52lt \/ min 12V &#8211; Predstavljamo na\u0161u pumpu za samopravljanje s bron\u010danom glavom i<\/p>\n","protected":false},"featured_media":5939035,"comment_status":"open","ping_status":"closed","template":"","meta":[],"product_brand":[2976],"product_cat":[1671,1659,1787],"product_tag":[],"class_list":{"0":"post-740478","1":"product","2":"type-product","3":"status-publish","4":"has-post-thumbnail","6":"product_brand-gianneschi-hr","7":"product_cat-cirkulacijske-crpke","8":"product_cat-elektricne-kaljuzne-pumpe","9":"product_cat-pumpe-za-naftu-i-gorivo","11":"first","12":"outofstock","13":"shipping-taxable","14":"purchasable","15":"product-type-simple"},"_links":{"self":[{"href":"https:\/\/stoic-curie.212-227-153-4.plesk.page\/hr\/wp-json\/wp\/v2\/product\/740478","targetHints":{"allow":["GET"]}}],"collection":[{"href":"https:\/\/stoic-curie.212-227-153-4.plesk.page\/hr\/wp-json\/wp\/v2\/product"}],"about":[{"href":"https:\/\/stoic-curie.212-227-153-4.plesk.page\/hr\/wp-json\/wp\/v2\/types\/product"}],"replies":[{"embeddable":true,"href":"https:\/\/stoic-curie.212-227-153-4.plesk.page\/hr\/wp-json\/wp\/v2\/comments?post=740478"}],"version-history":[{"count":0,"href":"https:\/\/stoic-curie.212-227-153-4.plesk.page\/hr\/wp-json\/wp\/v2\/product\/740478\/revisions"}],"wp:featuredmedia":[{"embeddable":true,"href":"https:\/\/stoic-curie.212-227-153-4.plesk.page\/hr\/wp-json\/wp\/v2\/media\/5939035"}],"wp:attachment":[{"href":"https:\/\/stoic-curie.212-227-153-4.plesk.page\/hr\/wp-json\/wp\/v2\/media?parent=740478"}],"wp:term":[{"taxonomy":"product_brand","embeddable":true,"href":"https:\/\/stoic-curie.212-227-153-4.plesk.page\/hr\/wp-json\/wp\/v2\/product_brand?post=740478"},{"taxonomy":"product_cat","embeddable":true,"href":"https:\/\/stoic-curie.212-227-153-4.plesk.page\/hr\/wp-json\/wp\/v2\/product_cat?post=740478"},{"taxonomy":"product_tag","embeddable":true,"href":"https:\/\/stoic-curie.212-227-153-4.plesk.page\/hr\/wp-json\/wp\/v2\/product_tag?post=740478"}],"curies":[{"name":"wp","href":"https:\/\/api.w.org\/{rel}","templated":true}]}}