{"id":740479,"date":"2025-03-03T18:08:32","date_gmt":"2025-03-03T17:08:32","guid":{"rendered":"https:\/\/stoic-curie.212-227-153-4.plesk.page\/producto\/pumpa-za-morsku-vodu-cem-cmg-52lt-min-24v\/"},"modified":"2026-02-25T00:00:45","modified_gmt":"2026-02-25T00:00:45","slug":"pumpa-za-morsku-vodu-cem-cmg-52lt-min-24v","status":"publish","type":"product","link":"https:\/\/stoic-curie.212-227-153-4.plesk.page\/hr\/product\/pumpa-za-morsku-vodu-cem-cmg-52lt-min-24v\/","title":{"rendered":"Pumpa za morsku vodu CEM CMG 52lt \/ min 24V"},"content":{"rendered":"<p>Pumpa za morsku vodu CEM CMG 52lt \/ min 24V &#8211; <\/p>\n<p>Sa zadovoljstvom predstavljamo na\u0161u samousisnu teku\u0107u ring pumpu, koja se odlikuje bron\u010danom glavom i impelerom, pokretanom motorom s trajnim magnetom za izvanredne performanse. Ova pumpa savr\u0161ena je za razne upotrebe, kao \u0161to su ispumpavanje morske vode, \u010di\u0161\u0107enje bunara i transfer dizelskog goriva. Na\u0161e samousisne centrifugalne pumpe opremljene su bron\u010danom glavom i impelerom, \u0161to omogu\u0107ava u\u010dinkovitu prenosi teku\u0107ine, \u010dak i kada su prisutne male krutine u teku\u0107ini.<\/p>\n<p>Ove pumpe se \u010desto koriste u pomorskoj industriji za aktivnosti poput pra\u017enjenja bunara, rada sustava za ga\u0161enje po\u017eara, upravljanja balastom, pranja paluba i lanaca, te podr\u0161ke klimatizacijskim ure\u0111ajima. Njihov inovativni dizajn impelera omogu\u0107ava upravljanje zna\u010dajnim protokom i pritiscima, uz zadr\u017eavanje samousisnih sposobnosti. \u0160tovi\u0161e, one su izvrsne kao hitne pumpe, posebno u aplikacijama na dizel pogon.<\/p>\n<p>Osnovana 1970. godine, C.E.M. Elettromeccanica S.r.l. postala je istaknuti proizvo\u0111a\u010d elektri\u010dnih pumpi i DC motora, s naglaskom na pomorsku industriju. Tijekom posljednjih 48 godina, kontinuirano smo pro\u0161irivali na\u0161u paletu proizvoda kako bismo zadovoljili zahtjeve doma\u0107ih i globalnih tr\u017ei\u0161ta. Na\u0161a posve\u0107enost kvaliteti i inovacijama omogu\u0107ila nam je evoluciju i pru\u017eanje optimalnih rje\u0161enja za na\u0161e klijente.<\/p>\n","protected":false},"excerpt":{"rendered":"<p>Pumpa za morsku vodu CEM CMG 52lt \/ min 24V &#8211; Sa zadovoljstvom predstavljamo na\u0161u samousisnu teku\u0107u ring pumpu, koja<\/p>\n","protected":false},"featured_media":5939035,"comment_status":"open","ping_status":"closed","template":"","meta":[],"product_brand":[2976],"product_cat":[1671,1659,1787],"product_tag":[],"class_list":{"0":"post-740479","1":"product","2":"type-product","3":"status-publish","4":"has-post-thumbnail","6":"product_brand-gianneschi-hr","7":"product_cat-cirkulacijske-crpke","8":"product_cat-elektricne-kaljuzne-pumpe","9":"product_cat-pumpe-za-naftu-i-gorivo","11":"first","12":"instock","13":"shipping-taxable","14":"purchasable","15":"product-type-simple"},"_links":{"self":[{"href":"https:\/\/stoic-curie.212-227-153-4.plesk.page\/hr\/wp-json\/wp\/v2\/product\/740479","targetHints":{"allow":["GET"]}}],"collection":[{"href":"https:\/\/stoic-curie.212-227-153-4.plesk.page\/hr\/wp-json\/wp\/v2\/product"}],"about":[{"href":"https:\/\/stoic-curie.212-227-153-4.plesk.page\/hr\/wp-json\/wp\/v2\/types\/product"}],"replies":[{"embeddable":true,"href":"https:\/\/stoic-curie.212-227-153-4.plesk.page\/hr\/wp-json\/wp\/v2\/comments?post=740479"}],"version-history":[{"count":0,"href":"https:\/\/stoic-curie.212-227-153-4.plesk.page\/hr\/wp-json\/wp\/v2\/product\/740479\/revisions"}],"wp:featuredmedia":[{"embeddable":true,"href":"https:\/\/stoic-curie.212-227-153-4.plesk.page\/hr\/wp-json\/wp\/v2\/media\/5939035"}],"wp:attachment":[{"href":"https:\/\/stoic-curie.212-227-153-4.plesk.page\/hr\/wp-json\/wp\/v2\/media?parent=740479"}],"wp:term":[{"taxonomy":"product_brand","embeddable":true,"href":"https:\/\/stoic-curie.212-227-153-4.plesk.page\/hr\/wp-json\/wp\/v2\/product_brand?post=740479"},{"taxonomy":"product_cat","embeddable":true,"href":"https:\/\/stoic-curie.212-227-153-4.plesk.page\/hr\/wp-json\/wp\/v2\/product_cat?post=740479"},{"taxonomy":"product_tag","embeddable":true,"href":"https:\/\/stoic-curie.212-227-153-4.plesk.page\/hr\/wp-json\/wp\/v2\/product_tag?post=740479"}],"curies":[{"name":"wp","href":"https:\/\/api.w.org\/{rel}","templated":true}]}}