{"id":740480,"date":"2025-03-03T18:08:32","date_gmt":"2025-03-03T17:08:32","guid":{"rendered":"https:\/\/stoic-curie.212-227-153-4.plesk.page\/producto\/centrifugalna-pumpa-cmg-75-24v\/"},"modified":"2026-02-25T00:00:45","modified_gmt":"2026-02-25T00:00:45","slug":"centrifugalna-pumpa-cmg-75-24v","status":"publish","type":"product","link":"https:\/\/stoic-curie.212-227-153-4.plesk.page\/hr\/product\/centrifugalna-pumpa-cmg-75-24v\/","title":{"rendered":"Centrifugalna pumpa CEM CMG 75 24v"},"content":{"rendered":"<p>Centrifugalna pumpa CEM CMG 75 24v &#8211; <\/p>\n<p>Predstavljamo centrifugalnu pumpu CEM CMG 75 24V, visoko u\u010dinkovitu samo-primanu pumpu s teku\u0107im prstenom dizajniranom za razne pomorske primjene. Ova izvanredna pumpa opremljena je izdr\u017eljivom bron\u010danom glavom i impelerom, \u0161to osigurava dugotrajnost i pouzdanost. Osim toga, sadr\u017ei sna\u017eni motor s trajnim magnetom koji pobolj\u0161ava njezinu u\u010dinkovitost. CEM CMG 75 idealna je za pumpanje morske vode, u\u010dinkovito \u010di\u0161\u0107enje dna \u010damca ili prijenos dizelskog goriva, \u0161to je \u010dini nezamjenjivim alatom za svakog ljubitelja \u010damaca ili profesionalca.<\/p>\n","protected":false},"excerpt":{"rendered":"<p>Centrifugalna pumpa CEM CMG 75 24v &#8211; Predstavljamo centrifugalnu pumpu CEM CMG 75 24V, visoko u\u010dinkovitu samo-primanu pumpu s teku\u0107im<\/p>\n","protected":false},"featured_media":5939035,"comment_status":"open","ping_status":"closed","template":"","meta":[],"product_brand":[2976],"product_cat":[1671],"product_tag":[],"class_list":{"0":"post-740480","1":"product","2":"type-product","3":"status-publish","4":"has-post-thumbnail","6":"product_brand-gianneschi-hr","7":"product_cat-cirkulacijske-crpke","9":"first","10":"instock","11":"shipping-taxable","12":"purchasable","13":"product-type-simple"},"_links":{"self":[{"href":"https:\/\/stoic-curie.212-227-153-4.plesk.page\/hr\/wp-json\/wp\/v2\/product\/740480","targetHints":{"allow":["GET"]}}],"collection":[{"href":"https:\/\/stoic-curie.212-227-153-4.plesk.page\/hr\/wp-json\/wp\/v2\/product"}],"about":[{"href":"https:\/\/stoic-curie.212-227-153-4.plesk.page\/hr\/wp-json\/wp\/v2\/types\/product"}],"replies":[{"embeddable":true,"href":"https:\/\/stoic-curie.212-227-153-4.plesk.page\/hr\/wp-json\/wp\/v2\/comments?post=740480"}],"version-history":[{"count":0,"href":"https:\/\/stoic-curie.212-227-153-4.plesk.page\/hr\/wp-json\/wp\/v2\/product\/740480\/revisions"}],"wp:featuredmedia":[{"embeddable":true,"href":"https:\/\/stoic-curie.212-227-153-4.plesk.page\/hr\/wp-json\/wp\/v2\/media\/5939035"}],"wp:attachment":[{"href":"https:\/\/stoic-curie.212-227-153-4.plesk.page\/hr\/wp-json\/wp\/v2\/media?parent=740480"}],"wp:term":[{"taxonomy":"product_brand","embeddable":true,"href":"https:\/\/stoic-curie.212-227-153-4.plesk.page\/hr\/wp-json\/wp\/v2\/product_brand?post=740480"},{"taxonomy":"product_cat","embeddable":true,"href":"https:\/\/stoic-curie.212-227-153-4.plesk.page\/hr\/wp-json\/wp\/v2\/product_cat?post=740480"},{"taxonomy":"product_tag","embeddable":true,"href":"https:\/\/stoic-curie.212-227-153-4.plesk.page\/hr\/wp-json\/wp\/v2\/product_tag?post=740480"}],"curies":[{"name":"wp","href":"https:\/\/api.w.org\/{rel}","templated":true}]}}