{"id":740481,"date":"2025-03-03T18:08:32","date_gmt":"2025-03-03T17:08:32","guid":{"rendered":"https:\/\/stoic-curie.212-227-153-4.plesk.page\/producto\/sustav-tlaka-vode-cem-centrifugalna-pumpa-35lt-minuta-24v\/"},"modified":"2026-02-25T00:00:45","modified_gmt":"2026-02-25T00:00:45","slug":"sustav-tlaka-vode-cem-centrifugalna-pumpa-35lt-minuta-24v","status":"publish","type":"product","link":"https:\/\/stoic-curie.212-227-153-4.plesk.page\/hr\/product\/sustav-tlaka-vode-cem-centrifugalna-pumpa-35lt-minuta-24v\/","title":{"rendered":"Centrifugalna pumpa CEM CMG PB 36 24V"},"content":{"rendered":"<p>Centrifugalna pumpa CEM CMG PB 36 24V &#8211; <\/p>\n<p>Centrifugalna pumpa CEM CMG PB 36 24V opremljena je visokokvalitetnim bron\u010danim impelerom koji se mo\u017ee pohvaliti jedinstvenim perifernim dizajnom, koji generira zna\u010dajan tlak. Ova impresivna zna\u010dajka \u010dini pumpu idealnim izborom za u\u010dinkovito \u010di\u0161\u0107enje raznih povr\u0161ina, uklju\u010duju\u0107i palube, lance i dno broda. Bilo da radite u slatkoj ili slanoj vodi, ova pumpa je dizajnirana za izvanrednu izvedbu i pouzdanost, osiguravaju\u0107i da se va\u0161i zadaci \u010di\u0161\u0107enja zavr\u0161avaju u\u010dinkovito i temeljito.&nbsp;<\/p>\n","protected":false},"excerpt":{"rendered":"<p>Centrifugalna pumpa CEM CMG PB 36 24V &#8211; Centrifugalna pumpa CEM CMG PB 36 24V opremljena je visokokvalitetnim bron\u010danim impelerom<\/p>\n","protected":false},"featured_media":5939036,"comment_status":"open","ping_status":"closed","template":"","meta":[],"product_brand":[2976],"product_cat":[1660],"product_tag":[],"class_list":{"0":"post-740481","1":"product","2":"type-product","3":"status-publish","4":"has-post-thumbnail","6":"product_brand-gianneschi-hr","7":"product_cat-pumpe-za-tlak-vode","9":"first","10":"instock","11":"shipping-taxable","12":"purchasable","13":"product-type-simple"},"_links":{"self":[{"href":"https:\/\/stoic-curie.212-227-153-4.plesk.page\/hr\/wp-json\/wp\/v2\/product\/740481","targetHints":{"allow":["GET"]}}],"collection":[{"href":"https:\/\/stoic-curie.212-227-153-4.plesk.page\/hr\/wp-json\/wp\/v2\/product"}],"about":[{"href":"https:\/\/stoic-curie.212-227-153-4.plesk.page\/hr\/wp-json\/wp\/v2\/types\/product"}],"replies":[{"embeddable":true,"href":"https:\/\/stoic-curie.212-227-153-4.plesk.page\/hr\/wp-json\/wp\/v2\/comments?post=740481"}],"version-history":[{"count":0,"href":"https:\/\/stoic-curie.212-227-153-4.plesk.page\/hr\/wp-json\/wp\/v2\/product\/740481\/revisions"}],"wp:featuredmedia":[{"embeddable":true,"href":"https:\/\/stoic-curie.212-227-153-4.plesk.page\/hr\/wp-json\/wp\/v2\/media\/5939036"}],"wp:attachment":[{"href":"https:\/\/stoic-curie.212-227-153-4.plesk.page\/hr\/wp-json\/wp\/v2\/media?parent=740481"}],"wp:term":[{"taxonomy":"product_brand","embeddable":true,"href":"https:\/\/stoic-curie.212-227-153-4.plesk.page\/hr\/wp-json\/wp\/v2\/product_brand?post=740481"},{"taxonomy":"product_cat","embeddable":true,"href":"https:\/\/stoic-curie.212-227-153-4.plesk.page\/hr\/wp-json\/wp\/v2\/product_cat?post=740481"},{"taxonomy":"product_tag","embeddable":true,"href":"https:\/\/stoic-curie.212-227-153-4.plesk.page\/hr\/wp-json\/wp\/v2\/product_tag?post=740481"}],"curies":[{"name":"wp","href":"https:\/\/api.w.org\/{rel}","templated":true}]}}