{"id":740482,"date":"2025-03-03T18:08:32","date_gmt":"2025-03-03T17:08:32","guid":{"rendered":"https:\/\/stoic-curie.212-227-153-4.plesk.page\/producto\/centrifugalna-pumpa-cem-inox-12v-50lt-minuti\/"},"modified":"2026-02-25T00:00:45","modified_gmt":"2026-02-25T00:00:45","slug":"centrifugalna-pumpa-cem-inox-12v-50lt-minuti","status":"publish","type":"product","link":"https:\/\/stoic-curie.212-227-153-4.plesk.page\/hr\/product\/centrifugalna-pumpa-cem-inox-12v-50lt-minuti\/","title":{"rendered":"Centrifugalna pumpa CEM CMG J-INOX 50 12V"},"content":{"rendered":"<p>Centrifugalna pumpa CEM CMG J-INOX 50 12V &#8211; <\/p>\n<p><span style=\"color: rgb(34, 34, 34); font-family: Arial, Helvetica, sans-serif; font-size: small;\">Ova visokou\u010dinkovita centrifugalna pumpa, izra\u0111ena od izdr\u017eljive nehr\u0111aju\u0107e \u010delika, ima robusni Noryl impeler koji osigurava u\u010dinkovit rad. Posebno je dizajnirana za u\u010dinkovito isporu\u010divanje pritisnute vode raznim ure\u0111ajima na brodu, uklju\u010duju\u0107i jedinice za klimatizaciju, sustave za ga\u0161enje po\u017eara i primjene \u010di\u0161\u0107enja palube. Prilago\u0111ena morskom okru\u017eenju, ova pumpa je napravljena da izdr\u017ei izazove morskih uvjeta, dok istovremeno pru\u017ea pouzdanu izvedbu. Impresivno, ima sposobnost podizanja vode do visina od 35 metara, \u0161to je \u010dini bitnim sastavnim dijelom za svaki brod koji zahtijeva pouzdana rje\u0161enja za upravljanje vodom.<\/span><\/p>\n","protected":false},"excerpt":{"rendered":"<p>Centrifugalna pumpa CEM CMG J-INOX 50 12V &#8211; Ova visokou\u010dinkovita centrifugalna pumpa, izra\u0111ena od izdr\u017eljive nehr\u0111aju\u0107e \u010delika, ima robusni Noryl<\/p>\n","protected":false},"featured_media":5939037,"comment_status":"open","ping_status":"closed","template":"","meta":[],"product_brand":[2976],"product_cat":[1671],"product_tag":[],"class_list":{"0":"post-740482","1":"product","2":"type-product","3":"status-publish","4":"has-post-thumbnail","6":"product_brand-gianneschi-hr","7":"product_cat-cirkulacijske-crpke","9":"first","10":"instock","11":"shipping-taxable","12":"purchasable","13":"product-type-simple"},"_links":{"self":[{"href":"https:\/\/stoic-curie.212-227-153-4.plesk.page\/hr\/wp-json\/wp\/v2\/product\/740482","targetHints":{"allow":["GET"]}}],"collection":[{"href":"https:\/\/stoic-curie.212-227-153-4.plesk.page\/hr\/wp-json\/wp\/v2\/product"}],"about":[{"href":"https:\/\/stoic-curie.212-227-153-4.plesk.page\/hr\/wp-json\/wp\/v2\/types\/product"}],"replies":[{"embeddable":true,"href":"https:\/\/stoic-curie.212-227-153-4.plesk.page\/hr\/wp-json\/wp\/v2\/comments?post=740482"}],"version-history":[{"count":0,"href":"https:\/\/stoic-curie.212-227-153-4.plesk.page\/hr\/wp-json\/wp\/v2\/product\/740482\/revisions"}],"wp:featuredmedia":[{"embeddable":true,"href":"https:\/\/stoic-curie.212-227-153-4.plesk.page\/hr\/wp-json\/wp\/v2\/media\/5939037"}],"wp:attachment":[{"href":"https:\/\/stoic-curie.212-227-153-4.plesk.page\/hr\/wp-json\/wp\/v2\/media?parent=740482"}],"wp:term":[{"taxonomy":"product_brand","embeddable":true,"href":"https:\/\/stoic-curie.212-227-153-4.plesk.page\/hr\/wp-json\/wp\/v2\/product_brand?post=740482"},{"taxonomy":"product_cat","embeddable":true,"href":"https:\/\/stoic-curie.212-227-153-4.plesk.page\/hr\/wp-json\/wp\/v2\/product_cat?post=740482"},{"taxonomy":"product_tag","embeddable":true,"href":"https:\/\/stoic-curie.212-227-153-4.plesk.page\/hr\/wp-json\/wp\/v2\/product_tag?post=740482"}],"curies":[{"name":"wp","href":"https:\/\/api.w.org\/{rel}","templated":true}]}}