{"id":740483,"date":"2025-03-03T18:08:33","date_gmt":"2025-03-03T17:08:33","guid":{"rendered":"https:\/\/stoic-curie.212-227-153-4.plesk.page\/producto\/centrifugalna-pumpa-cem-inox-24v-50lt-minuti\/"},"modified":"2026-02-25T00:00:45","modified_gmt":"2026-02-25T00:00:45","slug":"centrifugalna-pumpa-cem-inox-24v-50lt-minuti","status":"publish","type":"product","link":"https:\/\/stoic-curie.212-227-153-4.plesk.page\/hr\/product\/centrifugalna-pumpa-cem-inox-24v-50lt-minuti\/","title":{"rendered":"Centrifugalna Pumpa CEM CMG J-INOX 50 24V"},"content":{"rendered":"<p>Centrifugalna Pumpa CEM CMG J-INOX 50 24V &#8211; <\/p>\n<p style=\"color: rgb(34, 34, 34); font-family: Arial, Helvetica, sans-serif; font-size: small;\">Ova visoko u\u010dinkovita centrifugalna pumpa, izra\u0111ena od izdr\u017eljive i otpornije nehr\u0111aju\u0107e \u010delika, dizajnirana je da zadovolji stroge zahtjeve pomorskog okru\u017eenja. Opremljena je robusnim Noryl impelerom koji osigurava optimalne performanse, omogu\u0107uju\u0107i nesmetano djelovanje \u010dak i pod izazovnim uvjetima. Ova pumpa je posebno projektirana za u\u010dinkovito isporu\u010divanje tlak vode raznim bitnim sustavima na brodu, uklju\u010duju\u0107i klimatizacijske jedinice, sustave za ga\u0161enje po\u017eara i \u010di\u0161\u0107enje paluba, \u0161to je \u010dini nezamjenjivom komponentom za svaki brod.<\/p>\n<p style=\"color: rgb(34, 34, 34); font-family: Arial, Helvetica, sans-serif; font-size: small;\">Izra\u0111ena s pomorskim aplikacijama na umu, ova pumpa je izdr\u017eljivija i otporna na zahtjeve morskih uvjeta, osiguravaju\u0107i dosljednu pouzdanost i performanse tijekom vremena. Njen dizajn uzima u obzir jedinstvene izazove s kojima se suo\u010dava pomorska oprema, poput izlo\u017eenosti slanoj vodi i varijabilnim temperaturama. Ono \u0161to je posebno zanimljivo, ova pumpa ima mogu\u0107nost podizanja vode na impresivne visine do 35 metara, \u0161to je klju\u010dno za plovila koja zahtijevaju pouzdana rje\u0161enja za upravljanje vodom. Bilo da upravljate sustavima na brodu ili osiguravate po\u0161tivanje sigurnosnih protokola, ova centrifugalna pumpa isti\u010de se kao vitalna imovina, pru\u017eaju\u0107i mir i u\u010dinkovitost za sve va\u0161e potrebe isporuke vode na otvorenom moru.<\/p>\n","protected":false},"excerpt":{"rendered":"<p>Centrifugalna Pumpa CEM CMG J-INOX 50 24V &#8211; Ova visoko u\u010dinkovita centrifugalna pumpa, izra\u0111ena od izdr\u017eljive i otpornije nehr\u0111aju\u0107e \u010delika,<\/p>\n","protected":false},"featured_media":5939037,"comment_status":"open","ping_status":"closed","template":"","meta":[],"product_brand":[2976],"product_cat":[1671],"product_tag":[],"class_list":{"0":"post-740483","1":"product","2":"type-product","3":"status-publish","4":"has-post-thumbnail","6":"product_brand-gianneschi-hr","7":"product_cat-cirkulacijske-crpke","9":"first","10":"instock","11":"shipping-taxable","12":"purchasable","13":"product-type-simple"},"_links":{"self":[{"href":"https:\/\/stoic-curie.212-227-153-4.plesk.page\/hr\/wp-json\/wp\/v2\/product\/740483","targetHints":{"allow":["GET"]}}],"collection":[{"href":"https:\/\/stoic-curie.212-227-153-4.plesk.page\/hr\/wp-json\/wp\/v2\/product"}],"about":[{"href":"https:\/\/stoic-curie.212-227-153-4.plesk.page\/hr\/wp-json\/wp\/v2\/types\/product"}],"replies":[{"embeddable":true,"href":"https:\/\/stoic-curie.212-227-153-4.plesk.page\/hr\/wp-json\/wp\/v2\/comments?post=740483"}],"version-history":[{"count":0,"href":"https:\/\/stoic-curie.212-227-153-4.plesk.page\/hr\/wp-json\/wp\/v2\/product\/740483\/revisions"}],"wp:featuredmedia":[{"embeddable":true,"href":"https:\/\/stoic-curie.212-227-153-4.plesk.page\/hr\/wp-json\/wp\/v2\/media\/5939037"}],"wp:attachment":[{"href":"https:\/\/stoic-curie.212-227-153-4.plesk.page\/hr\/wp-json\/wp\/v2\/media?parent=740483"}],"wp:term":[{"taxonomy":"product_brand","embeddable":true,"href":"https:\/\/stoic-curie.212-227-153-4.plesk.page\/hr\/wp-json\/wp\/v2\/product_brand?post=740483"},{"taxonomy":"product_cat","embeddable":true,"href":"https:\/\/stoic-curie.212-227-153-4.plesk.page\/hr\/wp-json\/wp\/v2\/product_cat?post=740483"},{"taxonomy":"product_tag","embeddable":true,"href":"https:\/\/stoic-curie.212-227-153-4.plesk.page\/hr\/wp-json\/wp\/v2\/product_tag?post=740483"}],"curies":[{"name":"wp","href":"https:\/\/api.w.org\/{rel}","templated":true}]}}