{"id":740484,"date":"2025-03-03T18:08:33","date_gmt":"2025-03-03T17:08:33","guid":{"rendered":"https:\/\/stoic-curie.212-227-153-4.plesk.page\/producto\/centrifugalna-pumpa-od-nehrdajuceg-celika-cem-90-l-m-24v\/"},"modified":"2026-02-25T00:00:45","modified_gmt":"2026-02-25T00:00:45","slug":"centrifugalna-pumpa-od-nehrdajuceg-celika-cem-90-l-m-24v","status":"publish","type":"product","link":"https:\/\/stoic-curie.212-227-153-4.plesk.page\/hr\/product\/centrifugalna-pumpa-od-nehrdajuceg-celika-cem-90-l-m-24v\/","title":{"rendered":"Centrifugalna pumpa od nehr\u0111aju\u0107eg \u010delika CEM 90 l \/ m-24v"},"content":{"rendered":"<p>Centrifugalna pumpa od nehr\u0111aju\u0107eg \u010delika CEM 90 l \/ m-24v &#8211; <\/p>\n<p style=\"color: rgb(34, 34, 34); font-family: Arial, Helvetica, sans-serif; font-size: small;\"><strong>Centifugalna Pumpa od Nehr\u0111aju\u0107eg \u010delika CEM MG INOX<\/strong><\/p>\n<p style=\"color: rgb(34, 34, 34); font-family: Arial, Helvetica, sans-serif; font-size: small;\">Ova pumpa u\u010dinkovito isporu\u010duje pritisnu vodu za ure\u0111aje na brodu ili klima ure\u0111aje i dizajnirana je isklju\u010divo za kori\u0161tenje s slatkom vodom.<\/p>\n<p style=\"color: rgb(34, 34, 34); font-family: Arial, Helvetica, sans-serif; font-size: small;\"><strong>Opis i upotreba<\/strong><\/p>\n<p style=\"color: rgb(34, 34, 34); font-family: Arial, Helvetica, sans-serif; font-size: small;\">CEM MG INOX je samousisna elektri\u010dna centrifugalna pumpa tipa mlaz, koja ima zatvorenu impeler koja osigurava visoku usisnu mo\u0107. \u0160iroko se koristi za opskrbu pritisne vode raznim ure\u0111ajima na brodu, uklju\u010duju\u0107i tu\u0161eve, kuhinje, umivaonike i toalete, kao i za klima ure\u0111aje, ga\u0161enje po\u017eara te pranje palube i lanaca. Automatsko djelovanje mo\u017ee se posti\u0107i povezivanjem pumpe s malim ili srednje velikim tlakopresovima. Serije J-mini, J-INOX i MG-INOX su posebno dizajnirane za slatku vodu, dok serija JBR mo\u017ee primati i slatku i morsku vodu.<\/p>\n<p style=\"color: rgb(34, 34, 34); font-family: Arial, Helvetica, sans-serif; font-size: small;\"><strong>Karakteristike konstrukcije<\/strong><\/p>\n<p style=\"color: rgb(34, 34, 34); font-family: Arial, Helvetica, sans-serif; font-size: small;\"><strong>J-mini \/ J-INOX \/ MG-INOX Serija:<\/strong><\/p>\n<ul style=\"color: rgb(34, 34, 34); font-family: Arial, Helvetica, sans-serif; font-size: small;\">\n<li><strong>Tijelo pumpe:<\/strong>\u00a0AISI 304 Nehr\u0111aju\u0107i \u010delik<\/li>\n<li><strong>Osovina:<\/strong>\u00a0AISI 316 (izravna struja) \/ AISI 420 (izmjeni\u010dna struja)<\/li>\n<li><strong>Difuzor i Venturi cijev:<\/strong>\u00a0NORYL (tehnopolimer)<\/li>\n<li><strong>Impeler(i):<\/strong>\u00a0NORYL (tehnopolimer)<\/li>\n<li><strong>Mekan\u010dka brtva:<\/strong>\u00a0Keramika \u2013 Grafit \u2013 NBR (specijalna formulacija otporna na koroziju)<\/li>\n<\/ul>\n<p style=\"color: rgb(34, 34, 34); font-family: Arial, Helvetica, sans-serif; font-size: small;\"><strong>JBR Serija:<\/strong><\/p>\n<ul style=\"color: rgb(34, 34, 34); font-family: Arial, Helvetica, sans-serif; font-size: small;\">\n<li><strong>Tijelo pumpe:<\/strong>\u00a0Bronca<\/li>\n<li><strong>Podr\u0161ka motora:<\/strong>\u00a0Bronca<\/li>\n<li><strong>Osovina:<\/strong>\u00a0AISI 316 Nehr\u0111aju\u0107i \u010delik<\/li>\n<li><strong>Difuzor i Venturi cijev:<\/strong>\u00a0Polikarbonat<\/li>\n<li><strong>Impeler:<\/strong>\u00a0Specijalna legura mjedi<\/li>\n<li><strong>Mekan\u010dka brtva:<\/strong>\u00a0Keramika \u2013 Grafit \u2013 NBR (specijalna formulacija otporna na koroziju)<\/li>\n<\/ul>\n<p style=\"color: rgb(34, 34, 34); font-family: Arial, Helvetica, sans-serif; font-size: small;\"><strong>Specifikacije motora<\/strong><\/p>\n<p style=\"color: rgb(34, 34, 34); font-family: Arial, Helvetica, sans-serif; font-size: small;\"><strong>Izravna struja:<\/strong><\/p>\n<ul style=\"color: rgb(34, 34, 34); font-family: Arial, Helvetica, sans-serif; font-size: small;\">\n<li>Akupljeno polje i trajni magnet, elektri\u010dni motor, 12\/24V<\/li>\n<li>Za\u0161tita: IP23<\/li>\n<li>Izolacijska klasa: F<\/li>\n<li>Kontinuirani rad: S1<\/li>\n<\/ul>\n<p style=\"color: rgb(34, 34, 34); font-family: Arial, Helvetica, sans-serif; font-size: small;\"><strong>Izmjeni\u010dna struja:<\/strong><\/p>\n<ul style=\"color: rgb(34, 34, 34); font-family: Arial, Helvetica, sans-serif; font-size: small;\">\n<li>Indukcijski elektri\u010dni motor, 230V jednofazni (M) \/ 230-400V trofazni (T), 50Hz<\/li>\n<li>Za\u0161tita: IP44-54<\/li>\n<li>Izolacijska klasa: F<\/li>\n<li>Kontinuirani rad: S1<\/li>\n<\/ul>\n<p style=\"color: rgb(34, 34, 34); font-family: Arial, Helvetica, sans-serif; font-size: small;\"><strong>Radni opseg<\/strong><\/p>\n<ul style=\"color: rgb(34, 34, 34); font-family: Arial, Helvetica, sans-serif; font-size: small;\">\n<li>Prikladno za teku\u0107ine bez \u010dvrstih ne\u010disto\u0107a<\/li>\n<li>Raspon temperature teku\u0107ine: +0 do +50 \u00b0C (do 70 \u00b0C za seriju JBR)<\/li>\n<li>Maksimalna dubina usisavanja: 9 m<\/li>\n<li>Maksimalni stati\u010dki tlak unutar tijela pumpe: 6 bar<\/li>\n<\/ul>\n<p style=\"color: rgb(34, 34, 34); font-family: Arial, Helvetica, sans-serif; font-size: small;\">Ovaj sveobuhvatan pregled pumpe CEM MG INOX isti\u010de njezinu robusnu konstrukciju i svestrane primjene, osiguravaju\u0107i da vlasnici brodova mogu ra\u010dunati na nju za svoje potrebe opskrbe vodom.<\/p>\n","protected":false},"excerpt":{"rendered":"<p>Centrifugalna pumpa od nehr\u0111aju\u0107eg \u010delika CEM 90 l \/ m-24v &#8211; Centifugalna Pumpa od Nehr\u0111aju\u0107eg \u010delika CEM MG INOX Ova<\/p>\n","protected":false},"featured_media":5939037,"comment_status":"open","ping_status":"closed","template":"","meta":[],"product_brand":[2976],"product_cat":[1671],"product_tag":[],"class_list":{"0":"post-740484","1":"product","2":"type-product","3":"status-publish","4":"has-post-thumbnail","6":"product_brand-gianneschi-hr","7":"product_cat-cirkulacijske-crpke","9":"first","10":"instock","11":"shipping-taxable","12":"purchasable","13":"product-type-simple"},"_links":{"self":[{"href":"https:\/\/stoic-curie.212-227-153-4.plesk.page\/hr\/wp-json\/wp\/v2\/product\/740484","targetHints":{"allow":["GET"]}}],"collection":[{"href":"https:\/\/stoic-curie.212-227-153-4.plesk.page\/hr\/wp-json\/wp\/v2\/product"}],"about":[{"href":"https:\/\/stoic-curie.212-227-153-4.plesk.page\/hr\/wp-json\/wp\/v2\/types\/product"}],"replies":[{"embeddable":true,"href":"https:\/\/stoic-curie.212-227-153-4.plesk.page\/hr\/wp-json\/wp\/v2\/comments?post=740484"}],"version-history":[{"count":0,"href":"https:\/\/stoic-curie.212-227-153-4.plesk.page\/hr\/wp-json\/wp\/v2\/product\/740484\/revisions"}],"wp:featuredmedia":[{"embeddable":true,"href":"https:\/\/stoic-curie.212-227-153-4.plesk.page\/hr\/wp-json\/wp\/v2\/media\/5939037"}],"wp:attachment":[{"href":"https:\/\/stoic-curie.212-227-153-4.plesk.page\/hr\/wp-json\/wp\/v2\/media?parent=740484"}],"wp:term":[{"taxonomy":"product_brand","embeddable":true,"href":"https:\/\/stoic-curie.212-227-153-4.plesk.page\/hr\/wp-json\/wp\/v2\/product_brand?post=740484"},{"taxonomy":"product_cat","embeddable":true,"href":"https:\/\/stoic-curie.212-227-153-4.plesk.page\/hr\/wp-json\/wp\/v2\/product_cat?post=740484"},{"taxonomy":"product_tag","embeddable":true,"href":"https:\/\/stoic-curie.212-227-153-4.plesk.page\/hr\/wp-json\/wp\/v2\/product_tag?post=740484"}],"curies":[{"name":"wp","href":"https:\/\/api.w.org\/{rel}","templated":true}]}}