{"id":740485,"date":"2025-03-03T18:08:33","date_gmt":"2025-03-03T17:08:33","guid":{"rendered":"https:\/\/stoic-curie.212-227-153-4.plesk.page\/producto\/pumpa-visokog-tlaka-vode-marco-up3-e-15lt-min-12-24-v\/"},"modified":"2026-02-25T00:00:45","modified_gmt":"2026-02-25T00:00:45","slug":"pumpa-visokog-tlaka-vode-marco-up3-e-15lt-min-12-24-v","status":"publish","type":"product","link":"https:\/\/stoic-curie.212-227-153-4.plesk.page\/hr\/product\/pumpa-visokog-tlaka-vode-marco-up3-e-15lt-min-12-24-v\/","title":{"rendered":"Pumpa visokog tlaka vode Marco UP3 \/ e 15lt \/ min 12-24 V"},"content":{"rendered":"<p>Pumpa visokog tlaka vode Marco UP3 \/ e 15lt \/ min 12-24 V &#8211; <\/p>\n<p>Marco elektroni\u010dki kontrolirani pumpe za slatku vodu s nepovratnim ventilom. Elektroni\u010dka kontrola jam\u010di: optimizaciju potro\u0161nje struje, konstantnu kontrolu pritiska bez potrebe za akumulatorskom posudom, automatsko isklju\u010divanje u slu\u010daju nedostatka teku\u0107ine i smanjeno tro\u0161enje komponenata koje pove\u0107ava vijek trajanja sustava. Prikladno za slatku i slanu vodu. Univerzalno napajanje 12\/24V.<\/p>\n","protected":false},"excerpt":{"rendered":"<p>Pumpa visokog tlaka vode Marco UP3 \/ e 15lt \/ min 12-24 V &#8211; Marco elektroni\u010dki kontrolirani pumpe za slatku<\/p>\n","protected":false},"featured_media":5939038,"comment_status":"open","ping_status":"closed","template":"","meta":[],"product_brand":[3096],"product_cat":[1660],"product_tag":[],"class_list":{"0":"post-740485","1":"product","2":"type-product","3":"status-publish","4":"has-post-thumbnail","6":"product_brand-marco-hr","7":"product_cat-pumpe-za-tlak-vode","9":"first","10":"instock","11":"shipping-taxable","12":"purchasable","13":"product-type-simple"},"_links":{"self":[{"href":"https:\/\/stoic-curie.212-227-153-4.plesk.page\/hr\/wp-json\/wp\/v2\/product\/740485","targetHints":{"allow":["GET"]}}],"collection":[{"href":"https:\/\/stoic-curie.212-227-153-4.plesk.page\/hr\/wp-json\/wp\/v2\/product"}],"about":[{"href":"https:\/\/stoic-curie.212-227-153-4.plesk.page\/hr\/wp-json\/wp\/v2\/types\/product"}],"replies":[{"embeddable":true,"href":"https:\/\/stoic-curie.212-227-153-4.plesk.page\/hr\/wp-json\/wp\/v2\/comments?post=740485"}],"version-history":[{"count":0,"href":"https:\/\/stoic-curie.212-227-153-4.plesk.page\/hr\/wp-json\/wp\/v2\/product\/740485\/revisions"}],"wp:featuredmedia":[{"embeddable":true,"href":"https:\/\/stoic-curie.212-227-153-4.plesk.page\/hr\/wp-json\/wp\/v2\/media\/5939038"}],"wp:attachment":[{"href":"https:\/\/stoic-curie.212-227-153-4.plesk.page\/hr\/wp-json\/wp\/v2\/media?parent=740485"}],"wp:term":[{"taxonomy":"product_brand","embeddable":true,"href":"https:\/\/stoic-curie.212-227-153-4.plesk.page\/hr\/wp-json\/wp\/v2\/product_brand?post=740485"},{"taxonomy":"product_cat","embeddable":true,"href":"https:\/\/stoic-curie.212-227-153-4.plesk.page\/hr\/wp-json\/wp\/v2\/product_cat?post=740485"},{"taxonomy":"product_tag","embeddable":true,"href":"https:\/\/stoic-curie.212-227-153-4.plesk.page\/hr\/wp-json\/wp\/v2\/product_tag?post=740485"}],"curies":[{"name":"wp","href":"https:\/\/api.w.org\/{rel}","templated":true}]}}