{"id":740486,"date":"2025-03-03T18:08:34","date_gmt":"2025-03-03T17:08:34","guid":{"rendered":"https:\/\/stoic-curie.212-227-153-4.plesk.page\/producto\/tlacni-prekidac-40psi-za-jabsco-par-max\/"},"modified":"2026-02-25T00:00:45","modified_gmt":"2026-02-25T00:00:45","slug":"tlacni-prekidac-40psi-za-jabsco-par-max","status":"publish","type":"product","link":"https:\/\/stoic-curie.212-227-153-4.plesk.page\/hr\/product\/tlacni-prekidac-40psi-za-jabsco-par-max\/","title":{"rendered":"Tla\u010dni prekida\u010d 40psi za Jabsco Par-max"},"content":{"rendered":"<p>Tla\u010dni prekida\u010d 40psi za Jabsco Par-max &#8211; <\/p>\n<p>Jabsco Par-Max HD pumpa za pritisak slatke vode za umivaonike i tu\u0161eve, pogodna za 2 do 4 priklju\u010dka. Sama se usisava do 2 metra, s motorom sa trajnim magnetom i sustavom zaobi\u0111anja koji jam\u010di stalan protok i ti\u0161i rad. U kompletu s filtrom i klik-priklju\u010dcima.<\/p>\n","protected":false},"excerpt":{"rendered":"<p>Tla\u010dni prekida\u010d 40psi za Jabsco Par-max &#8211; Jabsco Par-Max HD pumpa za pritisak slatke vode za umivaonike i tu\u0161eve, pogodna<\/p>\n","protected":false},"featured_media":5939039,"comment_status":"open","ping_status":"closed","template":"","meta":[],"product_brand":[3031],"product_cat":[1660],"product_tag":[],"class_list":{"0":"post-740486","1":"product","2":"type-product","3":"status-publish","4":"has-post-thumbnail","6":"product_brand-jabsco-marine-hr","7":"product_cat-pumpe-za-tlak-vode","9":"first","10":"instock","11":"shipping-taxable","12":"purchasable","13":"product-type-simple"},"_links":{"self":[{"href":"https:\/\/stoic-curie.212-227-153-4.plesk.page\/hr\/wp-json\/wp\/v2\/product\/740486","targetHints":{"allow":["GET"]}}],"collection":[{"href":"https:\/\/stoic-curie.212-227-153-4.plesk.page\/hr\/wp-json\/wp\/v2\/product"}],"about":[{"href":"https:\/\/stoic-curie.212-227-153-4.plesk.page\/hr\/wp-json\/wp\/v2\/types\/product"}],"replies":[{"embeddable":true,"href":"https:\/\/stoic-curie.212-227-153-4.plesk.page\/hr\/wp-json\/wp\/v2\/comments?post=740486"}],"version-history":[{"count":0,"href":"https:\/\/stoic-curie.212-227-153-4.plesk.page\/hr\/wp-json\/wp\/v2\/product\/740486\/revisions"}],"wp:featuredmedia":[{"embeddable":true,"href":"https:\/\/stoic-curie.212-227-153-4.plesk.page\/hr\/wp-json\/wp\/v2\/media\/5939039"}],"wp:attachment":[{"href":"https:\/\/stoic-curie.212-227-153-4.plesk.page\/hr\/wp-json\/wp\/v2\/media?parent=740486"}],"wp:term":[{"taxonomy":"product_brand","embeddable":true,"href":"https:\/\/stoic-curie.212-227-153-4.plesk.page\/hr\/wp-json\/wp\/v2\/product_brand?post=740486"},{"taxonomy":"product_cat","embeddable":true,"href":"https:\/\/stoic-curie.212-227-153-4.plesk.page\/hr\/wp-json\/wp\/v2\/product_cat?post=740486"},{"taxonomy":"product_tag","embeddable":true,"href":"https:\/\/stoic-curie.212-227-153-4.plesk.page\/hr\/wp-json\/wp\/v2\/product_tag?post=740486"}],"curies":[{"name":"wp","href":"https:\/\/api.w.org\/{rel}","templated":true}]}}