{"id":740490,"date":"2025-03-03T18:08:36","date_gmt":"2025-03-03T17:08:36","guid":{"rendered":"https:\/\/stoic-curie.212-227-153-4.plesk.page\/producto\/pumpa-visokog-tlaka-vode-colflo-maxi-17-17-litara-u-minuti-12-v\/"},"modified":"2026-02-25T00:00:45","modified_gmt":"2026-02-25T00:00:45","slug":"pumpa-visokog-tlaka-vode-colflo-maxi-17-17-litara-u-minuti-12-v","status":"publish","type":"product","link":"https:\/\/stoic-curie.212-227-153-4.plesk.page\/hr\/product\/pumpa-visokog-tlaka-vode-colflo-maxi-17-17-litara-u-minuti-12-v\/","title":{"rendered":"Pumpa visokog tlaka vode Colflo Maxi-17 (17 litara u minuti) 12 V"},"content":{"rendered":"<p>Pumpa visokog tlaka vode Colflo Maxi-17 (17 litara u minuti) 12 V &#8211; <\/p>\n<p>Samouvla\u010dne ColFlo crpke za slatku vodu s membranom do 2,4 metra za umivaonike i tu\u0161eve, za 2 do 4 uti\u010dnice. Potpuno s filtrima, 3\/4&#8243; navojnim spojnicama i 14 mm spojnicama cijevi na crijevo (Midi) (20 mm Maxi).<\/p>\n","protected":false},"excerpt":{"rendered":"<p>Pumpa visokog tlaka vode Colflo Maxi-17 (17 litara u minuti) 12 V &#8211; Samouvla\u010dne ColFlo crpke za slatku vodu s<\/p>\n","protected":false},"featured_media":5939043,"comment_status":"open","ping_status":"closed","template":"","meta":[],"product_brand":[3326],"product_cat":[1660],"product_tag":[],"class_list":{"0":"post-740490","1":"product","2":"type-product","3":"status-publish","4":"has-post-thumbnail","6":"product_brand-rule-hr","7":"product_cat-pumpe-za-tlak-vode","9":"first","10":"instock","11":"shipping-taxable","12":"purchasable","13":"product-type-simple"},"_links":{"self":[{"href":"https:\/\/stoic-curie.212-227-153-4.plesk.page\/hr\/wp-json\/wp\/v2\/product\/740490","targetHints":{"allow":["GET"]}}],"collection":[{"href":"https:\/\/stoic-curie.212-227-153-4.plesk.page\/hr\/wp-json\/wp\/v2\/product"}],"about":[{"href":"https:\/\/stoic-curie.212-227-153-4.plesk.page\/hr\/wp-json\/wp\/v2\/types\/product"}],"replies":[{"embeddable":true,"href":"https:\/\/stoic-curie.212-227-153-4.plesk.page\/hr\/wp-json\/wp\/v2\/comments?post=740490"}],"version-history":[{"count":0,"href":"https:\/\/stoic-curie.212-227-153-4.plesk.page\/hr\/wp-json\/wp\/v2\/product\/740490\/revisions"}],"wp:featuredmedia":[{"embeddable":true,"href":"https:\/\/stoic-curie.212-227-153-4.plesk.page\/hr\/wp-json\/wp\/v2\/media\/5939043"}],"wp:attachment":[{"href":"https:\/\/stoic-curie.212-227-153-4.plesk.page\/hr\/wp-json\/wp\/v2\/media?parent=740490"}],"wp:term":[{"taxonomy":"product_brand","embeddable":true,"href":"https:\/\/stoic-curie.212-227-153-4.plesk.page\/hr\/wp-json\/wp\/v2\/product_brand?post=740490"},{"taxonomy":"product_cat","embeddable":true,"href":"https:\/\/stoic-curie.212-227-153-4.plesk.page\/hr\/wp-json\/wp\/v2\/product_cat?post=740490"},{"taxonomy":"product_tag","embeddable":true,"href":"https:\/\/stoic-curie.212-227-153-4.plesk.page\/hr\/wp-json\/wp\/v2\/product_tag?post=740490"}],"curies":[{"name":"wp","href":"https:\/\/api.w.org\/{rel}","templated":true}]}}