{"id":740491,"date":"2025-03-03T18:08:36","date_gmt":"2025-03-03T17:08:36","guid":{"rendered":"https:\/\/stoic-curie.212-227-153-4.plesk.page\/producto\/pumpa-visokog-tlaka-vode-colflo-maxi-17-17-litara-u-minuti-24-v\/"},"modified":"2026-02-25T00:00:45","modified_gmt":"2026-02-25T00:00:45","slug":"pumpa-visokog-tlaka-vode-colflo-maxi-17-17-litara-u-minuti-24-v","status":"publish","type":"product","link":"https:\/\/stoic-curie.212-227-153-4.plesk.page\/hr\/product\/pumpa-visokog-tlaka-vode-colflo-maxi-17-17-litara-u-minuti-24-v\/","title":{"rendered":"Pumpa visokog tlaka vode Colflo Maxi-17 (17 litara u minuti) 24 V"},"content":{"rendered":"<p>Pumpa visokog tlaka vode Colflo Maxi-17 (17 litara u minuti) 24 V &#8211; <\/p>\n<p>Samoprisvaju\u0107e ColFlo pumpe za slatkovodnu vodu s dijafragmom do 2,4 metra za sudopere i tu\u0161eve, za 2 do 4 izvora. U kompletu sa sekundarnim filterom, navojnim priklju\u010dcima 3\/4&#8243; i klik-priklju\u010dcima 14 mm od cijevi do crijeva (Midi) (20 mm Maxi).<\/p>\n","protected":false},"excerpt":{"rendered":"<p>Pumpa visokog tlaka vode Colflo Maxi-17 (17 litara u minuti) 24 V &#8211; Samoprisvaju\u0107e ColFlo pumpe za slatkovodnu vodu s<\/p>\n","protected":false},"featured_media":5939043,"comment_status":"open","ping_status":"closed","template":"","meta":[],"product_brand":[3326],"product_cat":[1660],"product_tag":[],"class_list":{"0":"post-740491","1":"product","2":"type-product","3":"status-publish","4":"has-post-thumbnail","6":"product_brand-rule-hr","7":"product_cat-pumpe-za-tlak-vode","9":"first","10":"instock","11":"shipping-taxable","12":"purchasable","13":"product-type-simple"},"_links":{"self":[{"href":"https:\/\/stoic-curie.212-227-153-4.plesk.page\/hr\/wp-json\/wp\/v2\/product\/740491","targetHints":{"allow":["GET"]}}],"collection":[{"href":"https:\/\/stoic-curie.212-227-153-4.plesk.page\/hr\/wp-json\/wp\/v2\/product"}],"about":[{"href":"https:\/\/stoic-curie.212-227-153-4.plesk.page\/hr\/wp-json\/wp\/v2\/types\/product"}],"replies":[{"embeddable":true,"href":"https:\/\/stoic-curie.212-227-153-4.plesk.page\/hr\/wp-json\/wp\/v2\/comments?post=740491"}],"version-history":[{"count":0,"href":"https:\/\/stoic-curie.212-227-153-4.plesk.page\/hr\/wp-json\/wp\/v2\/product\/740491\/revisions"}],"wp:featuredmedia":[{"embeddable":true,"href":"https:\/\/stoic-curie.212-227-153-4.plesk.page\/hr\/wp-json\/wp\/v2\/media\/5939043"}],"wp:attachment":[{"href":"https:\/\/stoic-curie.212-227-153-4.plesk.page\/hr\/wp-json\/wp\/v2\/media?parent=740491"}],"wp:term":[{"taxonomy":"product_brand","embeddable":true,"href":"https:\/\/stoic-curie.212-227-153-4.plesk.page\/hr\/wp-json\/wp\/v2\/product_brand?post=740491"},{"taxonomy":"product_cat","embeddable":true,"href":"https:\/\/stoic-curie.212-227-153-4.plesk.page\/hr\/wp-json\/wp\/v2\/product_cat?post=740491"},{"taxonomy":"product_tag","embeddable":true,"href":"https:\/\/stoic-curie.212-227-153-4.plesk.page\/hr\/wp-json\/wp\/v2\/product_tag?post=740491"}],"curies":[{"name":"wp","href":"https:\/\/api.w.org\/{rel}","templated":true}]}}