{"id":740500,"date":"2025-03-03T18:08:40","date_gmt":"2025-03-03T17:08:40","guid":{"rendered":"https:\/\/stoic-curie.212-227-153-4.plesk.page\/producto\/pumpa-visokog-tlaka-vode-johnson-aqua-jet-flow-master-jet-5-0-12v\/"},"modified":"2026-02-25T00:00:45","modified_gmt":"2026-02-25T00:00:45","slug":"pumpa-visokog-tlaka-vode-johnson-aqua-jet-flow-master-jet-5-0-12v","status":"publish","type":"product","link":"https:\/\/stoic-curie.212-227-153-4.plesk.page\/hr\/product\/pumpa-visokog-tlaka-vode-johnson-aqua-jet-flow-master-jet-5-0-12v\/","title":{"rendered":"Pumpa visokog tlaka vode Johnson aqua jet flow master jet 5.0 12v"},"content":{"rendered":"<p>Pumpa visokog tlaka vode Johnson aqua jet flow master jet 5.0 12v &#8211; <\/p>\n<p>Johnson Aqua Jet Flow Master slatkovodne pumpe tlaka za umivaonike i tu\u0161eve namijenjene su za 2 do 4 potro\u0161nje. Opremljene su elektroni\u010dkom kontrolom varijabilnog protoka koja osigurava konstantan tlak vode \u010dak i bez akumulatorskog rezervoara. Tihe i pouzdane, jam\u010de godine usluge.<\/p>\n","protected":false},"excerpt":{"rendered":"<p>Pumpa visokog tlaka vode Johnson aqua jet flow master jet 5.0 12v &#8211; Johnson Aqua Jet Flow Master slatkovodne pumpe<\/p>\n","protected":false},"featured_media":5939062,"comment_status":"open","ping_status":"closed","template":"","meta":[],"product_brand":[3046],"product_cat":[1660],"product_tag":[],"class_list":{"0":"post-740500","1":"product","2":"type-product","3":"status-publish","4":"has-post-thumbnail","6":"product_brand-johnson-marine-hr","7":"product_cat-pumpe-za-tlak-vode","9":"first","10":"instock","11":"shipping-taxable","12":"purchasable","13":"product-type-simple"},"_links":{"self":[{"href":"https:\/\/stoic-curie.212-227-153-4.plesk.page\/hr\/wp-json\/wp\/v2\/product\/740500","targetHints":{"allow":["GET"]}}],"collection":[{"href":"https:\/\/stoic-curie.212-227-153-4.plesk.page\/hr\/wp-json\/wp\/v2\/product"}],"about":[{"href":"https:\/\/stoic-curie.212-227-153-4.plesk.page\/hr\/wp-json\/wp\/v2\/types\/product"}],"replies":[{"embeddable":true,"href":"https:\/\/stoic-curie.212-227-153-4.plesk.page\/hr\/wp-json\/wp\/v2\/comments?post=740500"}],"version-history":[{"count":0,"href":"https:\/\/stoic-curie.212-227-153-4.plesk.page\/hr\/wp-json\/wp\/v2\/product\/740500\/revisions"}],"wp:featuredmedia":[{"embeddable":true,"href":"https:\/\/stoic-curie.212-227-153-4.plesk.page\/hr\/wp-json\/wp\/v2\/media\/5939062"}],"wp:attachment":[{"href":"https:\/\/stoic-curie.212-227-153-4.plesk.page\/hr\/wp-json\/wp\/v2\/media?parent=740500"}],"wp:term":[{"taxonomy":"product_brand","embeddable":true,"href":"https:\/\/stoic-curie.212-227-153-4.plesk.page\/hr\/wp-json\/wp\/v2\/product_brand?post=740500"},{"taxonomy":"product_cat","embeddable":true,"href":"https:\/\/stoic-curie.212-227-153-4.plesk.page\/hr\/wp-json\/wp\/v2\/product_cat?post=740500"},{"taxonomy":"product_tag","embeddable":true,"href":"https:\/\/stoic-curie.212-227-153-4.plesk.page\/hr\/wp-json\/wp\/v2\/product_tag?post=740500"}],"curies":[{"name":"wp","href":"https:\/\/api.w.org\/{rel}","templated":true}]}}