{"id":740502,"date":"2025-03-03T18:08:41","date_gmt":"2025-03-03T17:08:41","guid":{"rendered":"https:\/\/stoic-curie.212-227-153-4.plesk.page\/producto\/brodski-tlacni-sustav-vode-aqua-jet-uno-wps-52-12v\/"},"modified":"2026-02-25T00:00:45","modified_gmt":"2026-02-25T00:00:45","slug":"brodski-tlacni-sustav-vode-aqua-jet-uno-wps-52-12v","status":"publish","type":"product","link":"https:\/\/stoic-curie.212-227-153-4.plesk.page\/hr\/product\/brodski-tlacni-sustav-vode-aqua-jet-uno-wps-52-12v\/","title":{"rendered":"Sistem pritiska vode Johnson Aqua Jet Uno WPS 5.2 &#8211; 12V"},"content":{"rendered":"<p>Sistem pritiska vode Johnson Aqua Jet Uno WPS 5.2 &#8211; 12V &#8211; <\/p>\n<p>Johnson Aqua Jet Uno sustav pritiska slatke vode posebno je izra\u0111en za sudopere i tu\u0161eve na \u010damcima koji mjere izme\u0111u 10 i 16 metara, podr\u017eavaju\u0107i 2 do 4 izlaze vode.<\/p>\n<p>Ovaj sustav je dizajniran da radi tiho i pouzdano, pru\u017eaju\u0107i godine pouzdane usluge. Uklju\u010duje ure\u0111aj srednje potra\u017enje s jednim Aqua Jet WPS-om, koji mo\u017ee isporu\u010diti 11 ili 13 litara u minuti. Pumpa je prakti\u010dno montirana na drvenu plo\u010du, \u0161to olak\u0161ava ugradnju. Paket dolazi s PUMProtector filtrima za ulaz i prethodno tlakovanom akumulator nastavkom kapaciteta 2 litre. Johnsonov sustav pritiska vode od 5,2 GPM ima 3\/4 in\u010dni barb za ulaz i izlaz, s maksimalnim pritiskom od 40 PSI i maksimalnom visinom usisavanja od 2,5 metra.<\/p>\n<p>Aqua Jet UNO pumpa radi kao sustav pumpe s pozitivnim pomakom s pet komora, u\u010dinkovito djeluju\u0107i u zatvorenim sustavima kao \u0161to su oni u \u010damcima ili rekreacijskim vozilima. Stvara potrebni tlak za pouzdano opskrbu vodom pod tlakom.<\/p>\n<p><strong>Klju\u010dne zna\u010dajke:<\/strong><\/p>\n<ul>\n<li>Tih rad<\/li>\n<li>Gladka opskrba vodom<\/li>\n<li>Samousisna svojstva<\/li>\n<li>Ugra\u0111eni prekida\u010di tlaka koji automatski aktiviraju pumpu kada se slavina otvori ili je deaktiviraju kada se zatvori<\/li>\n<li>Sigurno za suho djelovanje bez o\u0161te\u0107enja<\/li>\n<li>Niska potro\u0161nja energije<\/li>\n<li>Brzo odvojivi priklju\u010dci za jednostavno postavljanje<\/li>\n<\/ul>\n<p>Johnson Pump 10-13408-04 Aqua Jet UNO 5.2 sustav pritiska vode pouzdana je i u\u010dinkovita opcija za odr\u017eavanje tlaka vode na \u010damcima ili malim plovilima. Pona\u0161a se robusnim plasti\u010dnim tijelom pumpe i ku\u0107i\u0161tem ventila, veli\u010dinom priklju\u010dka od 1\/2 in\u010da i protokom od 5,1 GPM (19,4 L\/min). S tlakom od 25 PSI (1,7 bara) do 40 PSI (2,8 bara), jam\u010di dosljedne performanse. Sustav je opremljen Santoprene ventilima i membranom, 2-litrenim akumulatorom s unutarnjim mjehuri\u0107em, i motorom od 24V koji sadr\u017ei ugra\u0111enu za\u0161titu od pregrijavanja. Radi s maksimalnim radnim ciklusom od 20 minuta i osigurava 150 vata snage.<\/p>\n<p><strong>Specifikacije:<\/strong><\/p>\n<ul>\n<li><strong>Tijelo pumpe:<\/strong> Izra\u0111eno od polipropilena<\/li>\n<li><strong>Ku\u0107i\u0161te ventila:<\/strong> Izgra\u0111eno od polipropilena<\/li>\n<li><strong>Veli\u010dina priklju\u010dka:<\/strong> 1\/2 in\u010da crijevo (\u00f8 18 mm)<\/li>\n<li><strong>Protoci:<\/strong>\n<ul>\n<li>3,1 GPM (11,8 L\/min) za Aqua Jet UNO 3.5<\/li>\n<li>5,1 GPM (19,4 L\/min) za Aqua Jet UNO 5.2<\/li>\n<\/ul>\n<\/li>\n<li><strong>Tlak:<\/strong>\n<ul>\n<li>Uklju\u010divanje: 25 PSI (1,7 bara)<\/li>\n<li>Isklju\u010divanje: 40 PSI (2,8 bara)<\/li>\n<\/ul>\n<\/li>\n<li><strong>Ventili:<\/strong> Izra\u0111eni od Santoprenea<\/li>\n<li><strong>Membrana:<\/strong> Izra\u0111ena od Santoprenea<\/li>\n<li><strong>Akumulatorski spremnik:<\/strong> 2 litre s unutarnjim mjehuri\u0107em<\/li>\n<li><strong>Motor:<\/strong> 12 ili 24 VDC s ugra\u0111enom za\u0161titom od pregrijavanja. Radni ciklus: povremeno, maksimalno 20 minuta. Motor je za\u0161ti\u0107en od paljenja prema ISO 8846 (Mala plovila \u2013 Elektri\u010dni ure\u0111aji \u2013 Za\u0161tita od paljenja okolnih zapaljivih plinova). Snaga: 100 Vata za UNO 3.5, 150 Vata za UNO 5.2.<\/li>\n<\/ul>\n","protected":false},"excerpt":{"rendered":"<p>Sistem pritiska vode Johnson Aqua Jet Uno WPS 5.2 &#8211; 12V &#8211; Johnson Aqua Jet Uno sustav pritiska slatke vode<\/p>\n","protected":false},"featured_media":5939065,"comment_status":"open","ping_status":"closed","template":"","meta":[],"product_brand":[3046],"product_cat":[1660],"product_tag":[],"class_list":{"0":"post-740502","1":"product","2":"type-product","3":"status-publish","4":"has-post-thumbnail","6":"product_brand-johnson-marine-hr","7":"product_cat-pumpe-za-tlak-vode","9":"first","10":"instock","11":"shipping-taxable","12":"purchasable","13":"product-type-simple"},"_links":{"self":[{"href":"https:\/\/stoic-curie.212-227-153-4.plesk.page\/hr\/wp-json\/wp\/v2\/product\/740502","targetHints":{"allow":["GET"]}}],"collection":[{"href":"https:\/\/stoic-curie.212-227-153-4.plesk.page\/hr\/wp-json\/wp\/v2\/product"}],"about":[{"href":"https:\/\/stoic-curie.212-227-153-4.plesk.page\/hr\/wp-json\/wp\/v2\/types\/product"}],"replies":[{"embeddable":true,"href":"https:\/\/stoic-curie.212-227-153-4.plesk.page\/hr\/wp-json\/wp\/v2\/comments?post=740502"}],"version-history":[{"count":0,"href":"https:\/\/stoic-curie.212-227-153-4.plesk.page\/hr\/wp-json\/wp\/v2\/product\/740502\/revisions"}],"wp:featuredmedia":[{"embeddable":true,"href":"https:\/\/stoic-curie.212-227-153-4.plesk.page\/hr\/wp-json\/wp\/v2\/media\/5939065"}],"wp:attachment":[{"href":"https:\/\/stoic-curie.212-227-153-4.plesk.page\/hr\/wp-json\/wp\/v2\/media?parent=740502"}],"wp:term":[{"taxonomy":"product_brand","embeddable":true,"href":"https:\/\/stoic-curie.212-227-153-4.plesk.page\/hr\/wp-json\/wp\/v2\/product_brand?post=740502"},{"taxonomy":"product_cat","embeddable":true,"href":"https:\/\/stoic-curie.212-227-153-4.plesk.page\/hr\/wp-json\/wp\/v2\/product_cat?post=740502"},{"taxonomy":"product_tag","embeddable":true,"href":"https:\/\/stoic-curie.212-227-153-4.plesk.page\/hr\/wp-json\/wp\/v2\/product_tag?post=740502"}],"curies":[{"name":"wp","href":"https:\/\/api.w.org\/{rel}","templated":true}]}}