{"id":740503,"date":"2025-03-03T18:08:41","date_gmt":"2025-03-03T17:08:41","guid":{"rendered":"https:\/\/stoic-curie.212-227-153-4.plesk.page\/producto\/brodski-tlacni-sustav-vode-aqua-jet-uno-wps-52-24v\/"},"modified":"2026-02-25T00:00:45","modified_gmt":"2026-02-25T00:00:45","slug":"brodski-tlacni-sustav-vode-aqua-jet-uno-wps-52-24v","status":"publish","type":"product","link":"https:\/\/stoic-curie.212-227-153-4.plesk.page\/hr\/product\/brodski-tlacni-sustav-vode-aqua-jet-uno-wps-52-24v\/","title":{"rendered":"Sustav pritiska vode Johnson Aqua Jet Uno WPS 5.2 &#8211; 24V"},"content":{"rendered":"<p>Sustav pritiska vode Johnson Aqua Jet Uno WPS 5.2 &#8211; 24V &#8211; <\/p>\n<p style=\"color: rgb(34, 34, 34); font-family: Arial, Helvetica, sans-serif; font-size: small;\">Johnson Aqua Jet Uno sustav za slatku vodu je dizajniran za umivaonike i tu\u0161eve na \u010damcima du\u017eine od 10 do 16 metara koji podr\u017eavaju od 2 do 4 priklju\u010dka.<\/p>\n<p style=\"color: rgb(34, 34, 34); font-family: Arial, Helvetica, sans-serif; font-size: small;\">Ovaj sustav djeluje tiho i pouzdano, jam\u010de\u0107i godinama pouzdanu uslugu. Sadr\u017ei jedinicu srednje potra\u017enje s jednim Aqua Jet WPS koji ima kapacitet od 11 ili 13 litara u minuti. Pumpa je montirana na drvenu plo\u010du za jednostavnu i u\u010dinkovitu instalaciju. U paketu su uklju\u010deni PUMProtector uljni filtar i prednapunjen akumulatorski spremnik kapaciteta 2 litre. Johnson 5.2 GPM sustav pritiska vode ima veli\u010dinu ulazne i izlazne cijevi od 3\/4 in\u010da, s maksimalnim tlakom od 40 PSI i maksimalnim usisavanjem od 8.2 stopa.<\/p>\n<p style=\"color: rgb(34, 34, 34); font-family: Arial, Helvetica, sans-serif; font-size: small;\">Aqua Jet UNO pumpa je sustav pumpe s pozitivnim pomakom sa pet komora koji dobro radi u zatvorenim sustavima, poput onih na \u010damcima ili rekreacijskim vozilima. U\u010dinkovito stvara pritisak potreban za opskrbu vodom pod tlakom.<\/p>\n<p style=\"color: rgb(34, 34, 34); font-family: Arial, Helvetica, sans-serif; font-size: small;\"><strong>Klju\u010dne zna\u010dajke:<\/strong><\/p>\n<ul style=\"color: rgb(34, 34, 34); font-family: Arial, Helvetica, sans-serif; font-size: small;\">\n<li>Tih rad<\/li>\n<li>Glatan protok<\/li>\n<li>Samousisavanje<\/li>\n<li>Integrirani sklopke pritiska koji automatski uklju\u010duju i isklju\u010duju pumpu kada se slavina otvori ili zatvori<\/li>\n<li>Sigurnosni rad bez vode bez o\u0161te\u0107enja<\/li>\n<li>Niska potro\u0161nja energije<\/li>\n<li>Brzo odvojivi spojevi<\/li>\n<\/ul>\n<p style=\"color: rgb(34, 34, 34); font-family: Arial, Helvetica, sans-serif; font-size: small;\">Johnson Pump 10-13408-04 Aqua Jet UNO 5.2 sustav pritiska vode pouzdana je i u\u010dinkovita opcija za odr\u017eavanje pritiska vode na \u010damcima ili malim plovilima. Ima izdr\u017eljivo ku\u0107i\u0161te pumpe i ku\u0107i\u0161te ventila od polipropilena, veli\u010dinu priklju\u010dka od 1\/2 in\u010da i protok od 5,1 GPM (19,4 L\/min). S rasponom pritiska od 25 PSI (1,7 bara) do 40 PSI (2,8 bara), osigurava dosljedne performanse. Sustav uklju\u010duje Santoprene ventile i membranu, akumulator od 2 litre s unutarnjim mjehuri\u0107em, i motor od 24V s ugra\u0111enom termi\u010dkom za\u0161titom. Radi s maksimalnim radnim ciklusom od 20 minuta i isporu\u010duje 150 W snage.<\/p>\n<p style=\"color: rgb(34, 34, 34); font-family: Arial, Helvetica, sans-serif; font-size: small;\"><strong>Specifikacije:<\/strong><\/p>\n<ul style=\"color: rgb(34, 34, 34); font-family: Arial, Helvetica, sans-serif; font-size: small;\">\n<li><strong>Ku\u0107i\u0161te pumpe:<\/strong>\u00a0Polipropilen<\/li>\n<li><strong>Ku\u0107i\u0161te ventila:<\/strong>\u00a0Polipropilen<\/li>\n<li><strong>Veli\u010dina priklju\u010dka:<\/strong>\u00a01\/2 in\u010da cijevi (\u00f8 18 mm)<\/li>\n<li><strong>Protok:<\/strong>\n<ul>\n<li>3,1 GPM (11,8 L\/min) za Aqua Jet UNO 3.5<\/li>\n<li>5,1 GPM (19,4 L\/min) za Aqua Jet UNO 5.2<\/li>\n<\/ul>\n<\/li>\n<li><strong>Pritisak:<\/strong>\n<ul>\n<li>Cut-In: 25 PSI (1,7 bara)<\/li>\n<li>Cut-Out: 40 PSI (2,8 bara)<\/li>\n<\/ul>\n<\/li>\n<li><strong>Ventili:<\/strong>\u00a0Santoprene<\/li>\n<li><strong>Membra:<\/strong>\u00a0Santoprene<\/li>\n<li><strong>Akumulator:<\/strong>\u00a02 litre s unutarnjim mjehuri\u0107em<\/li>\n<li><strong>Motor:<\/strong>\u00a012 ili 24 VDC s integriranom termalnom za\u0161titom. Radni ciklus: Prekidni, maksimalno 20 minuta. Motor je za\u0161ti\u0107en od paljenja prema ISO 8846 (Mali \u010damci \u2013 Elektri\u010dni ure\u0111aji \u2013 Za\u0161tita od paljenja okolnih zapaljivih plinova). Snaga: 100 W za UNO 3.5, 150 W za UNO 5.2.<\/li>\n<\/ul>\n","protected":false},"excerpt":{"rendered":"<p>Sustav pritiska vode Johnson Aqua Jet Uno WPS 5.2 &#8211; 24V &#8211; Johnson Aqua Jet Uno sustav za slatku vodu<\/p>\n","protected":false},"featured_media":5939065,"comment_status":"open","ping_status":"closed","template":"","meta":[],"product_brand":[3046],"product_cat":[1660],"product_tag":[],"class_list":{"0":"post-740503","1":"product","2":"type-product","3":"status-publish","4":"has-post-thumbnail","6":"product_brand-johnson-marine-hr","7":"product_cat-pumpe-za-tlak-vode","9":"first","10":"instock","11":"shipping-taxable","12":"purchasable","13":"product-type-simple"},"_links":{"self":[{"href":"https:\/\/stoic-curie.212-227-153-4.plesk.page\/hr\/wp-json\/wp\/v2\/product\/740503","targetHints":{"allow":["GET"]}}],"collection":[{"href":"https:\/\/stoic-curie.212-227-153-4.plesk.page\/hr\/wp-json\/wp\/v2\/product"}],"about":[{"href":"https:\/\/stoic-curie.212-227-153-4.plesk.page\/hr\/wp-json\/wp\/v2\/types\/product"}],"replies":[{"embeddable":true,"href":"https:\/\/stoic-curie.212-227-153-4.plesk.page\/hr\/wp-json\/wp\/v2\/comments?post=740503"}],"version-history":[{"count":0,"href":"https:\/\/stoic-curie.212-227-153-4.plesk.page\/hr\/wp-json\/wp\/v2\/product\/740503\/revisions"}],"wp:featuredmedia":[{"embeddable":true,"href":"https:\/\/stoic-curie.212-227-153-4.plesk.page\/hr\/wp-json\/wp\/v2\/media\/5939065"}],"wp:attachment":[{"href":"https:\/\/stoic-curie.212-227-153-4.plesk.page\/hr\/wp-json\/wp\/v2\/media?parent=740503"}],"wp:term":[{"taxonomy":"product_brand","embeddable":true,"href":"https:\/\/stoic-curie.212-227-153-4.plesk.page\/hr\/wp-json\/wp\/v2\/product_brand?post=740503"},{"taxonomy":"product_cat","embeddable":true,"href":"https:\/\/stoic-curie.212-227-153-4.plesk.page\/hr\/wp-json\/wp\/v2\/product_cat?post=740503"},{"taxonomy":"product_tag","embeddable":true,"href":"https:\/\/stoic-curie.212-227-153-4.plesk.page\/hr\/wp-json\/wp\/v2\/product_tag?post=740503"}],"curies":[{"name":"wp","href":"https:\/\/api.w.org\/{rel}","templated":true}]}}