{"id":740506,"date":"2025-03-03T18:08:42","date_gmt":"2025-03-03T17:08:42","guid":{"rendered":"https:\/\/stoic-curie.212-227-153-4.plesk.page\/producto\/rezervni-tlacni-prekidac-za-aqua-jet-3-5\/"},"modified":"2026-02-25T00:00:45","modified_gmt":"2026-02-25T00:00:45","slug":"rezervni-tlacni-prekidac-za-aqua-jet-3-5","status":"publish","type":"product","link":"https:\/\/stoic-curie.212-227-153-4.plesk.page\/hr\/product\/rezervni-tlacni-prekidac-za-aqua-jet-3-5\/","title":{"rendered":"Rezervni tla\u010dni prekida\u010d za Aqua Jet 3.5"},"content":{"rendered":"<p>Rezervni tla\u010dni prekida\u010d za Aqua Jet 3.5 &#8211; <\/p>\n<p>Johnson Aqua Jet pumpa za slatku vodu za sudopere i tu\u0161eve, za 2 do 4 priklju\u010dka. Tihe i pouzdane, osiguravaju dugotrajnu uslugu.<\/p>\n","protected":false},"excerpt":{"rendered":"<p>Rezervni tla\u010dni prekida\u010d za Aqua Jet 3.5 &#8211; Johnson Aqua Jet pumpa za slatku vodu za sudopere i tu\u0161eve, za<\/p>\n","protected":false},"featured_media":5939067,"comment_status":"open","ping_status":"closed","template":"","meta":[],"product_brand":[2206,3046],"product_cat":[1660],"product_tag":[],"class_list":{"0":"post-740506","1":"product","2":"type-product","3":"status-publish","4":"has-post-thumbnail","6":"product_brand-johnson-marine","7":"product_brand-johnson-marine-hr","8":"product_cat-pumpe-za-tlak-vode","10":"first","11":"instock","12":"shipping-taxable","13":"purchasable","14":"product-type-simple"},"_links":{"self":[{"href":"https:\/\/stoic-curie.212-227-153-4.plesk.page\/hr\/wp-json\/wp\/v2\/product\/740506","targetHints":{"allow":["GET"]}}],"collection":[{"href":"https:\/\/stoic-curie.212-227-153-4.plesk.page\/hr\/wp-json\/wp\/v2\/product"}],"about":[{"href":"https:\/\/stoic-curie.212-227-153-4.plesk.page\/hr\/wp-json\/wp\/v2\/types\/product"}],"replies":[{"embeddable":true,"href":"https:\/\/stoic-curie.212-227-153-4.plesk.page\/hr\/wp-json\/wp\/v2\/comments?post=740506"}],"version-history":[{"count":0,"href":"https:\/\/stoic-curie.212-227-153-4.plesk.page\/hr\/wp-json\/wp\/v2\/product\/740506\/revisions"}],"wp:featuredmedia":[{"embeddable":true,"href":"https:\/\/stoic-curie.212-227-153-4.plesk.page\/hr\/wp-json\/wp\/v2\/media\/5939067"}],"wp:attachment":[{"href":"https:\/\/stoic-curie.212-227-153-4.plesk.page\/hr\/wp-json\/wp\/v2\/media?parent=740506"}],"wp:term":[{"taxonomy":"product_brand","embeddable":true,"href":"https:\/\/stoic-curie.212-227-153-4.plesk.page\/hr\/wp-json\/wp\/v2\/product_brand?post=740506"},{"taxonomy":"product_cat","embeddable":true,"href":"https:\/\/stoic-curie.212-227-153-4.plesk.page\/hr\/wp-json\/wp\/v2\/product_cat?post=740506"},{"taxonomy":"product_tag","embeddable":true,"href":"https:\/\/stoic-curie.212-227-153-4.plesk.page\/hr\/wp-json\/wp\/v2\/product_tag?post=740506"}],"curies":[{"name":"wp","href":"https:\/\/api.w.org\/{rel}","templated":true}]}}