{"id":740509,"date":"2025-03-03T18:08:43","date_gmt":"2025-03-03T17:08:43","guid":{"rendered":"https:\/\/stoic-curie.212-227-153-4.plesk.page\/producto\/brodski-tlacni-sustav-pitke-vode-cem-pb2x-12v-35lt-minuta\/"},"modified":"2026-02-25T00:00:45","modified_gmt":"2026-02-25T00:00:45","slug":"brodski-tlacni-sustav-pitke-vode-cem-pb2x-12v-35lt-minuta","status":"publish","type":"product","link":"https:\/\/stoic-curie.212-227-153-4.plesk.page\/hr\/product\/brodski-tlacni-sustav-pitke-vode-cem-pb2x-12v-35lt-minuta\/","title":{"rendered":"Brodski tla\u010dni sustav pitke vode CEM PB2X 12v 35lt \/ minuta"},"content":{"rendered":"<p>Brodski tla\u010dni sustav pitke vode CEM PB2X 12v 35lt \/ minuta &#8211; <\/p>\n<p>Sa zadovoljstvom vam predstavljamo sustav pritiska slatke vode za \u010damce, izvanredno rje\u0161enje posebno dizajnirano za \u010damce duljine od 10 do 20 metara. Ovaj inovativni sustav opremljen je robusnim i izdr\u017eljivim spremnikom za akumulaciju od nehr\u0111aju\u0107eg \u010delika, \u0161to osigurava dugovje\u010dnost i pouzdanost tijekom va\u0161ih pustolovina na vodi. Dimenzije spremnika pa\u017eljivo su osmi\u0161ljene, s du\u017einom od 295 mm, \u0161irinom od 205 mm i visinom od 260 mm, \u0161to ga \u010dini kompaktnim, ali u\u010dinkovitom dodatkom va\u0161em plovilu. Radi pod pritiskom od 4 bara, osiguravaju\u0107i konzistentan protok vode, i ima kapacitet od 2 litre, \u0161to vam omogu\u0107uje dovoljno slatke vode za va\u0161e potrebe. Ovaj sustav izvrsan je izbor za pobolj\u0161anje va\u0161eg iskustva na vodi.<\/p>\n","protected":false},"excerpt":{"rendered":"<p>Brodski tla\u010dni sustav pitke vode CEM PB2X 12v 35lt \/ minuta &#8211; Sa zadovoljstvom vam predstavljamo sustav pritiska slatke vode<\/p>\n","protected":false},"featured_media":5939073,"comment_status":"open","ping_status":"closed","template":"","meta":[],"product_brand":[2976],"product_cat":[1660],"product_tag":[],"class_list":{"0":"post-740509","1":"product","2":"type-product","3":"status-publish","4":"has-post-thumbnail","6":"product_brand-gianneschi-hr","7":"product_cat-pumpe-za-tlak-vode","9":"first","10":"instock","11":"shipping-taxable","12":"purchasable","13":"product-type-simple"},"_links":{"self":[{"href":"https:\/\/stoic-curie.212-227-153-4.plesk.page\/hr\/wp-json\/wp\/v2\/product\/740509","targetHints":{"allow":["GET"]}}],"collection":[{"href":"https:\/\/stoic-curie.212-227-153-4.plesk.page\/hr\/wp-json\/wp\/v2\/product"}],"about":[{"href":"https:\/\/stoic-curie.212-227-153-4.plesk.page\/hr\/wp-json\/wp\/v2\/types\/product"}],"replies":[{"embeddable":true,"href":"https:\/\/stoic-curie.212-227-153-4.plesk.page\/hr\/wp-json\/wp\/v2\/comments?post=740509"}],"version-history":[{"count":0,"href":"https:\/\/stoic-curie.212-227-153-4.plesk.page\/hr\/wp-json\/wp\/v2\/product\/740509\/revisions"}],"wp:featuredmedia":[{"embeddable":true,"href":"https:\/\/stoic-curie.212-227-153-4.plesk.page\/hr\/wp-json\/wp\/v2\/media\/5939073"}],"wp:attachment":[{"href":"https:\/\/stoic-curie.212-227-153-4.plesk.page\/hr\/wp-json\/wp\/v2\/media?parent=740509"}],"wp:term":[{"taxonomy":"product_brand","embeddable":true,"href":"https:\/\/stoic-curie.212-227-153-4.plesk.page\/hr\/wp-json\/wp\/v2\/product_brand?post=740509"},{"taxonomy":"product_cat","embeddable":true,"href":"https:\/\/stoic-curie.212-227-153-4.plesk.page\/hr\/wp-json\/wp\/v2\/product_cat?post=740509"},{"taxonomy":"product_tag","embeddable":true,"href":"https:\/\/stoic-curie.212-227-153-4.plesk.page\/hr\/wp-json\/wp\/v2\/product_tag?post=740509"}],"curies":[{"name":"wp","href":"https:\/\/api.w.org\/{rel}","templated":true}]}}