{"id":740510,"date":"2025-03-03T18:08:43","date_gmt":"2025-03-03T17:08:43","guid":{"rendered":"https:\/\/stoic-curie.212-227-153-4.plesk.page\/producto\/brodski-tlacni-sustav-pitke-vode-cem-pb2x-24v-35lt-minuta\/"},"modified":"2026-02-25T00:00:45","modified_gmt":"2026-02-25T00:00:45","slug":"brodski-tlacni-sustav-pitke-vode-cem-pb2x-24v-35lt-minuta","status":"publish","type":"product","link":"https:\/\/stoic-curie.212-227-153-4.plesk.page\/hr\/product\/brodski-tlacni-sustav-pitke-vode-cem-pb2x-24v-35lt-minuta\/","title":{"rendered":"Brodski tla\u010dni sustav pitke vode CEM PB2X 24v 35lt \/ minuta"},"content":{"rendered":"<p>Brodski tla\u010dni sustav pitke vode CEM PB2X 24v 35lt \/ minuta &#8211; <\/p>\n<p>Uzbu\u0111eni smo \u0161to vam mo\u017eemo predstaviti sustav za pritisak slatke vode za \u010damce, izvanrednu soluciju prilago\u0111enu \u010damcima duljine izme\u0111u 10 i 20 metara. Ovaj inovativni sustav sadr\u017ei \u010dvrsti i dugotrajni akumulator od nehr\u0111aju\u0107eg \u010delika, jam\u010de\u0107i izdr\u017eljivost i pouzdanost tijekom va\u0161ih izleta na vodi. Dimenzije akumulatora pa\u017eljivo su dizajnirane: duljina 295 mm, \u0161irina 205 mm i visina 260 mm, \u0161to ga \u010dini kompaktnim, ali u\u010dinkovitim dodatkom va\u0161em \u010damcu. Radi pod pritiskom od 4 bara, osiguravaju\u0107i stalan protok vode, i ima kapacitet od 2 litre, \u0161to vam pru\u017ea dovoljno slatke vode za va\u0161e potrebe. Ovaj sustav predstavlja izvrsnu opciju za pobolj\u0161anje va\u0161eg iskustva na vodi.<\/p>\n","protected":false},"excerpt":{"rendered":"<p>Brodski tla\u010dni sustav pitke vode CEM PB2X 24v 35lt \/ minuta &#8211; Uzbu\u0111eni smo \u0161to vam mo\u017eemo predstaviti sustav za<\/p>\n","protected":false},"featured_media":5939073,"comment_status":"open","ping_status":"closed","template":"","meta":[],"product_brand":[2976],"product_cat":[1660],"product_tag":[],"class_list":{"0":"post-740510","1":"product","2":"type-product","3":"status-publish","4":"has-post-thumbnail","6":"product_brand-gianneschi-hr","7":"product_cat-pumpe-za-tlak-vode","9":"first","10":"instock","11":"shipping-taxable","12":"purchasable","13":"product-type-simple"},"_links":{"self":[{"href":"https:\/\/stoic-curie.212-227-153-4.plesk.page\/hr\/wp-json\/wp\/v2\/product\/740510","targetHints":{"allow":["GET"]}}],"collection":[{"href":"https:\/\/stoic-curie.212-227-153-4.plesk.page\/hr\/wp-json\/wp\/v2\/product"}],"about":[{"href":"https:\/\/stoic-curie.212-227-153-4.plesk.page\/hr\/wp-json\/wp\/v2\/types\/product"}],"replies":[{"embeddable":true,"href":"https:\/\/stoic-curie.212-227-153-4.plesk.page\/hr\/wp-json\/wp\/v2\/comments?post=740510"}],"version-history":[{"count":0,"href":"https:\/\/stoic-curie.212-227-153-4.plesk.page\/hr\/wp-json\/wp\/v2\/product\/740510\/revisions"}],"wp:featuredmedia":[{"embeddable":true,"href":"https:\/\/stoic-curie.212-227-153-4.plesk.page\/hr\/wp-json\/wp\/v2\/media\/5939073"}],"wp:attachment":[{"href":"https:\/\/stoic-curie.212-227-153-4.plesk.page\/hr\/wp-json\/wp\/v2\/media?parent=740510"}],"wp:term":[{"taxonomy":"product_brand","embeddable":true,"href":"https:\/\/stoic-curie.212-227-153-4.plesk.page\/hr\/wp-json\/wp\/v2\/product_brand?post=740510"},{"taxonomy":"product_cat","embeddable":true,"href":"https:\/\/stoic-curie.212-227-153-4.plesk.page\/hr\/wp-json\/wp\/v2\/product_cat?post=740510"},{"taxonomy":"product_tag","embeddable":true,"href":"https:\/\/stoic-curie.212-227-153-4.plesk.page\/hr\/wp-json\/wp\/v2\/product_tag?post=740510"}],"curies":[{"name":"wp","href":"https:\/\/api.w.org\/{rel}","templated":true}]}}