{"id":740512,"date":"2025-03-03T18:08:44","date_gmt":"2025-03-03T17:08:44","guid":{"rendered":"https:\/\/stoic-curie.212-227-153-4.plesk.page\/producto\/tlacni-sustav-pitke-vode-cem-j-inox-8x-12v-50lt-m\/"},"modified":"2026-02-25T00:00:45","modified_gmt":"2026-02-25T00:00:45","slug":"tlacni-sustav-pitke-vode-cem-j-inox-8x-12v-50lt-m","status":"publish","type":"product","link":"https:\/\/stoic-curie.212-227-153-4.plesk.page\/hr\/product\/tlacni-sustav-pitke-vode-cem-j-inox-8x-12v-50lt-m\/","title":{"rendered":"Tlacni sustav pitke vode CEM J-Inox\/8X 12v 50lt\/m"},"content":{"rendered":"<p>Tlacni sustav pitke vode CEM J-Inox\/8X 12v 50lt\/m &#8211; <\/p>\n<p>Sustav pritiska slatke vode s akumulatorom od nehr\u0111aju\u0107eg \u010delika za plovila od 14 do 25 metara<\/p>\n<p><strong>Pregled i primjena<\/strong><br \/>Na\u0161i sustavi pritiska, \u010desto nazvani autoklavima, igraju klju\u010dnu ulogu u sektoru plovidbe. Osiguravaju stalni pritisak vode za razli\u010dite pogodnosti na brodu, uklju\u010duju\u0107i tu\u0161eve, kuhinje, umivaonike i WC-e.<\/p>\n<p>Da bismo postigli najbolju izvedbu, preporu\u010dujemo sljede\u0107e smjernice:<\/p>\n<ul>\n<li>Instalirajte povratnu ventilu u usisnoj liniji kako biste sprje\u010davali povratak.<\/li>\n<li>Ako autoklav nije kori\u0161ten dugo vremena, provjerite je li unutarnji tlak spremnika jednak ili 0,2 bara manji od minimalnog kalibracijskog tlaka prekida\u010da.<\/li>\n<\/ul>\n<p><strong>Zna\u010dajke konstrukcije<\/strong><br \/>Na\u0161i sustavi pritiska obi\u010dno su opremljeni:<\/p>\n<ul>\n<li>Elektri\u010dnom pumpom tipa J-mini, J-INOX, JBR ili PB (detalji o naponu i performansama mogu se na\u0107i u tablici specifikacija).<\/li>\n<li>2-litarskom cilindri\u010dnom spremnikom od nehr\u0111aju\u0107eg \u010delika (2X), 2-litarskim spremnikom koji je izra\u0111en od obojanog \u010delika s flan\u0161om od nehr\u0111aju\u0107eg \u010delika (2L), 8-litarskim spremnikom od nehr\u0111aju\u0107eg \u010delika (8X) ili 8-litarskim spremnikom od obojanog \u010deli\u010dnog lima s flan\u0161om od nehr\u0111aju\u0107eg \u010delika (8L). Svi spremnici uklju\u010duju unutarnju membranu izra\u0111enu od butilne gume pogodnog za hranu.<\/li>\n<li>Prekida\u010dem tlaka s standardnom kalibracijom koju je mogu\u0107e prilagoditi izme\u0111u 1,4 i 2,8 bara, kao \u0161to je prikazano u tablici specifikacija.<\/li>\n<li>Manometrom za nadzor.<\/li>\n<li>5-fojna mesingana veza za jednostavnu instalaciju.<\/li>\n<\/ul>\n<p><strong>Ograni\u010denja upotrebe<\/strong><\/p>\n<ul>\n<li>Teku\u0107ina mora biti slobodna od \u010dvrstih zaga\u0111iva\u010da.<\/li>\n<li>Prihvatljivo temperaturno podru\u010dje teku\u0107ine: +0 do +50\u00b0C (do +70\u00b0C za serije PB i JBR).<\/li>\n<li>Maksimalni stati\u010dki tlak u ku\u0107i\u0161tu pumpe: 6 bara.<\/li>\n<\/ul>\n","protected":false},"excerpt":{"rendered":"<p>Tlacni sustav pitke vode CEM J-Inox\/8X 12v 50lt\/m &#8211; Sustav pritiska slatke vode s akumulatorom od nehr\u0111aju\u0107eg \u010delika za plovila<\/p>\n","protected":false},"featured_media":5939075,"comment_status":"open","ping_status":"closed","template":"","meta":[],"product_brand":[2976],"product_cat":[1660],"product_tag":[],"class_list":{"0":"post-740512","1":"product","2":"type-product","3":"status-publish","4":"has-post-thumbnail","6":"product_brand-gianneschi-hr","7":"product_cat-pumpe-za-tlak-vode","9":"first","10":"instock","11":"shipping-taxable","12":"purchasable","13":"product-type-simple"},"_links":{"self":[{"href":"https:\/\/stoic-curie.212-227-153-4.plesk.page\/hr\/wp-json\/wp\/v2\/product\/740512","targetHints":{"allow":["GET"]}}],"collection":[{"href":"https:\/\/stoic-curie.212-227-153-4.plesk.page\/hr\/wp-json\/wp\/v2\/product"}],"about":[{"href":"https:\/\/stoic-curie.212-227-153-4.plesk.page\/hr\/wp-json\/wp\/v2\/types\/product"}],"replies":[{"embeddable":true,"href":"https:\/\/stoic-curie.212-227-153-4.plesk.page\/hr\/wp-json\/wp\/v2\/comments?post=740512"}],"version-history":[{"count":0,"href":"https:\/\/stoic-curie.212-227-153-4.plesk.page\/hr\/wp-json\/wp\/v2\/product\/740512\/revisions"}],"wp:featuredmedia":[{"embeddable":true,"href":"https:\/\/stoic-curie.212-227-153-4.plesk.page\/hr\/wp-json\/wp\/v2\/media\/5939075"}],"wp:attachment":[{"href":"https:\/\/stoic-curie.212-227-153-4.plesk.page\/hr\/wp-json\/wp\/v2\/media?parent=740512"}],"wp:term":[{"taxonomy":"product_brand","embeddable":true,"href":"https:\/\/stoic-curie.212-227-153-4.plesk.page\/hr\/wp-json\/wp\/v2\/product_brand?post=740512"},{"taxonomy":"product_cat","embeddable":true,"href":"https:\/\/stoic-curie.212-227-153-4.plesk.page\/hr\/wp-json\/wp\/v2\/product_cat?post=740512"},{"taxonomy":"product_tag","embeddable":true,"href":"https:\/\/stoic-curie.212-227-153-4.plesk.page\/hr\/wp-json\/wp\/v2\/product_tag?post=740512"}],"curies":[{"name":"wp","href":"https:\/\/api.w.org\/{rel}","templated":true}]}}