{"id":740513,"date":"2025-03-03T18:08:44","date_gmt":"2025-03-03T17:08:44","guid":{"rendered":"https:\/\/stoic-curie.212-227-153-4.plesk.page\/producto\/tlacni-sustav-pitke-vode-cem-12v-50lt-m\/"},"modified":"2026-02-25T00:00:45","modified_gmt":"2026-02-25T00:00:45","slug":"tlacni-sustav-pitke-vode-cem-12v-50lt-m","status":"publish","type":"product","link":"https:\/\/stoic-curie.212-227-153-4.plesk.page\/hr\/product\/tlacni-sustav-pitke-vode-cem-12v-50lt-m\/","title":{"rendered":"Sustav za vodoopskrbu CEM J-INOX\/20X 12v"},"content":{"rendered":"<p>Sustav za vodoopskrbu CEM J-INOX\/20X 12v &#8211; <\/p>\n<p style=\"color: rgb(34, 34, 34); font-family: Arial, Helvetica, sans-serif; font-size: small;\">CEM Samoprinose\u0107a Pumpa za Slatku Vod u Kombinaciji s Rezervoarom od 20L<\/p>\n<p style=\"color: rgb(34, 34, 34); font-family: Arial, Helvetica, sans-serif; font-size: small;\">CEM Samoprinose\u0107a Pumpa za Slatku Vod s rezervoarom od 20 litara posebno je dizajnirana za primjene slane vode koje zahtijevaju stalni tlak vode za razli\u010dite ure\u0111aje na plovilu. Ova pumpa u\u010dinkovito isporu\u010duje pritisnu vodu na klju\u010dne instalacije poput tu\u0161eva, kuhinja, umivaonika i WC-a. Osim toga, CEM Samoprinose\u0107e Pumpe prikladne su za klima ure\u0111aje, sustave za ga\u0161enje po\u017eara i \u010di\u0161\u0107enje paluba i lanaca, me\u0111u ostalim primjenama.<\/p>\n<p style=\"color: rgb(34, 34, 34); font-family: Arial, Helvetica, sans-serif; font-size: small;\"><strong>Karakteristike<\/strong><\/p>\n<ul style=\"color: rgb(34, 34, 34); font-family: Arial, Helvetica, sans-serif; font-size: small;\">\n<li>Serija elektri\u010dnih pumpe: J-mini, J-INOX, MG-INOX ili JBR (specifikacije napona i performansi navedene su u prilo\u017eenoj tablici).<\/li>\n<li>20-litrena cilindri\u010dna posuda od nehr\u0111aju\u0107eg \u010delika (20X) ili lakiranog \u010delika s nehr\u0111aju\u0107om jabukom (20L), opremljena dijafragmom od butil gume pogodnom za hranu.<\/li>\n<li>Podesivi pritisni prekida\u010d (tvornica pode\u0161avanje izme\u0111u 1,4 &#8211; 2,8 bara, prilagodljivo prema tablici).<\/li>\n<li>Uklju\u010duje manometar.<\/li>\n<li>5-smjerni priklju\u010dak od mesinga.<\/li>\n<li>Fleksibilna cijev duljine 500 mm.<\/li>\n<\/ul>\n<p style=\"color: rgb(34, 34, 34); font-family: Arial, Helvetica, sans-serif; font-size: small;\"><strong>Gradnja<\/strong><\/p>\n<ul style=\"color: rgb(34, 34, 34); font-family: Arial, Helvetica, sans-serif; font-size: small;\">\n<li>Dizajnirano za teku\u0107ine slobodne od \u010dvrstih ne\u010disto\u0107a.<\/li>\n<li>Raspon temperature teku\u0107ine: 0 do 50 \u00b0C.<\/li>\n<li>Maksimalni stati\u010dki tlak unutar ku\u0107i\u0161ta pumpe: 6 bara.<\/li>\n<\/ul>\n<p style=\"color: rgb(34, 34, 34); font-family: Arial, Helvetica, sans-serif; font-size: small;\"><strong>Dodaci<\/strong><\/p>\n<ul style=\"color: rgb(34, 34, 34); font-family: Arial, Helvetica, sans-serif; font-size: small;\">\n<li>Opcije za nepovratne ventile: 1\u201d ili 1\u201d1\/2.<\/li>\n<li>Sigurnosni ru\u010dni reset prekida\u010d pritiska \u201cSQUARE D\u201d: Ovaj sustav zaustavlja tlak vode kada nema dostupne vode, sprje\u010davaju\u0107i tako rad pumpe na suho.<\/li>\n<\/ul>\n<p style=\"color: rgb(34, 34, 34); font-family: Arial, Helvetica, sans-serif; font-size: small;\"><strong>O CEM Pumpama i Puha\u010dima<\/strong><\/p>\n<p style=\"color: rgb(34, 34, 34); font-family: Arial, Helvetica, sans-serif; font-size: small;\">Osnovana 1970. godine, C.E.M. Elettromeccanica S.r.l. etablirao se kao vode\u0107i proizvo\u0111a\u010d elektri\u010dnih pumpi i DC motora, prvenstveno za pomorsku industriju. Tijekom pro\u0161lih 48 godina na\u0161a kontinuirana rast na nacionalnim i me\u0111unarodnim tr\u017ei\u0161tima pro\u0161irila je na\u0161 opse\u017ean asortiman proizvoda.<\/p>\n<p style=\"color: rgb(34, 34, 34); font-family: Arial, Helvetica, sans-serif; font-size: small;\">Ponosimo se kori\u0161tenjem materijala najvi\u0161ih kvaliteta, \u0161to nas \u010dini idealnim partnerom za srednje i velike graditelje brodova u sektorima za u\u017eivanje, ribolov i vojne plovila. Na\u0161 sveobuhvatan asortiman proizvoda sada uklju\u010duje:<\/p>\n<ul style=\"color: rgb(34, 34, 34); font-family: Arial, Helvetica, sans-serif; font-size: small;\">\n<li>DC i AC elektri\u010dne pumpe<\/li>\n<li>Pumpe s remenskim prijenosom s ru\u010dnim ili elektromagnetskim spojkama<\/li>\n<li>Hidrauli\u010dki pogonjene pumpe<\/li>\n<li>Sustavi tlaka vode<\/li>\n<li>Centrifugalni i aksijalni puha\u010di<\/li>\n<li>Pumpe na dizelski pogon<\/li>\n<li>Ru\u010dne pumpe<\/li>\n<li>DC motori<\/li>\n<\/ul>\n<p style=\"color: rgb(34, 34, 34); font-family: Arial, Helvetica, sans-serif; font-size: small;\">Na\u0161a posve\u0107enost kvalitetnim materijalima, pomnim dizajnom i inovativnim proizvodnim procesima osigurava izvrsne performanse i dugovje\u010dnost na\u0161ih proizvoda. Ova pouzdanost je klju\u010dna kada je sigurnost od najve\u0107e va\u017enosti. Svi na\u0161i proizvodi zadovoljavaju industrijske standarde i mogu biti certificirani od strane priznatih tijela kao \u0161to su Bureau Veritas, Det Norske Veritas (DNV), Lloyd&#8217;s Register i RINA.<\/p>\n","protected":false},"excerpt":{"rendered":"<p>Sustav za vodoopskrbu CEM J-INOX\/20X 12v &#8211; CEM Samoprinose\u0107a Pumpa za Slatku Vod u Kombinaciji s Rezervoarom od 20L CEM<\/p>\n","protected":false},"featured_media":5939076,"comment_status":"open","ping_status":"closed","template":"","meta":[],"product_brand":[2976],"product_cat":[1660],"product_tag":[],"class_list":{"0":"post-740513","1":"product","2":"type-product","3":"status-publish","4":"has-post-thumbnail","6":"product_brand-gianneschi-hr","7":"product_cat-pumpe-za-tlak-vode","9":"first","10":"instock","11":"shipping-taxable","12":"purchasable","13":"product-type-simple"},"_links":{"self":[{"href":"https:\/\/stoic-curie.212-227-153-4.plesk.page\/hr\/wp-json\/wp\/v2\/product\/740513","targetHints":{"allow":["GET"]}}],"collection":[{"href":"https:\/\/stoic-curie.212-227-153-4.plesk.page\/hr\/wp-json\/wp\/v2\/product"}],"about":[{"href":"https:\/\/stoic-curie.212-227-153-4.plesk.page\/hr\/wp-json\/wp\/v2\/types\/product"}],"replies":[{"embeddable":true,"href":"https:\/\/stoic-curie.212-227-153-4.plesk.page\/hr\/wp-json\/wp\/v2\/comments?post=740513"}],"version-history":[{"count":0,"href":"https:\/\/stoic-curie.212-227-153-4.plesk.page\/hr\/wp-json\/wp\/v2\/product\/740513\/revisions"}],"wp:featuredmedia":[{"embeddable":true,"href":"https:\/\/stoic-curie.212-227-153-4.plesk.page\/hr\/wp-json\/wp\/v2\/media\/5939076"}],"wp:attachment":[{"href":"https:\/\/stoic-curie.212-227-153-4.plesk.page\/hr\/wp-json\/wp\/v2\/media?parent=740513"}],"wp:term":[{"taxonomy":"product_brand","embeddable":true,"href":"https:\/\/stoic-curie.212-227-153-4.plesk.page\/hr\/wp-json\/wp\/v2\/product_brand?post=740513"},{"taxonomy":"product_cat","embeddable":true,"href":"https:\/\/stoic-curie.212-227-153-4.plesk.page\/hr\/wp-json\/wp\/v2\/product_cat?post=740513"},{"taxonomy":"product_tag","embeddable":true,"href":"https:\/\/stoic-curie.212-227-153-4.plesk.page\/hr\/wp-json\/wp\/v2\/product_tag?post=740513"}],"curies":[{"name":"wp","href":"https:\/\/api.w.org\/{rel}","templated":true}]}}