{"id":740514,"date":"2025-03-03T18:08:45","date_gmt":"2025-03-03T17:08:45","guid":{"rendered":"https:\/\/stoic-curie.212-227-153-4.plesk.page\/producto\/tlacni-sustav-pitke-vode-cem-j-inox-8x-24v-50lt-m\/"},"modified":"2026-02-25T00:00:45","modified_gmt":"2026-02-25T00:00:45","slug":"tlacni-sustav-pitke-vode-cem-j-inox-8x-24v-50lt-m","status":"publish","type":"product","link":"https:\/\/stoic-curie.212-227-153-4.plesk.page\/hr\/product\/tlacni-sustav-pitke-vode-cem-j-inox-8x-24v-50lt-m\/","title":{"rendered":"Tlacni sustav pitke vode CEM J-Inox 8X 24v 50lt\/m"},"content":{"rendered":"<p>Tlacni sustav pitke vode CEM J-Inox 8X 24v 50lt\/m &#8211; <\/p>\n<p style=\"color: rgb(34, 34, 34); font-family: Arial, Helvetica, sans-serif; font-size: small;\">Sustav slatke vode s nehr\u0111aju\u0107im spremnikom za akumulaciju za brodove du\u017eine od 14 do 25 metara<\/p>\n<p style=\"color: rgb(34, 34, 34); font-family: Arial, Helvetica, sans-serif; font-size: small;\"><strong>Opis i primjena<\/strong><br \/>Na\u0161i sustavi pritiska, poznati kao autoklave, esencijalni su u nauti\u010dkoj industriji. Osiguravaju dosljedan tlak vode za usluge na brodu, kao \u0161to su tu\u0161evi, kuhinje, sudoperi i WC-i.<\/p>\n<p style=\"color: rgb(34, 34, 34); font-family: Arial, Helvetica, sans-serif; font-size: small;\">Za optimalne performanse preporu\u010dujemo sljede\u0107e:<\/p>\n<ul style=\"color: rgb(34, 34, 34); font-family: Arial, Helvetica, sans-serif; font-size: small;\">\n<li>Instalirati povratni ventil u usisnu cijev.<\/li>\n<li>Ako autoklav nije kori\u0161ten dulje vrijeme, osigurajte da je unutarnji tlak spremnika jednak ili 0,2 bara manji od minimalnog kalibracijskog tlaka prekida\u010da pritiska.<\/li>\n<\/ul>\n<p style=\"color: rgb(34, 34, 34); font-family: Arial, Helvetica, sans-serif; font-size: small;\"><strong>Zna\u010dajke konstrukcije<\/strong><br \/>Na\u0161i sustavi pritiska obi\u010dno su opremljeni:<\/p>\n<ul style=\"color: rgb(34, 34, 34); font-family: Arial, Helvetica, sans-serif; font-size: small;\">\n<li>Elektri\u010dnom pumpom tipa J-mini, J-INOX, JBR ili PB (detalji napona i performansi nalaze se u tablici specifikacija).<\/li>\n<li>Cilindri\u010dnim spremnikom od 2 litre od nehr\u0111aju\u0107eg \u010delika (2X), 2-litarskom posudom od obojenog \u010delika s nehr\u0111aju\u0107im flan\u0161om (2L), 8-litarskim nehr\u0111aju\u0107im spremnikom (8X) ili 8-litarskom posudom od obojenog \u010delika s nehr\u0111aju\u0107im flan\u0161om (8L). Svi spremnici imaju unutarnju membranu od gume butila za prehrambene svrhe.<\/li>\n<li>Prekida\u010dem pritiska s standardnom kalibracijom, podesivim izme\u0111u 1,4 i 2,8 bara, kao \u0161to je preporu\u010deno u tablici specifikacija.<\/li>\n<li>Manometrom.<\/li>\n<li>Brass 5-way povezivanje.<\/li>\n<\/ul>\n<p style=\"color: rgb(34, 34, 34); font-family: Arial, Helvetica, sans-serif; font-size: small;\"><strong>Ograni\u010denja kori\u0161tenja<\/strong><\/p>\n<ul style=\"color: rgb(34, 34, 34); font-family: Arial, Helvetica, sans-serif; font-size: small;\">\n<li>Teku\u0107ina mora biti bez krutih ne\u010disto\u0107a.<\/li>\n<li>Temperaturni raspon teku\u0107ine: +0 do +50\u00b0C (do +70\u00b0C za serije PB i JBR).<\/li>\n<li>Maksimalni stati\u010dki tlak u ku\u0107i\u0161tu pumpe: 6 bara.<\/li>\n<\/ul>\n","protected":false},"excerpt":{"rendered":"<p>Tlacni sustav pitke vode CEM J-Inox 8X 24v 50lt\/m &#8211; Sustav slatke vode s nehr\u0111aju\u0107im spremnikom za akumulaciju za brodove<\/p>\n","protected":false},"featured_media":5939075,"comment_status":"open","ping_status":"closed","template":"","meta":[],"product_brand":[2976],"product_cat":[1660],"product_tag":[],"class_list":{"0":"post-740514","1":"product","2":"type-product","3":"status-publish","4":"has-post-thumbnail","6":"product_brand-gianneschi-hr","7":"product_cat-pumpe-za-tlak-vode","9":"first","10":"instock","11":"shipping-taxable","12":"purchasable","13":"product-type-simple"},"_links":{"self":[{"href":"https:\/\/stoic-curie.212-227-153-4.plesk.page\/hr\/wp-json\/wp\/v2\/product\/740514","targetHints":{"allow":["GET"]}}],"collection":[{"href":"https:\/\/stoic-curie.212-227-153-4.plesk.page\/hr\/wp-json\/wp\/v2\/product"}],"about":[{"href":"https:\/\/stoic-curie.212-227-153-4.plesk.page\/hr\/wp-json\/wp\/v2\/types\/product"}],"replies":[{"embeddable":true,"href":"https:\/\/stoic-curie.212-227-153-4.plesk.page\/hr\/wp-json\/wp\/v2\/comments?post=740514"}],"version-history":[{"count":0,"href":"https:\/\/stoic-curie.212-227-153-4.plesk.page\/hr\/wp-json\/wp\/v2\/product\/740514\/revisions"}],"wp:featuredmedia":[{"embeddable":true,"href":"https:\/\/stoic-curie.212-227-153-4.plesk.page\/hr\/wp-json\/wp\/v2\/media\/5939075"}],"wp:attachment":[{"href":"https:\/\/stoic-curie.212-227-153-4.plesk.page\/hr\/wp-json\/wp\/v2\/media?parent=740514"}],"wp:term":[{"taxonomy":"product_brand","embeddable":true,"href":"https:\/\/stoic-curie.212-227-153-4.plesk.page\/hr\/wp-json\/wp\/v2\/product_brand?post=740514"},{"taxonomy":"product_cat","embeddable":true,"href":"https:\/\/stoic-curie.212-227-153-4.plesk.page\/hr\/wp-json\/wp\/v2\/product_cat?post=740514"},{"taxonomy":"product_tag","embeddable":true,"href":"https:\/\/stoic-curie.212-227-153-4.plesk.page\/hr\/wp-json\/wp\/v2\/product_tag?post=740514"}],"curies":[{"name":"wp","href":"https:\/\/api.w.org\/{rel}","templated":true}]}}