{"id":740515,"date":"2025-03-03T18:08:45","date_gmt":"2025-03-03T17:08:45","guid":{"rendered":"https:\/\/stoic-curie.212-227-153-4.plesk.page\/producto\/tlacni-sustav-pitke-vode-cem-24v-50lt-m\/"},"modified":"2026-02-25T00:00:45","modified_gmt":"2026-02-25T00:00:45","slug":"tlacni-sustav-pitke-vode-cem-24v-50lt-m","status":"publish","type":"product","link":"https:\/\/stoic-curie.212-227-153-4.plesk.page\/hr\/product\/tlacni-sustav-pitke-vode-cem-24v-50lt-m\/","title":{"rendered":"Sistem pritiska slatke vode CEM J-INOX\/20X 24v"},"content":{"rendered":"<p>Sistem pritiska slatke vode CEM J-INOX\/20X 24v &#8211; <\/p>\n<p style=\"color: rgb(34, 34, 34); font-family: Arial, Helvetica, sans-serif; font-size: small;\">CEM Samo-Usisna Pumpa slatke vode s 20L Tankom<\/p>\n<p style=\"color: rgb(34, 34, 34); font-family: Arial, Helvetica, sans-serif; font-size: small;\">CEM Samo-Usisna Pumpa slatke vode, opremljena sa spremnikom od 20 litara, posebno je dizajnirana za kori\u0161tenje slatke vode koja zahtijeva konzistentan tlak vode za razne ure\u0111aje na brodu. Ova pumpa u\u010dinkovito opskrbljuje pritisnutu vodu za vitalne priklju\u010dke kao \u0161to su tu\u0161evi, kuhinje, umivaonici i WC-i. Osim toga, CEM pumpe za slatku vodu su tako\u0111er prikladne za sustave klimatizacije, po\u017earne sustave i za pranje paluba i lanaca, me\u0111u ostalim aplikacijama.<\/p>\n<p style=\"color: rgb(34, 34, 34); font-family: Arial, Helvetica, sans-serif; font-size: small;\"><strong>Karakteristike<\/strong><\/p>\n<ul style=\"color: rgb(34, 34, 34); font-family: Arial, Helvetica, sans-serif; font-size: small;\">\n<li>Elektri\u010dne pumpe serije: J-mini, J-INOX, MG-INOX ili JBR (informacije o naponu i performansama dostupne su u prilo\u017eenoj tablici).<\/li>\n<li>Cilindri\u010dni spremnik od 20 litara, izra\u0111en od nehr\u0111aju\u0107eg \u010delika (20X) ili obojenog \u010delika s nehr\u0111aju\u0107om flan\u0161om (20L), s dijafragmom od butilne gume prikladne za hranu.<\/li>\n<li>Podesivi prekida\u010d tlaka (fabri\u010dki unaprijed postavljen na 1,4 &#8211; 2,8 bara, prilagodljiv prema tablici).<\/li>\n<li>Uklju\u010deni manometar.<\/li>\n<li>Mesingana 5-kraka cijev.<\/li>\n<li>Fleksibilna cijev duljine 500 mm.<\/li>\n<\/ul>\n<p style=\"color: rgb(34, 34, 34); font-family: Arial, Helvetica, sans-serif; font-size: small;\"><strong>Izrada<\/strong><\/p>\n<ul style=\"color: rgb(34, 34, 34); font-family: Arial, Helvetica, sans-serif; font-size: small;\">\n<li>Dizajniran za teku\u0107ine koje su slobodne od krutih ne\u010disto\u0107a.<\/li>\n<li>Opseg temperature teku\u0107ine: 0 do 50 \u00b0C.<\/li>\n<li>Maksimalni stati\u010dki tlak unutar ku\u0107i\u0161ta pumpe: 6 bara.<\/li>\n<\/ul>\n<p style=\"color: rgb(34, 34, 34); font-family: Arial, Helvetica, sans-serif; font-size: small;\"><strong>Dodatna oprema<\/strong><\/p>\n<ul style=\"color: rgb(34, 34, 34); font-family: Arial, Helvetica, sans-serif; font-size: small;\">\n<li>Opcije neprekidnog ventila: 1\u201d ili 1\u201d1\/2.<\/li>\n<li>Sigurnosni ru\u010dni prekida\u010d za resetiranje tlaka \u201eSQUARE D\u201c: Ovaj sustav zaustavlja tlak vode kada nema prisutne vode, \u010dime se sprje\u010dava rad pumpe na suho.<\/li>\n<\/ul>\n<p style=\"color: rgb(34, 34, 34); font-family: Arial, Helvetica, sans-serif; font-size: small;\"><strong>O CEM Pumpama i Puha\u010dima<\/strong><\/p>\n<p style=\"color: rgb(34, 34, 34); font-family: Arial, Helvetica, sans-serif; font-size: small;\">Osnovan 1970. godine, C.E.M. Elettromeccanica S.r.l. postao je istaknuti proizvo\u0111a\u010d elektri\u010dnih pumpi i DC motora, prvenstveno slu\u017ee\u0107i pomorskom sektoru. Tijekom posljednjih 48 godina, na\u0161 stalni rast na doma\u0107em i me\u0111unarodnom tr\u017ei\u0161tu omogu\u0107io je \u0161irenje na\u0161e \u0161iroke ponude proizvoda.<\/p>\n<p style=\"color: rgb(34, 34, 34); font-family: Arial, Helvetica, sans-serif; font-size: small;\">Ponosni smo \u0161to koristimo materijale najvi\u0161e kvalitete, \u0161to nas \u010dini preferiranim partnerom za srednje i velike graditelje brodova u industriji razonode, ribolova i vojnog plovila. Na\u0161 raznolik asortiman proizvoda uklju\u010duje:<\/p>\n<ul style=\"color: rgb(34, 34, 34); font-family: Arial, Helvetica, sans-serif; font-size: small;\">\n<li>DC i AC elektri\u010dne pumpe<\/li>\n<li>Pumpe s remenskim pogonom s ru\u010dnim ili elektromagnetskim kva\u010dilima<\/li>\n<li>Hidrauli\u010dni pogon<\/li>\n<li>Sustavi pritiska vode<\/li>\n<li>Centrifugalni i aksijalni puhalici<\/li>\n<li>Diesel pumpe<\/li>\n<li>Ru\u010dno upravljane pumpe<\/li>\n<li>DC motori<\/li>\n<\/ul>\n<p style=\"color: rgb(34, 34, 34); font-family: Arial, Helvetica, sans-serif; font-size: small;\">Na\u0161a posve\u0107enost kvalitetnim materijalima, pa\u017eljivom dizajnu i inovativnim procesima proizvodnje osigurava izvanrednu izvedbu i trajnost na\u0161ih proizvoda. Ova pouzdanost je klju\u010dna kada je sigurnost prioritet. Svi na\u0161i proizvodi ispunjavaju industrijske standarde i mogu biti certificirani od strane priznatih organizacija poput Bureau Veritas, Det Norske Veritas (DNV), Lloyd\u2019s Register i RINA.<\/p>\n","protected":false},"excerpt":{"rendered":"<p>Sistem pritiska slatke vode CEM J-INOX\/20X 24v &#8211; CEM Samo-Usisna Pumpa slatke vode s 20L Tankom CEM Samo-Usisna Pumpa slatke<\/p>\n","protected":false},"featured_media":5939076,"comment_status":"open","ping_status":"closed","template":"","meta":[],"product_brand":[2976],"product_cat":[1660],"product_tag":[],"class_list":{"0":"post-740515","1":"product","2":"type-product","3":"status-publish","4":"has-post-thumbnail","6":"product_brand-gianneschi-hr","7":"product_cat-pumpe-za-tlak-vode","9":"first","10":"instock","11":"shipping-taxable","12":"purchasable","13":"product-type-simple"},"_links":{"self":[{"href":"https:\/\/stoic-curie.212-227-153-4.plesk.page\/hr\/wp-json\/wp\/v2\/product\/740515","targetHints":{"allow":["GET"]}}],"collection":[{"href":"https:\/\/stoic-curie.212-227-153-4.plesk.page\/hr\/wp-json\/wp\/v2\/product"}],"about":[{"href":"https:\/\/stoic-curie.212-227-153-4.plesk.page\/hr\/wp-json\/wp\/v2\/types\/product"}],"replies":[{"embeddable":true,"href":"https:\/\/stoic-curie.212-227-153-4.plesk.page\/hr\/wp-json\/wp\/v2\/comments?post=740515"}],"version-history":[{"count":0,"href":"https:\/\/stoic-curie.212-227-153-4.plesk.page\/hr\/wp-json\/wp\/v2\/product\/740515\/revisions"}],"wp:featuredmedia":[{"embeddable":true,"href":"https:\/\/stoic-curie.212-227-153-4.plesk.page\/hr\/wp-json\/wp\/v2\/media\/5939076"}],"wp:attachment":[{"href":"https:\/\/stoic-curie.212-227-153-4.plesk.page\/hr\/wp-json\/wp\/v2\/media?parent=740515"}],"wp:term":[{"taxonomy":"product_brand","embeddable":true,"href":"https:\/\/stoic-curie.212-227-153-4.plesk.page\/hr\/wp-json\/wp\/v2\/product_brand?post=740515"},{"taxonomy":"product_cat","embeddable":true,"href":"https:\/\/stoic-curie.212-227-153-4.plesk.page\/hr\/wp-json\/wp\/v2\/product_cat?post=740515"},{"taxonomy":"product_tag","embeddable":true,"href":"https:\/\/stoic-curie.212-227-153-4.plesk.page\/hr\/wp-json\/wp\/v2\/product_tag?post=740515"}],"curies":[{"name":"wp","href":"https:\/\/api.w.org\/{rel}","templated":true}]}}