{"id":740516,"date":"2025-03-03T18:08:45","date_gmt":"2025-03-03T17:08:45","guid":{"rendered":"https:\/\/stoic-curie.212-227-153-4.plesk.page\/producto\/tlacni-sustav-pitke-vode-cem-90lt-m-24v\/"},"modified":"2026-02-25T00:00:45","modified_gmt":"2026-02-25T00:00:45","slug":"tlacni-sustav-pitke-vode-cem-90lt-m-24v","status":"publish","type":"product","link":"https:\/\/stoic-curie.212-227-153-4.plesk.page\/hr\/product\/tlacni-sustav-pitke-vode-cem-90lt-m-24v\/","title":{"rendered":"Tlacni sustav pitke vode CEM 90lt\/m 24v"},"content":{"rendered":"<p>Tlacni sustav pitke vode CEM 90lt\/m 24v &#8211; <\/p>\n<p style=\"color: rgb(34, 34, 34); font-family: Arial, Helvetica, sans-serif; font-size: small;\"><strong>MG-INOX\/20X Sustav Pritisne Vode za Slatku Vodu<\/strong><\/p>\n<p style=\"color: rgb(34, 34, 34); font-family: Arial, Helvetica, sans-serif; font-size: small;\">Sustav pritisne vode MG-INOX\/20X dizajniran je za brodove duljine od 18 do 35 metara. Sadr\u017ei akumulator od nehr\u0111aju\u0107eg \u010delika, pumpu od nehr\u0111aju\u0107eg \u010delika i impeler od Noryl tehno-polimera, \u0161to osigurava izdr\u017eljivost i pouzdanost.<\/p>\n<p style=\"color: rgb(34, 34, 34); font-family: Arial, Helvetica, sans-serif; font-size: small;\">Ovaj se sustav \u0161iroko koristi u pomorskom sektoru kako bi se osigurao konstantan i adekvatan tlak vode za razli\u010dite ure\u0111aje na brodu, uklju\u010duju\u0107i tu\u0161eve, umivaonike i WC-e. Za optimalne performanse preporu\u010dujemo sljede\u0107e:<\/p>\n<ul style=\"color: rgb(34, 34, 34); font-family: Arial, Helvetica, sans-serif; font-size: small;\">\n<li>Instalirati nepovratni ventil na usisnom ulazu.<\/li>\n<li>Ako ure\u0111aj nije bio kori\u0161ten dugo vremena, pobrinite se da je unutarnji tlak spremnika jednak ili manji od 0,2 bara prije uporabe, sukladno minimalnom postavkama tlaka prekida\u010da.<\/li>\n<\/ul>\n<p style=\"color: rgb(34, 34, 34); font-family: Arial, Helvetica, sans-serif; font-size: small;\"><strong>Karakteristike Izrade<\/strong><\/p>\n<p style=\"color: rgb(34, 34, 34); font-family: Arial, Helvetica, sans-serif; font-size: small;\">Na\u0161i sustavi pritisne vode obi\u010dno uklju\u010duju:<\/p>\n<ul style=\"color: rgb(34, 34, 34); font-family: Arial, Helvetica, sans-serif; font-size: small;\">\n<li>Elektri\u010dnu pumpu iz serije J-mini, J-INOX, MG-INOX ili JBR (naponske i performansne specifikacije su detaljno prikazane u prilo\u017eenoj tablici).<\/li>\n<li>Cilindri\u010dni spremnik kapaciteta 20 litara, dostupan ili od nehr\u0111aju\u0107eg \u010delika (20X) ili od lakiranog \u010delika s nehr\u0111aju\u0107om \u010deli\u010dnom prirubnicom (20L), opremljen unutarnjom butil gumom pogodnom za prehranu.<\/li>\n<li>Prekida\u010d tlaka s serijskom postavkom 1.4 \u2013 2.8, podesiv na preporu\u010dene vrijednosti u tablici.<\/li>\n<li>Manometar.<\/li>\n<li>5-smjerni priklju\u010dak od mesinga.<\/li>\n<li>Fleksibilna cijev du\u017eine 500 mm.<\/li>\n<\/ul>\n<p style=\"color: rgb(34, 34, 34); font-family: Arial, Helvetica, sans-serif; font-size: small;\"><strong>Podru\u010dje Primjene<\/strong><\/p>\n<ul style=\"color: rgb(34, 34, 34); font-family: Arial, Helvetica, sans-serif; font-size: small;\">\n<li>Pogodno za teku\u0107ine bez krutih ne\u010disto\u0107a.<\/li>\n<li>Temperaturni raspon za teku\u0107inu: +0 do +50 \u00b0C.<\/li>\n<li>Maksimalni stati\u010dki tlak unutar tijela pumpe: 6 bara.<\/li>\n<\/ul>\n<p style=\"color: rgb(34, 34, 34); font-family: Arial, Helvetica, sans-serif; font-size: small;\"><strong>Dostupni Dodaci na Zahtjev<\/strong><\/p>\n<ul style=\"color: rgb(34, 34, 34); font-family: Arial, Helvetica, sans-serif; font-size: small;\">\n<li>Nepovratni ventili u veli\u010dinama 1\u201d ili 1\u201d1\/2.<\/li>\n<li>Sigurnosni ru\u010dni resetiranji prekida\u010d pritiska &#8220;SQUARE D&#8221;: Ovaj sustav nudi zna\u010dajnu prednost u odnosu na standardne prekida\u010de tlaka time \u0161to zaustavlja sustav pritisne vode kada voda vi\u0161e nije dostupna, \u010dime se onemogu\u0107ava rad ure\u0111aja bez vode.<\/li>\n<\/ul>\n","protected":false},"excerpt":{"rendered":"<p>Tlacni sustav pitke vode CEM 90lt\/m 24v &#8211; MG-INOX\/20X Sustav Pritisne Vode za Slatku Vodu Sustav pritisne vode MG-INOX\/20X dizajniran<\/p>\n","protected":false},"featured_media":5939077,"comment_status":"open","ping_status":"closed","template":"","meta":[],"product_brand":[2976],"product_cat":[1660],"product_tag":[],"class_list":{"0":"post-740516","1":"product","2":"type-product","3":"status-publish","4":"has-post-thumbnail","6":"product_brand-gianneschi-hr","7":"product_cat-pumpe-za-tlak-vode","9":"first","10":"instock","11":"shipping-taxable","12":"purchasable","13":"product-type-simple"},"_links":{"self":[{"href":"https:\/\/stoic-curie.212-227-153-4.plesk.page\/hr\/wp-json\/wp\/v2\/product\/740516","targetHints":{"allow":["GET"]}}],"collection":[{"href":"https:\/\/stoic-curie.212-227-153-4.plesk.page\/hr\/wp-json\/wp\/v2\/product"}],"about":[{"href":"https:\/\/stoic-curie.212-227-153-4.plesk.page\/hr\/wp-json\/wp\/v2\/types\/product"}],"replies":[{"embeddable":true,"href":"https:\/\/stoic-curie.212-227-153-4.plesk.page\/hr\/wp-json\/wp\/v2\/comments?post=740516"}],"version-history":[{"count":0,"href":"https:\/\/stoic-curie.212-227-153-4.plesk.page\/hr\/wp-json\/wp\/v2\/product\/740516\/revisions"}],"wp:featuredmedia":[{"embeddable":true,"href":"https:\/\/stoic-curie.212-227-153-4.plesk.page\/hr\/wp-json\/wp\/v2\/media\/5939077"}],"wp:attachment":[{"href":"https:\/\/stoic-curie.212-227-153-4.plesk.page\/hr\/wp-json\/wp\/v2\/media?parent=740516"}],"wp:term":[{"taxonomy":"product_brand","embeddable":true,"href":"https:\/\/stoic-curie.212-227-153-4.plesk.page\/hr\/wp-json\/wp\/v2\/product_brand?post=740516"},{"taxonomy":"product_cat","embeddable":true,"href":"https:\/\/stoic-curie.212-227-153-4.plesk.page\/hr\/wp-json\/wp\/v2\/product_cat?post=740516"},{"taxonomy":"product_tag","embeddable":true,"href":"https:\/\/stoic-curie.212-227-153-4.plesk.page\/hr\/wp-json\/wp\/v2\/product_tag?post=740516"}],"curies":[{"name":"wp","href":"https:\/\/api.w.org\/{rel}","templated":true}]}}