{"id":740518,"date":"2025-03-03T18:08:46","date_gmt":"2025-03-03T17:08:46","guid":{"rendered":"https:\/\/stoic-curie.212-227-153-4.plesk.page\/producto\/tlacni-sustav-pitke-vode-cem-24v-50-lt-m-s-epc-om\/"},"modified":"2026-02-25T00:00:45","modified_gmt":"2026-02-25T00:00:45","slug":"tlacni-sustav-pitke-vode-cem-24v-50-lt-m-s-epc-om","status":"publish","type":"product","link":"https:\/\/stoic-curie.212-227-153-4.plesk.page\/hr\/product\/tlacni-sustav-pitke-vode-cem-24v-50-lt-m-s-epc-om\/","title":{"rendered":"Tlacni sustav pitke vode CEM 24v 50 lt\/m s EPC-om"},"content":{"rendered":"<p>Tlacni sustav pitke vode CEM 24v 50 lt\/m s EPC-om &#8211; <\/p>\n<p>EPC (Elektroni\u010dka Kontrola Tlak) sustav za slatkovodnu pritisak opremljen je automatskim zna\u010dajkama pokretanja i zaustavljanja. Pumpa prestaje sa radom kada nema dostupne vode i automatski se ponovno pokre\u0107e kada se voda ponovno otkrije. Ovaj sustav je idealan za brodove du\u017eine izme\u0111u 16 i 24 metra.<\/p>\n<p>Kako pumpa, tako i impeler izra\u0111eni su od nehr\u0111aju\u0107eg \u010delika, \u0161to osigurava trajnost i pouzdanost.<\/p>\n<p>Iznimne zna\u010dajke CEM elektroni\u010dki upravljane slatkovodne pumpe uklju\u010duju:<\/p>\n<ul>\n<li>Samousisna pumpna jedinica od nehr\u0111aju\u0107eg \u010delika.<\/li>\n<li>EPC sustav automatski zaustavlja pumpu kada se opskrba vodom iscrpi, spre\u010davaju\u0107i suhi rad.<\/li>\n<li>Kontinuirano pra\u0107enje rada putem lampica: zelena lampica pokazuje da je pumpa aktivna, dok crvena lampica ozna\u010dava kvar (poput nedostatka vode).<\/li>\n<li>Odr\u017eava stabilan tlak tijekom opskrbe vodom.<\/li>\n<li>Njen kompaktni dizajn u\u010dinkovitiji je u usporedbi s tradicionalnim slatkovodnim pumpe s rezervoarima.<\/li>\n<\/ul>\n<p>Specifikacije:<\/p>\n<ul>\n<li>Napon: 24V<\/li>\n<li>Protok: 55 litara u minuti<\/li>\n<li>Maksimalna visina: 28 metara<\/li>\n<li>Snaga motora: 0,4 HP (300 W)<\/li>\n<li>Brzina motora: 2200 RPM<\/li>\n<li>Struja motora: 33 A<\/li>\n<li>Maksimalni tlak: 2,8 bara<\/li>\n<li>Veli\u010dina adaptera crijeva: 1 in\u010d<\/li>\n<li>Te\u017eina: 7 kg<\/li>\n<\/ul>\n<p>Ovaj sustav je osmi\u0161ljen kako bi pobolj\u0161ao va\u0161e iskustvo plovidbe osiguravaju\u0107i pouzdano i u\u010dinkovito upravljanje tlakom slatkovodne vode.<\/p>\n","protected":false},"excerpt":{"rendered":"<p>Tlacni sustav pitke vode CEM 24v 50 lt\/m s EPC-om &#8211; EPC (Elektroni\u010dka Kontrola Tlak) sustav za slatkovodnu pritisak opremljen<\/p>\n","protected":false},"featured_media":5939078,"comment_status":"open","ping_status":"closed","template":"","meta":[],"product_brand":[2976],"product_cat":[1660],"product_tag":[],"class_list":{"0":"post-740518","1":"product","2":"type-product","3":"status-publish","4":"has-post-thumbnail","6":"product_brand-gianneschi-hr","7":"product_cat-pumpe-za-tlak-vode","9":"first","10":"instock","11":"shipping-taxable","12":"purchasable","13":"product-type-simple"},"_links":{"self":[{"href":"https:\/\/stoic-curie.212-227-153-4.plesk.page\/hr\/wp-json\/wp\/v2\/product\/740518","targetHints":{"allow":["GET"]}}],"collection":[{"href":"https:\/\/stoic-curie.212-227-153-4.plesk.page\/hr\/wp-json\/wp\/v2\/product"}],"about":[{"href":"https:\/\/stoic-curie.212-227-153-4.plesk.page\/hr\/wp-json\/wp\/v2\/types\/product"}],"replies":[{"embeddable":true,"href":"https:\/\/stoic-curie.212-227-153-4.plesk.page\/hr\/wp-json\/wp\/v2\/comments?post=740518"}],"version-history":[{"count":0,"href":"https:\/\/stoic-curie.212-227-153-4.plesk.page\/hr\/wp-json\/wp\/v2\/product\/740518\/revisions"}],"wp:featuredmedia":[{"embeddable":true,"href":"https:\/\/stoic-curie.212-227-153-4.plesk.page\/hr\/wp-json\/wp\/v2\/media\/5939078"}],"wp:attachment":[{"href":"https:\/\/stoic-curie.212-227-153-4.plesk.page\/hr\/wp-json\/wp\/v2\/media?parent=740518"}],"wp:term":[{"taxonomy":"product_brand","embeddable":true,"href":"https:\/\/stoic-curie.212-227-153-4.plesk.page\/hr\/wp-json\/wp\/v2\/product_brand?post=740518"},{"taxonomy":"product_cat","embeddable":true,"href":"https:\/\/stoic-curie.212-227-153-4.plesk.page\/hr\/wp-json\/wp\/v2\/product_cat?post=740518"},{"taxonomy":"product_tag","embeddable":true,"href":"https:\/\/stoic-curie.212-227-153-4.plesk.page\/hr\/wp-json\/wp\/v2\/product_tag?post=740518"}],"curies":[{"name":"wp","href":"https:\/\/api.w.org\/{rel}","templated":true}]}}