{"id":740519,"date":"2025-03-03T18:08:46","date_gmt":"2025-03-03T17:08:46","guid":{"rendered":"https:\/\/stoic-curie.212-227-153-4.plesk.page\/producto\/ancor-rucna-pumpa-sa-spojkom-1-1-2-250-lt-m\/"},"modified":"2026-02-25T00:00:45","modified_gmt":"2026-02-25T00:00:45","slug":"ancor-rucna-pumpa-sa-spojkom-1-1-2-250-lt-m","status":"publish","type":"product","link":"https:\/\/stoic-curie.212-227-153-4.plesk.page\/hr\/product\/ancor-rucna-pumpa-sa-spojkom-1-1-2-250-lt-m\/","title":{"rendered":"Ancor ru\u010dna pumpa za kva\u010dilo 250 lt\/m"},"content":{"rendered":"<p>Ancor ru\u010dna pumpa za kva\u010dilo 250 lt\/m &#8211; <\/p>\n<p>Ancor ru\u010dna pumpa sa spojkom, veli\u010dine 1 in\u010d i 1\/2 in\u010da, izvanredan je izbor za one koji trebaju pouzdano rje\u0161enje za pumping. Ova ru\u010dna pumpa \u0107e spojkom se mo\u017ee pohvaliti impresivnim kapacitetom od 250 litara u minuti, \u0161to je \u010dini pogodnom za razne primjene u slatkoj i slanoj vodi. Njezina konstrukcija uklju\u010duje nitrilni impeler, koji osigurava u\u010dinkovito djelovanje, dok bron\u010dano tijelo pru\u017ea snagu i izdr\u017eljivost. Osim toga, osovina od nehr\u0111aju\u0107eg \u010delika dodatno pove\u0107ava pouzdanost pumpe, \u010dine\u0107i je pouzdanim izborom za entuzijaste brodova koji tra\u017ee kvalitetnu opremu za svoje plovila.<\/p>\n","protected":false},"excerpt":{"rendered":"<p>Ancor ru\u010dna pumpa za kva\u010dilo 250 lt\/m &#8211; Ancor ru\u010dna pumpa sa spojkom, veli\u010dine 1 in\u010d i 1\/2 in\u010da, izvanredan<\/p>\n","protected":false},"featured_media":5939079,"comment_status":"open","ping_status":"closed","template":"","meta":[],"product_brand":[2781],"product_cat":[1809],"product_tag":[],"class_list":{"0":"post-740519","1":"product","2":"type-product","3":"status-publish","4":"has-post-thumbnail","6":"product_brand-ancor-marine-hr","7":"product_cat-pumpe-za-hladenje-motora","9":"first","10":"instock","11":"shipping-taxable","12":"purchasable","13":"product-type-simple"},"_links":{"self":[{"href":"https:\/\/stoic-curie.212-227-153-4.plesk.page\/hr\/wp-json\/wp\/v2\/product\/740519","targetHints":{"allow":["GET"]}}],"collection":[{"href":"https:\/\/stoic-curie.212-227-153-4.plesk.page\/hr\/wp-json\/wp\/v2\/product"}],"about":[{"href":"https:\/\/stoic-curie.212-227-153-4.plesk.page\/hr\/wp-json\/wp\/v2\/types\/product"}],"replies":[{"embeddable":true,"href":"https:\/\/stoic-curie.212-227-153-4.plesk.page\/hr\/wp-json\/wp\/v2\/comments?post=740519"}],"version-history":[{"count":0,"href":"https:\/\/stoic-curie.212-227-153-4.plesk.page\/hr\/wp-json\/wp\/v2\/product\/740519\/revisions"}],"wp:featuredmedia":[{"embeddable":true,"href":"https:\/\/stoic-curie.212-227-153-4.plesk.page\/hr\/wp-json\/wp\/v2\/media\/5939079"}],"wp:attachment":[{"href":"https:\/\/stoic-curie.212-227-153-4.plesk.page\/hr\/wp-json\/wp\/v2\/media?parent=740519"}],"wp:term":[{"taxonomy":"product_brand","embeddable":true,"href":"https:\/\/stoic-curie.212-227-153-4.plesk.page\/hr\/wp-json\/wp\/v2\/product_brand?post=740519"},{"taxonomy":"product_cat","embeddable":true,"href":"https:\/\/stoic-curie.212-227-153-4.plesk.page\/hr\/wp-json\/wp\/v2\/product_cat?post=740519"},{"taxonomy":"product_tag","embeddable":true,"href":"https:\/\/stoic-curie.212-227-153-4.plesk.page\/hr\/wp-json\/wp\/v2\/product_tag?post=740519"}],"curies":[{"name":"wp","href":"https:\/\/api.w.org\/{rel}","templated":true}]}}