{"id":740522,"date":"2025-03-03T18:08:47","date_gmt":"2025-03-03T17:08:47","guid":{"rendered":"https:\/\/stoic-curie.212-227-153-4.plesk.page\/producto\/elektomagnetska-pumpa-sa-spojkom-johnson-f8b-5001-1-1-2\/"},"modified":"2026-02-25T00:00:45","modified_gmt":"2026-02-25T00:00:45","slug":"elektomagnetska-pumpa-sa-spojkom-johnson-f8b-5001-1-1-2","status":"publish","type":"product","link":"https:\/\/stoic-curie.212-227-153-4.plesk.page\/hr\/product\/elektomagnetska-pumpa-sa-spojkom-johnson-f8b-5001-1-1-2\/","title":{"rendered":"Johnson 10-13022-99"},"content":{"rendered":"<p>Johnson 10-13022-99 &#8211; <\/p>\n<p style=\"color: rgb(34, 34, 34); font-family: Arial, Helvetica, sans-serif; font-size: small;\">Predstavljamo Johnson Pump F8B-5001, SPX referenca 10-13022-99. Ova pumpa ima elektromagnetnu spojku dizajniranu za te\u0161ke uvjete rada. S ovom inovativnom spojkom mo\u017eete aktivirati pumpu jednostavno pritiskom na gumb, \u010dak i s udaljenosti. Kada je spojena s vakuum prekida\u010dem\u2014preporu\u010duje se za kori\u0161tenje s pumpom za balast\u2014spojka se automatski isklju\u010duje kada pumpa po\u010dne usisavati zrak. Ova funkcija poma\u017ee u sprje\u010davanju suhog rada i \u0161titi pumpu od o\u0161te\u0107enja.<\/p>\n<p style=\"color: rgb(34, 34, 34); font-family: Arial, Helvetica, sans-serif; font-size: small;\">Na\u0161e automatski kontrolirane pumpe dolaze u veli\u010dinama od 1&#8243; do 2\u00bd&#8221; (20 l\/min do 625 l\/min) i dostupne su u 12 ili 24 volta. Dijelovi koji se tro\u0161e lako se zamjenjuju, a kompletne uslu\u017ene kitove nudimo za sve standardne modele. Vakuum prekida\u010d dostupan je kao dodatni dodatak, ali imajte na umu da se spojka mora naru\u010diti zasebno.<\/p>\n<p style=\"color: rgb(34, 34, 34); font-family: Arial, Helvetica, sans-serif; font-size: small;\"><strong>Specifikacije:<\/strong><\/p>\n<ul style=\"color: rgb(34, 34, 34); font-family: Arial, Helvetica, sans-serif; font-size: small;\">\n<li><strong>Korpus pumpe:<\/strong>&nbsp;Bronca<\/li>\n<li><strong>Konekcija za vakuum prekida\u010d<\/strong><\/li>\n<li><strong>Osovina:<\/strong>&nbsp;Nehr\u0111aju\u0107i \u010delik s kontinuirano podmazivanim dvostrukim kugli\u010dnim le\u017eajevima<\/li>\n<li><strong>Brzina:<\/strong>&nbsp;Mehani\u010dka brtva<\/li>\n<li><strong>Kamera:<\/strong>&nbsp;Potpuna ili djelomi\u010dna<\/li>\n<li><strong>Konekcija:<\/strong>&nbsp;1\u00bd&#8221; BSP<\/li>\n<li><strong>Spojka:<\/strong>&nbsp;Elektromagnetna 12\/24 V DC<\/li>\n<li><strong>Remenica:<\/strong>&nbsp;2xA ili 1xB utor<\/li>\n<li><strong>Promjer remenice:<\/strong>&nbsp;178 mm \/ 7&#8243;<\/li>\n<li><strong>Impeler:<\/strong>&nbsp;09-819B<\/li>\n<li><strong>Te\u017eina:<\/strong>&nbsp;9.9 kg &#8211; 22 lbs<\/li>\n<\/ul>\n<p style=\"color: rgb(34, 34, 34); font-family: Arial, Helvetica, sans-serif; font-size: small;\"><strong>Dimenzije:<\/strong><\/p>\n<ul style=\"color: rgb(34, 34, 34); font-family: Arial, Helvetica, sans-serif; font-size: small;\">\n<li><strong>Du\u017eina:<\/strong>&nbsp;225 mm &#8211; 8.85&#8243;<\/li>\n<li><strong>Visina:<\/strong>&nbsp;160 mm &#8211; 6.29&#8243;<\/li>\n<li><strong>\u0160irina:<\/strong>&nbsp;124 mm &#8211; 4.88&#8243;<\/li>\n<\/ul>\n<p style=\"color: rgb(34, 34, 34); font-family: Arial, Helvetica, sans-serif; font-size: small;\">Ova pumpa je pouzan izbor za va\u0161e potrebe na \u010damcu, osiguravaju\u0107i u\u010dinkovitost i izdr\u017eljivost.<\/p>\n","protected":false},"excerpt":{"rendered":"<p>Johnson 10-13022-99 &#8211; Predstavljamo Johnson Pump F8B-5001, SPX referenca 10-13022-99. Ova pumpa ima elektromagnetnu spojku dizajniranu za te\u0161ke uvjete rada.<\/p>\n","protected":false},"featured_media":5939083,"comment_status":"open","ping_status":"closed","template":"","meta":[],"product_brand":[3046],"product_cat":[1809],"product_tag":[],"class_list":{"0":"post-740522","1":"product","2":"type-product","3":"status-publish","4":"has-post-thumbnail","6":"product_brand-johnson-marine-hr","7":"product_cat-pumpe-za-hladenje-motora","9":"first","10":"instock","11":"shipping-taxable","12":"purchasable","13":"product-type-simple"},"_links":{"self":[{"href":"https:\/\/stoic-curie.212-227-153-4.plesk.page\/hr\/wp-json\/wp\/v2\/product\/740522","targetHints":{"allow":["GET"]}}],"collection":[{"href":"https:\/\/stoic-curie.212-227-153-4.plesk.page\/hr\/wp-json\/wp\/v2\/product"}],"about":[{"href":"https:\/\/stoic-curie.212-227-153-4.plesk.page\/hr\/wp-json\/wp\/v2\/types\/product"}],"replies":[{"embeddable":true,"href":"https:\/\/stoic-curie.212-227-153-4.plesk.page\/hr\/wp-json\/wp\/v2\/comments?post=740522"}],"version-history":[{"count":0,"href":"https:\/\/stoic-curie.212-227-153-4.plesk.page\/hr\/wp-json\/wp\/v2\/product\/740522\/revisions"}],"wp:featuredmedia":[{"embeddable":true,"href":"https:\/\/stoic-curie.212-227-153-4.plesk.page\/hr\/wp-json\/wp\/v2\/media\/5939083"}],"wp:attachment":[{"href":"https:\/\/stoic-curie.212-227-153-4.plesk.page\/hr\/wp-json\/wp\/v2\/media?parent=740522"}],"wp:term":[{"taxonomy":"product_brand","embeddable":true,"href":"https:\/\/stoic-curie.212-227-153-4.plesk.page\/hr\/wp-json\/wp\/v2\/product_brand?post=740522"},{"taxonomy":"product_cat","embeddable":true,"href":"https:\/\/stoic-curie.212-227-153-4.plesk.page\/hr\/wp-json\/wp\/v2\/product_cat?post=740522"},{"taxonomy":"product_tag","embeddable":true,"href":"https:\/\/stoic-curie.212-227-153-4.plesk.page\/hr\/wp-json\/wp\/v2\/product_tag?post=740522"}],"curies":[{"name":"wp","href":"https:\/\/api.w.org\/{rel}","templated":true}]}}