{"id":740523,"date":"2025-03-03T18:08:47","date_gmt":"2025-03-03T17:08:47","guid":{"rendered":"https:\/\/stoic-curie.212-227-153-4.plesk.page\/producto\/elektromagnetska-pumpa-sa-spojkom-johnson-2-f9b-5600\/"},"modified":"2026-02-25T00:00:45","modified_gmt":"2026-02-25T00:00:45","slug":"elektromagnetska-pumpa-sa-spojkom-johnson-2-f9b-5600","status":"publish","type":"product","link":"https:\/\/stoic-curie.212-227-153-4.plesk.page\/hr\/product\/elektromagnetska-pumpa-sa-spojkom-johnson-2-f9b-5600\/","title":{"rendered":"Johnson 10-13027-99"},"content":{"rendered":"<p>Johnson 10-13027-99 &#8211; <\/p>\n<p style=\"color: rgb(34, 34, 34); font-family: Arial, Helvetica, sans-serif; font-size: small;\"><strong>Johnson Pump F9B-5600, SPX Referenca 10-13027-99<\/strong><\/p>\n<p style=\"color: rgb(34, 34, 34); font-family: Arial, Helvetica, sans-serif; font-size: small;\">Johnson Pump F9B-5600 ima elektromagnetsku spojku dizajniranu za te\u0161ke uvjete rada. Ova inovativna spojka omogu\u0107uje aktivaciju pumpe pritiskom na gumb, \u010dak i na udaljenosti. Kada je povezana s vakuumskim prekida\u010dem \u2014 preporu\u010duje se za kori\u0161tenje s pumpom za kalju\u017eicu \u2014 spojka se automatski odvaja ako pumpa po\u010dne usisavati zrak. Ova va\u017ena zna\u010dajka poma\u017ee u sprje\u010davanju rada na suho i \u0161titi pumpu od o\u0161te\u0107enja.<\/p>\n<p style=\"color: rgb(34, 34, 34); font-family: Arial, Helvetica, sans-serif; font-size: small;\">Model FxB-5xxx odnosi se na fleksibilnu pumpu s impelerom s izdr\u017eljivim bron\u010danim tijelom. &#8220;5&#8221; ozna\u010dava da se montira na postolje, opremljena je dvostrukim kugli\u010dnim le\u017eajevima i mehani\u010dkim brtvljenjem, a pokre\u0107e je magnetska spojka.<\/p>\n<p style=\"color: rgb(34, 34, 34); font-family: Arial, Helvetica, sans-serif; font-size: small;\"><strong>Varijante proizvoda:<\/strong><\/p>\n<ul style=\"color: rgb(34, 34, 34); font-family: Arial, Helvetica, sans-serif; font-size: small;\">\n<li><strong>TSS:<\/strong> Model Space Saver, dizajniran s horizontalnim flan\u0161ama za u\u0161tedu prostora.<\/li>\n<li><strong>VF:<\/strong> Model s vertikalnim flan\u0161ama.<\/li>\n<\/ul>\n<p style=\"color: rgb(34, 34, 34); font-family: Arial, Helvetica, sans-serif; font-size: small;\">Na\u0161e automatski kontrolirane pumpe dostupne su u veli\u010dinama od 1&#8243; do 2\u00bd&#8221; (20 L\/min do 625 L\/min) i dolaze s spojkama od 12 ili 24 volti. Potro\u0161ni dijelovi se lako mijenjaju, a servisni kompleti su dostupni za sve standardne modele. Vakuumski prekida\u010d mo\u017ee se kupiti kao dodatni pribor. Napominjemo da se spojka mora naru\u010diti odvojeno.<\/p>\n<p style=\"color: rgb(34, 34, 34); font-family: Arial, Helvetica, sans-serif; font-size: small;\">Johnson 10-13027-99 pumpa sa spojkom, izra\u0111ena od bronce, savr\u0161ena je za pranje paluba i kalju\u017ene primjene. Ima neoprenski impeler, mehani\u010dko brtvljenje i sposobnost samoprimanja. Ova pumpa ima 2&#8243; BSP priklju\u010dke i protok od 376 litara u minuti (pri 2000 okretaja u minuti).<\/p>\n<p style=\"color: rgb(34, 34, 34); font-family: Arial, Helvetica, sans-serif; font-size: small;\"><strong>Dimenzije pumpe:<\/strong><\/p>\n<ul style=\"color: rgb(34, 34, 34); font-family: Arial, Helvetica, sans-serif; font-size: small;\">\n<li>Visina: 157 mm<\/li>\n<li>Duljina: 290 mm<\/li>\n<li>\u0160irina: 192 mm<\/li>\n<\/ul>\n<p style=\"color: rgb(34, 34, 34); font-family: Arial, Helvetica, sans-serif; font-size: small;\">Kompatibilna je s elektri\u010dnim sustavima od 12V i 24V.<\/p>\n<p style=\"color: rgb(34, 34, 34); font-family: Arial, Helvetica, sans-serif; font-size: small;\"><strong>Tehni\u010dke specifikacije:<\/strong><\/p>\n<ul style=\"color: rgb(34, 34, 34); font-family: Arial, Helvetica, sans-serif; font-size: small;\">\n<li><strong>Tijelo pumpe:<\/strong> Bron\u010dano<\/li>\n<li><strong>Priklju\u010dak za vakuumski prekida\u010d:<\/strong> Da<\/li>\n<li><strong>Osovina:<\/strong> Nehr\u0111aju\u0107i \u010delik s trajno podmazanim dvostrukim kugli\u010dnim le\u017eajevima<\/li>\n<li><strong>Brtva:<\/strong> Mehani\u010dka brtva<\/li>\n<li><strong>Cam:<\/strong> Potpuni ili djelomi\u010dni zup\u010danik<\/li>\n<li><strong>Priklju\u010dak:<\/strong> 2&#8243; BSP<\/li>\n<li><strong>Spajka:<\/strong> Elektromagnetska 12\/24 V DC<\/li>\n<li><strong>Remenica:<\/strong> 2xA ili 1xB utor<\/li>\n<li><strong>Promjer remenice:<\/strong> 178 mm \/ 7&#8243;<\/li>\n<li><strong>Impeler:<\/strong> 09-802B (09-814B*)<\/li>\n<li><strong>Te\u017eina:<\/strong> 13.2 kg &#8211; 27 lbs<\/li>\n<\/ul>\n<p style=\"color: rgb(34, 34, 34); font-family: Arial, Helvetica, sans-serif; font-size: small;\"><strong>Dimenzije:<\/strong><\/p>\n<ul style=\"color: rgb(34, 34, 34); font-family: Arial, Helvetica, sans-serif; font-size: small;\">\n<li>Duljina: 290 mm &#8211; 11.4&#8243;<\/li>\n<li>Visina: 192 mm &#8211; 7.56&#8243;<\/li>\n<li>\u0160irina: 157 mm &#8211; 6.18&#8243;<\/li>\n<\/ul>\n","protected":false},"excerpt":{"rendered":"<p>Johnson 10-13027-99 &#8211; Johnson Pump F9B-5600, SPX Referenca 10-13027-99 Johnson Pump F9B-5600 ima elektromagnetsku spojku dizajniranu za te\u0161ke uvjete rada.<\/p>\n","protected":false},"featured_media":5939085,"comment_status":"open","ping_status":"closed","template":"","meta":[],"product_brand":[3046],"product_cat":[1809],"product_tag":[],"class_list":{"0":"post-740523","1":"product","2":"type-product","3":"status-publish","4":"has-post-thumbnail","6":"product_brand-johnson-marine-hr","7":"product_cat-pumpe-za-hladenje-motora","9":"first","10":"instock","11":"shipping-taxable","12":"purchasable","13":"product-type-simple"},"_links":{"self":[{"href":"https:\/\/stoic-curie.212-227-153-4.plesk.page\/hr\/wp-json\/wp\/v2\/product\/740523","targetHints":{"allow":["GET"]}}],"collection":[{"href":"https:\/\/stoic-curie.212-227-153-4.plesk.page\/hr\/wp-json\/wp\/v2\/product"}],"about":[{"href":"https:\/\/stoic-curie.212-227-153-4.plesk.page\/hr\/wp-json\/wp\/v2\/types\/product"}],"replies":[{"embeddable":true,"href":"https:\/\/stoic-curie.212-227-153-4.plesk.page\/hr\/wp-json\/wp\/v2\/comments?post=740523"}],"version-history":[{"count":0,"href":"https:\/\/stoic-curie.212-227-153-4.plesk.page\/hr\/wp-json\/wp\/v2\/product\/740523\/revisions"}],"wp:featuredmedia":[{"embeddable":true,"href":"https:\/\/stoic-curie.212-227-153-4.plesk.page\/hr\/wp-json\/wp\/v2\/media\/5939085"}],"wp:attachment":[{"href":"https:\/\/stoic-curie.212-227-153-4.plesk.page\/hr\/wp-json\/wp\/v2\/media?parent=740523"}],"wp:term":[{"taxonomy":"product_brand","embeddable":true,"href":"https:\/\/stoic-curie.212-227-153-4.plesk.page\/hr\/wp-json\/wp\/v2\/product_brand?post=740523"},{"taxonomy":"product_cat","embeddable":true,"href":"https:\/\/stoic-curie.212-227-153-4.plesk.page\/hr\/wp-json\/wp\/v2\/product_cat?post=740523"},{"taxonomy":"product_tag","embeddable":true,"href":"https:\/\/stoic-curie.212-227-153-4.plesk.page\/hr\/wp-json\/wp\/v2\/product_tag?post=740523"}],"curies":[{"name":"wp","href":"https:\/\/api.w.org\/{rel}","templated":true}]}}