{"id":740524,"date":"2025-03-03T18:08:48","date_gmt":"2025-03-03T17:08:48","guid":{"rendered":"https:\/\/stoic-curie.212-227-153-4.plesk.page\/producto\/johnson-03454001-elektromagnetska-kolotura-spojke-12v-2xa-7\/"},"modified":"2026-02-25T00:00:45","modified_gmt":"2026-02-25T00:00:45","slug":"johnson-03454001-elektromagnetska-kolotura-spojke-12v-2xa-7","status":"publish","type":"product","link":"https:\/\/stoic-curie.212-227-153-4.plesk.page\/hr\/product\/johnson-03454001-elektromagnetska-kolotura-spojke-12v-2xa-7\/","title":{"rendered":"Johnson 0.3454.001"},"content":{"rendered":"<p>Johnson 0.3454.001 &#8211; <\/p>\n<p style=\"color: rgb(34, 34, 34); font-family: Arial, Helvetica, sans-serif; font-size: small;\">Elektromagnetska spojka, 12V 2xA 7&#8243; remenjak &#8211; Johnson Pump 0.3454.001<\/p>\n<p style=\"color: rgb(34, 34, 34); font-family: Arial, Helvetica, sans-serif; font-size: small;\">Johnson Pump 0.3454.001 je izdr\u017eljiva 12V elektromagnetska spojka dizajnirana za zahtjevna pomorska okru\u017eenja. Dolazi s 2xA remenjakom, \u0161to je \u010dini svestranom za razne primjene.<\/p>\n<p style=\"color: rgb(34, 34, 34); font-family: Arial, Helvetica, sans-serif; font-size: small;\">Dimenzije artikla: 20.32 x 20.32 x 2.49 cm<br \/>Te\u017eina artikla: 0.45 kilograma<\/p>\n<p style=\"color: rgb(34, 34, 34); font-family: Arial, Helvetica, sans-serif; font-size: small;\">Ova elektromagnetska spojka kompatibilna je s 2xA profilima remena i slu\u017ei kao zamjena za broj dijela 05-32-1.<\/p>\n","protected":false},"excerpt":{"rendered":"<p>Johnson 0.3454.001 &#8211; Elektromagnetska spojka, 12V 2xA 7&#8243; remenjak &#8211; Johnson Pump 0.3454.001 Johnson Pump 0.3454.001 je izdr\u017eljiva 12V elektromagnetska<\/p>\n","protected":false},"featured_media":5939087,"comment_status":"open","ping_status":"closed","template":"","meta":[],"product_brand":[3046],"product_cat":[1809],"product_tag":[],"class_list":{"0":"post-740524","1":"product","2":"type-product","3":"status-publish","4":"has-post-thumbnail","6":"product_brand-johnson-marine-hr","7":"product_cat-pumpe-za-hladenje-motora","9":"first","10":"instock","11":"shipping-taxable","12":"purchasable","13":"product-type-simple"},"_links":{"self":[{"href":"https:\/\/stoic-curie.212-227-153-4.plesk.page\/hr\/wp-json\/wp\/v2\/product\/740524","targetHints":{"allow":["GET"]}}],"collection":[{"href":"https:\/\/stoic-curie.212-227-153-4.plesk.page\/hr\/wp-json\/wp\/v2\/product"}],"about":[{"href":"https:\/\/stoic-curie.212-227-153-4.plesk.page\/hr\/wp-json\/wp\/v2\/types\/product"}],"replies":[{"embeddable":true,"href":"https:\/\/stoic-curie.212-227-153-4.plesk.page\/hr\/wp-json\/wp\/v2\/comments?post=740524"}],"version-history":[{"count":0,"href":"https:\/\/stoic-curie.212-227-153-4.plesk.page\/hr\/wp-json\/wp\/v2\/product\/740524\/revisions"}],"wp:featuredmedia":[{"embeddable":true,"href":"https:\/\/stoic-curie.212-227-153-4.plesk.page\/hr\/wp-json\/wp\/v2\/media\/5939087"}],"wp:attachment":[{"href":"https:\/\/stoic-curie.212-227-153-4.plesk.page\/hr\/wp-json\/wp\/v2\/media?parent=740524"}],"wp:term":[{"taxonomy":"product_brand","embeddable":true,"href":"https:\/\/stoic-curie.212-227-153-4.plesk.page\/hr\/wp-json\/wp\/v2\/product_brand?post=740524"},{"taxonomy":"product_cat","embeddable":true,"href":"https:\/\/stoic-curie.212-227-153-4.plesk.page\/hr\/wp-json\/wp\/v2\/product_cat?post=740524"},{"taxonomy":"product_tag","embeddable":true,"href":"https:\/\/stoic-curie.212-227-153-4.plesk.page\/hr\/wp-json\/wp\/v2\/product_tag?post=740524"}],"curies":[{"name":"wp","href":"https:\/\/api.w.org\/{rel}","templated":true}]}}