{"id":740525,"date":"2025-03-03T18:08:48","date_gmt":"2025-03-03T17:08:48","guid":{"rendered":"https:\/\/stoic-curie.212-227-153-4.plesk.page\/producto\/johnson-03454002-elektromagnetska-kolotura-spojke-24v-2xa-7\/"},"modified":"2026-02-25T00:00:45","modified_gmt":"2026-02-25T00:00:45","slug":"johnson-03454002-elektromagnetska-kolotura-spojke-24v-2xa-7","status":"publish","type":"product","link":"https:\/\/stoic-curie.212-227-153-4.plesk.page\/hr\/product\/johnson-03454002-elektromagnetska-kolotura-spojke-24v-2xa-7\/","title":{"rendered":"Johnson 0.3454.002"},"content":{"rendered":"<p>Johnson 0.3454.002 &#8211; <\/p>\n<p style=\"color: rgb(34, 34, 34); font-family: Arial, Helvetica, sans-serif; font-size: small;\">Elektromagnetska spojka, 24V 2xA 7&#8243; remenica. Johnsonova elektromagnetska spojka dizajnirana je za kori\u0161tenje s Johnsonovim pumpama s fleksibilnim impelerom. Grozd 2xA na ovoj spojci kompatibilan je s remenicom motora. Alternativna referenca Johnsona za ovu spojku je 0.3454.002.<\/p>\n<p style=\"color: rgb(34, 34, 34); font-family: Arial, Helvetica, sans-serif; font-size: small;\">Johnson Pump 0.3454.002 &#8211; Elektromagnetska spojka, 24V, 2xA 7&#8243; remenica (05-32-2)<\/p>\n<p style=\"color: rgb(34, 34, 34); font-family: Arial, Helvetica, sans-serif; font-size: small;\">Johnson Pump 0.3454.002 Elektromagnetska spojka pouzdano i u\u010dinkovito osigurava pumping snagu kad god zatreba, \u010dak i kada niste fizi\u010dki uz pumpu. Ova spojka ima 2xA 7&#8243; remenicu i radi na 24V, nude\u0107i prakti\u010dnost i automatizaciju za va\u0161e zadatke pumpanja. Kada se koristi s vakuumskim prekida\u010dem (preporu\u010duje se za primjene s pumpama za odvodnju), spojka se automatski isklju\u010duje kada pumpa po\u010dne primati zrak, \u010dime se sprje\u010dava suho rada i potencijalna \u0161teta na pumpi.<\/p>\n<ul style=\"color: rgb(34, 34, 34); font-family: Arial, Helvetica, sans-serif; font-size: small;\">\n<li>Vrhunski izra\u0111eno od visokokvalitetnih materijala.<\/li>\n<li>Povoljna cijena bez kompromisa po pitanju kvalitete.<\/li>\n<li>Dizajnirano da zadovolji stroge standarde kvalitete.<\/li>\n<\/ul>\n<p style=\"color: rgb(34, 34, 34); font-family: Arial, Helvetica, sans-serif; font-size: small;\"><strong>Upozorenje:<\/strong> Ovaj proizvod mo\u017ee sadr\u017eavati materijale koji podlije\u017eu Kalifornijskoj propisici 65.<\/p>\n<p style=\"color: rgb(34, 34, 34); font-family: Arial, Helvetica, sans-serif; font-size: small;\"><strong>Specifikacije:<\/strong><\/p>\n<ul style=\"color: rgb(34, 34, 34); font-family: Arial, Helvetica, sans-serif; font-size: small;\">\n<li>Tip: 2xA 7&#8243; remenica<\/li>\n<li>Napon: 24V<\/li>\n<li>Marka: SPX Johnson Pump<\/li>\n<li>Te\u017eina pakiranja: 2.60 kg<\/li>\n<\/ul>\n<p style=\"color: rgb(34, 34, 34); font-family: Arial, Helvetica, sans-serif; font-size: small;\"><strong>Zamjenjuje:<\/strong> Johnson 0.3454.002<br \/><strong>Marka:<\/strong> Johnson<br \/><strong>Napon opisa:<\/strong> 24V DC<br \/><strong>Opis promjera:<\/strong> 178mm<\/p>\n","protected":false},"excerpt":{"rendered":"<p>Johnson 0.3454.002 &#8211; Elektromagnetska spojka, 24V 2xA 7&#8243; remenica. Johnsonova elektromagnetska spojka dizajnirana je za kori\u0161tenje s Johnsonovim pumpama s<\/p>\n","protected":false},"featured_media":5939087,"comment_status":"open","ping_status":"closed","template":"","meta":[],"product_brand":[3046],"product_cat":[1809],"product_tag":[],"class_list":{"0":"post-740525","1":"product","2":"type-product","3":"status-publish","4":"has-post-thumbnail","6":"product_brand-johnson-marine-hr","7":"product_cat-pumpe-za-hladenje-motora","9":"first","10":"instock","11":"shipping-taxable","12":"purchasable","13":"product-type-simple"},"_links":{"self":[{"href":"https:\/\/stoic-curie.212-227-153-4.plesk.page\/hr\/wp-json\/wp\/v2\/product\/740525","targetHints":{"allow":["GET"]}}],"collection":[{"href":"https:\/\/stoic-curie.212-227-153-4.plesk.page\/hr\/wp-json\/wp\/v2\/product"}],"about":[{"href":"https:\/\/stoic-curie.212-227-153-4.plesk.page\/hr\/wp-json\/wp\/v2\/types\/product"}],"replies":[{"embeddable":true,"href":"https:\/\/stoic-curie.212-227-153-4.plesk.page\/hr\/wp-json\/wp\/v2\/comments?post=740525"}],"version-history":[{"count":0,"href":"https:\/\/stoic-curie.212-227-153-4.plesk.page\/hr\/wp-json\/wp\/v2\/product\/740525\/revisions"}],"wp:featuredmedia":[{"embeddable":true,"href":"https:\/\/stoic-curie.212-227-153-4.plesk.page\/hr\/wp-json\/wp\/v2\/media\/5939087"}],"wp:attachment":[{"href":"https:\/\/stoic-curie.212-227-153-4.plesk.page\/hr\/wp-json\/wp\/v2\/media?parent=740525"}],"wp:term":[{"taxonomy":"product_brand","embeddable":true,"href":"https:\/\/stoic-curie.212-227-153-4.plesk.page\/hr\/wp-json\/wp\/v2\/product_brand?post=740525"},{"taxonomy":"product_cat","embeddable":true,"href":"https:\/\/stoic-curie.212-227-153-4.plesk.page\/hr\/wp-json\/wp\/v2\/product_cat?post=740525"},{"taxonomy":"product_tag","embeddable":true,"href":"https:\/\/stoic-curie.212-227-153-4.plesk.page\/hr\/wp-json\/wp\/v2\/product_tag?post=740525"}],"curies":[{"name":"wp","href":"https:\/\/api.w.org\/{rel}","templated":true}]}}