{"id":740547,"date":"2025-03-03T18:08:54","date_gmt":"2025-03-03T17:08:54","guid":{"rendered":"https:\/\/stoic-curie.212-227-153-4.plesk.page\/producto\/pumpa-za-vodu-johnson-spx-10-13021-1-f8b-8\/"},"modified":"2026-02-25T00:00:45","modified_gmt":"2026-02-25T00:00:45","slug":"pumpa-za-vodu-johnson-spx-10-13021-1-f8b-8","status":"publish","type":"product","link":"https:\/\/stoic-curie.212-227-153-4.plesk.page\/hr\/product\/pumpa-za-vodu-johnson-spx-10-13021-1-f8b-8\/","title":{"rendered":"Vodena pumpa F8B-8 Johnson 10-13021-1"},"content":{"rendered":"<p>Vodena pumpa F8B-8 Johnson 10-13021-1 &#8211; <\/p>\n<p style=\"color: rgb(34, 34, 34); font-family: Arial, Helvetica, sans-serif; font-size: small;\">Predstavljamo Bronze Body Neoprene Impeller Cooling Pump Johnson F8B-8, kompaktnu i svestranu samo-podiznu impeler pumpu. Ova pumpa se mo\u017ee upravljati remenom ili instalirati u liniji, \u0161to je \u010dini savr\u0161enom za razli\u010dite primene kao \u0161to su hla\u0111enje motora, ispu\u0161ni pumpanje, pranje palube, prijenos svje\u017ee vode i prijenos goriva. Tako\u0111e je pogodna za kori\u0161tenje na obali, uklju\u010duju\u0107i pra\u017enjenje septi\u010dkih tankova, ispiranje i punjenje rezervoara za vodu. Opcijska vakuumska sklopka dostupna je samo za model F8B-8. Pumpa sada ima podlo\u0161ke za tro\u0161enje i pokrove od nehr\u0111aju\u0107eg \u010delika za pobolj\u0161anu izdr\u017eljivost.<\/p>\n<p style=\"color: rgb(34, 34, 34); font-family: Arial, Helvetica, sans-serif; font-size: small;\">Johnson F8B-8 pumpa je dizajnirana za upravljanje remenom i monta\u017eu na podu. Ona zamjenjuje Jabsco modele 52200-2011 i 6400-2001 i kompatibilna je s marinama kao \u0161to su Albin Motor G62, G62T, Caterpillar 3208 i Schwarting S424.<\/p>\n<p style=\"color: rgb(34, 34, 34); font-family: Arial, Helvetica, sans-serif; font-size: small;\"><strong>Tehni\u010dke specifikacije<\/strong>&nbsp;(Potpuni podaci dostupni na zahtjev):<\/p>\n<ul style=\"color: rgb(34, 34, 34); font-family: Arial, Helvetica, sans-serif; font-size: small;\">\n<li><strong>Telo:<\/strong>&nbsp;Bronza<\/li>\n<li><strong>Osovina:<\/strong>&nbsp;Nehr\u0111aju\u0107i \u010delik, montirana na dvostrukim kugli\u010dnim le\u017eajevima<\/li>\n<li><strong>Brtva:<\/strong>&nbsp;Mehani\u010dka brtva<\/li>\n<li><strong>Impeler:<\/strong>&nbsp;MC97 &amp; Neopren (standardna) ili Nitril (dostupno na zahtjev)<\/li>\n<li><strong>Kam:<\/strong>&nbsp;Pun (standardni) ili Smanjeni (dostupno na zahtjev)<\/li>\n<li><strong>Tablica:<\/strong>&nbsp;E<\/li>\n<li><strong>Portovi:<\/strong>&nbsp;1-1\/2&#8243; BSP<\/li>\n<li><strong>Te\u017eina:<\/strong>&nbsp;5.9 kg<\/li>\n<li><strong>Model impelera:<\/strong>&nbsp;09-819B (Neopren)<\/li>\n<\/ul>\n<p style=\"color: rgb(34, 34, 34); font-family: Arial, Helvetica, sans-serif; font-size: small;\">Ovaj proizvod prepoznaje se po referentnom broju Johnson 10-13021-01, poznatijem kao Johnson Pump 10-13021-1. Ima dizajn montiran na podu i uklju\u010duje 38mm (1-1\/2&#8243; ) BSP navojne portove, pru\u017eaju\u0107i fleksibilnost za va\u0161e potrebe hla\u0111enja.<\/p>\n<p style=\"color: rgb(34, 34, 34); font-family: Arial, Helvetica, sans-serif; font-size: small;\"><strong>Klju\u010dne karakteristike:<\/strong><\/p>\n<ul style=\"color: rgb(34, 34, 34); font-family: Arial, Helvetica, sans-serif; font-size: small;\">\n<li>Samo-podizna pumpa za hla\u0111enje motora, veli\u010dina F8<\/li>\n<li>Izdr\u017eljiva konstrukcija od bron\u010dane tjelesne forme<\/li>\n<li>Opremljena mehani\u010dkom brtvom i 1:1 kamom<\/li>\n<li>Upravlja se osovinom promjera 24mm sa klju\u010dnim pogonom (27.3mm \/ klju\u010d 8.1mm)<\/li>\n<li>Uklju\u010duje Neopren impeler<\/li>\n<li>Povezivanje: 38mm (1-1\/2&#8243; ) BSP navojni portovi<\/li>\n<\/ul>\n<p style=\"color: rgb(34, 34, 34); font-family: Arial, Helvetica, sans-serif; font-size: small;\">Ova svestrana pumpa je idealna za razne primjene i obi\u010dno se koristi s motorima kao \u0161to su Albin Motor G62\/G62T i Caterpillar 3208. To je odli\u010dna zamjena za OEM broj dijela 1829512.<\/p>\n","protected":false},"excerpt":{"rendered":"<p>Vodena pumpa F8B-8 Johnson 10-13021-1 &#8211; Predstavljamo Bronze Body Neoprene Impeller Cooling Pump Johnson F8B-8, kompaktnu i svestranu samo-podiznu impeler<\/p>\n","protected":false},"featured_media":5939130,"comment_status":"open","ping_status":"closed","template":"","meta":[],"product_brand":[3046],"product_cat":[1809],"product_tag":[],"class_list":{"0":"post-740547","1":"product","2":"type-product","3":"status-publish","4":"has-post-thumbnail","6":"product_brand-johnson-marine-hr","7":"product_cat-pumpe-za-hladenje-motora","9":"first","10":"instock","11":"shipping-taxable","12":"purchasable","13":"product-type-simple"},"_links":{"self":[{"href":"https:\/\/stoic-curie.212-227-153-4.plesk.page\/hr\/wp-json\/wp\/v2\/product\/740547","targetHints":{"allow":["GET"]}}],"collection":[{"href":"https:\/\/stoic-curie.212-227-153-4.plesk.page\/hr\/wp-json\/wp\/v2\/product"}],"about":[{"href":"https:\/\/stoic-curie.212-227-153-4.plesk.page\/hr\/wp-json\/wp\/v2\/types\/product"}],"replies":[{"embeddable":true,"href":"https:\/\/stoic-curie.212-227-153-4.plesk.page\/hr\/wp-json\/wp\/v2\/comments?post=740547"}],"version-history":[{"count":0,"href":"https:\/\/stoic-curie.212-227-153-4.plesk.page\/hr\/wp-json\/wp\/v2\/product\/740547\/revisions"}],"wp:featuredmedia":[{"embeddable":true,"href":"https:\/\/stoic-curie.212-227-153-4.plesk.page\/hr\/wp-json\/wp\/v2\/media\/5939130"}],"wp:attachment":[{"href":"https:\/\/stoic-curie.212-227-153-4.plesk.page\/hr\/wp-json\/wp\/v2\/media?parent=740547"}],"wp:term":[{"taxonomy":"product_brand","embeddable":true,"href":"https:\/\/stoic-curie.212-227-153-4.plesk.page\/hr\/wp-json\/wp\/v2\/product_brand?post=740547"},{"taxonomy":"product_cat","embeddable":true,"href":"https:\/\/stoic-curie.212-227-153-4.plesk.page\/hr\/wp-json\/wp\/v2\/product_cat?post=740547"},{"taxonomy":"product_tag","embeddable":true,"href":"https:\/\/stoic-curie.212-227-153-4.plesk.page\/hr\/wp-json\/wp\/v2\/product_tag?post=740547"}],"curies":[{"name":"wp","href":"https:\/\/api.w.org\/{rel}","templated":true}]}}