{"id":740557,"date":"2025-03-03T18:08:56","date_gmt":"2025-03-03T17:08:56","guid":{"rendered":"https:\/\/stoic-curie.212-227-153-4.plesk.page\/producto\/kit-za-popravak-pumpe-ancor-pm37\/"},"modified":"2026-02-25T00:00:45","modified_gmt":"2026-02-25T00:00:45","slug":"kit-za-popravak-pumpe-ancor-pm37","status":"publish","type":"product","link":"https:\/\/stoic-curie.212-227-153-4.plesk.page\/hr\/product\/kit-za-popravak-pumpe-ancor-pm37\/","title":{"rendered":"Kit za popravak pumpe Ancor Pm37"},"content":{"rendered":"<p>Kit za popravak pumpe Ancor Pm37 &#8211; <\/p>\n<p>Servisni set za odr\u017eavanje Ancor pumpi za hla\u0111enje. Sadr\u017ei: impeler, brtve, le\u017eajeve, poklopac s vijcima, kam, lubrikant i korisni\u010dki priru\u010dnik.<\/p>\n","protected":false},"excerpt":{"rendered":"<p>Kit za popravak pumpe Ancor Pm37 &#8211; Servisni set za odr\u017eavanje Ancor pumpi za hla\u0111enje. Sadr\u017ei: impeler, brtve, le\u017eajeve, poklopac<\/p>\n","protected":false},"featured_media":5939139,"comment_status":"open","ping_status":"closed","template":"","meta":[],"product_brand":[2240,2781],"product_cat":[1809],"product_tag":[],"class_list":{"0":"post-740557","1":"product","2":"type-product","3":"status-publish","4":"has-post-thumbnail","6":"product_brand-ancor-marine","7":"product_brand-ancor-marine-hr","8":"product_cat-pumpe-za-hladenje-motora","10":"first","11":"instock","12":"shipping-taxable","13":"purchasable","14":"product-type-simple"},"_links":{"self":[{"href":"https:\/\/stoic-curie.212-227-153-4.plesk.page\/hr\/wp-json\/wp\/v2\/product\/740557","targetHints":{"allow":["GET"]}}],"collection":[{"href":"https:\/\/stoic-curie.212-227-153-4.plesk.page\/hr\/wp-json\/wp\/v2\/product"}],"about":[{"href":"https:\/\/stoic-curie.212-227-153-4.plesk.page\/hr\/wp-json\/wp\/v2\/types\/product"}],"replies":[{"embeddable":true,"href":"https:\/\/stoic-curie.212-227-153-4.plesk.page\/hr\/wp-json\/wp\/v2\/comments?post=740557"}],"version-history":[{"count":0,"href":"https:\/\/stoic-curie.212-227-153-4.plesk.page\/hr\/wp-json\/wp\/v2\/product\/740557\/revisions"}],"wp:featuredmedia":[{"embeddable":true,"href":"https:\/\/stoic-curie.212-227-153-4.plesk.page\/hr\/wp-json\/wp\/v2\/media\/5939139"}],"wp:attachment":[{"href":"https:\/\/stoic-curie.212-227-153-4.plesk.page\/hr\/wp-json\/wp\/v2\/media?parent=740557"}],"wp:term":[{"taxonomy":"product_brand","embeddable":true,"href":"https:\/\/stoic-curie.212-227-153-4.plesk.page\/hr\/wp-json\/wp\/v2\/product_brand?post=740557"},{"taxonomy":"product_cat","embeddable":true,"href":"https:\/\/stoic-curie.212-227-153-4.plesk.page\/hr\/wp-json\/wp\/v2\/product_cat?post=740557"},{"taxonomy":"product_tag","embeddable":true,"href":"https:\/\/stoic-curie.212-227-153-4.plesk.page\/hr\/wp-json\/wp\/v2\/product_tag?post=740557"}],"curies":[{"name":"wp","href":"https:\/\/api.w.org\/{rel}","templated":true}]}}