{"id":740574,"date":"2025-03-03T18:10:34","date_gmt":"2025-03-03T17:10:34","guid":{"rendered":"https:\/\/stoic-curie.212-227-153-4.plesk.page\/producto\/rucna-kaljuzna-pumpa-viking-compact-35-i-28-mm\/"},"modified":"2026-02-25T00:00:45","modified_gmt":"2026-02-25T00:00:45","slug":"rucna-kaljuzna-pumpa-viking-compact-35-i-28-mm","status":"publish","type":"product","link":"https:\/\/stoic-curie.212-227-153-4.plesk.page\/hr\/product\/rucna-kaljuzna-pumpa-viking-compact-35-i-28-mm\/","title":{"rendered":"Ru\u010dna kalju\u017ena pumpa Viking Compact (35 i 28 mm)"},"content":{"rendered":"<p>Ru\u010dna kalju\u017ena pumpa Viking Compact (35 i 28 mm) &#8211; <\/p>\n<p>Diaphragm pumpa za ispu\u0161tanje s povr\u0161inskom monta\u017eom. Uvijek spremna za upotrebu zahvaljuju\u0107i integriranoj ru\u010dki. Trenutno samoodsisavanje do 3,3 metra. Ulazne i izlazne spojnice mogu se okretati u bilo kojem smjeru.<\/p>\n","protected":false},"excerpt":{"rendered":"<p>Ru\u010dna kalju\u017ena pumpa Viking Compact (35 i 28 mm) &#8211; Diaphragm pumpa za ispu\u0161tanje s povr\u0161inskom monta\u017eom. Uvijek spremna za<\/p>\n","protected":false},"featured_media":5939148,"comment_status":"open","ping_status":"closed","template":"","meta":[],"product_brand":[3046],"product_cat":[1654],"product_tag":[],"class_list":{"0":"post-740574","1":"product","2":"type-product","3":"status-publish","4":"has-post-thumbnail","6":"product_brand-johnson-marine-hr","7":"product_cat-rucne-kaljuzne-pumpe","9":"first","10":"instock","11":"shipping-taxable","12":"purchasable","13":"product-type-simple"},"_links":{"self":[{"href":"https:\/\/stoic-curie.212-227-153-4.plesk.page\/hr\/wp-json\/wp\/v2\/product\/740574","targetHints":{"allow":["GET"]}}],"collection":[{"href":"https:\/\/stoic-curie.212-227-153-4.plesk.page\/hr\/wp-json\/wp\/v2\/product"}],"about":[{"href":"https:\/\/stoic-curie.212-227-153-4.plesk.page\/hr\/wp-json\/wp\/v2\/types\/product"}],"replies":[{"embeddable":true,"href":"https:\/\/stoic-curie.212-227-153-4.plesk.page\/hr\/wp-json\/wp\/v2\/comments?post=740574"}],"version-history":[{"count":0,"href":"https:\/\/stoic-curie.212-227-153-4.plesk.page\/hr\/wp-json\/wp\/v2\/product\/740574\/revisions"}],"wp:featuredmedia":[{"embeddable":true,"href":"https:\/\/stoic-curie.212-227-153-4.plesk.page\/hr\/wp-json\/wp\/v2\/media\/5939148"}],"wp:attachment":[{"href":"https:\/\/stoic-curie.212-227-153-4.plesk.page\/hr\/wp-json\/wp\/v2\/media?parent=740574"}],"wp:term":[{"taxonomy":"product_brand","embeddable":true,"href":"https:\/\/stoic-curie.212-227-153-4.plesk.page\/hr\/wp-json\/wp\/v2\/product_brand?post=740574"},{"taxonomy":"product_cat","embeddable":true,"href":"https:\/\/stoic-curie.212-227-153-4.plesk.page\/hr\/wp-json\/wp\/v2\/product_cat?post=740574"},{"taxonomy":"product_tag","embeddable":true,"href":"https:\/\/stoic-curie.212-227-153-4.plesk.page\/hr\/wp-json\/wp\/v2\/product_tag?post=740574"}],"curies":[{"name":"wp","href":"https:\/\/api.w.org\/{rel}","templated":true}]}}