{"id":740583,"date":"2025-03-03T18:10:36","date_gmt":"2025-03-03T17:10:36","guid":{"rendered":"https:\/\/stoic-curie.212-227-153-4.plesk.page\/producto\/visokotlacna-cirkulacijska-pumpa-c090p5-1-24-v-100-l-min\/"},"modified":"2026-02-25T00:00:45","modified_gmt":"2026-02-25T00:00:45","slug":"visokotlacna-cirkulacijska-pumpa-c090p5-1-24-v-100-l-min","status":"publish","type":"product","link":"https:\/\/stoic-curie.212-227-153-4.plesk.page\/hr\/product\/visokotlacna-cirkulacijska-pumpa-c090p5-1-24-v-100-l-min\/","title":{"rendered":"Visokotlacna cirkulacijska pumpa C090P5-1 24 V 100 l \/ min"},"content":{"rendered":"<p>Visokotlacna cirkulacijska pumpa C090P5-1 24 V 100 l \/ min &#8211; <\/p>\n<p>Centrifugalna pumpa za ulaz i kontinuiranu cirkulaciju svje\u017ee vode i mje\u0161avine vode i glicerola (maks. 60%) u sustavima hla\u0111enja. Motor s trajnim magnetom, montiran na kugli\u010dnim le\u017eajevima, dizajniran za kontinuirani rad. Temperatura teku\u0107ine: Min -30 \u00b0C, Max +100 \u00b0C.<\/p>\n","protected":false},"excerpt":{"rendered":"<p>Visokotlacna cirkulacijska pumpa C090P5-1 24 V 100 l \/ min &#8211; Centrifugalna pumpa za ulaz i kontinuiranu cirkulaciju svje\u017ee vode<\/p>\n","protected":false},"featured_media":5939160,"comment_status":"open","ping_status":"closed","template":"","meta":[],"product_brand":[3046],"product_cat":[1671],"product_tag":[],"class_list":{"0":"post-740583","1":"product","2":"type-product","3":"status-publish","4":"has-post-thumbnail","6":"product_brand-johnson-marine-hr","7":"product_cat-cirkulacijske-crpke","9":"first","10":"instock","11":"shipping-taxable","12":"purchasable","13":"product-type-simple"},"_links":{"self":[{"href":"https:\/\/stoic-curie.212-227-153-4.plesk.page\/hr\/wp-json\/wp\/v2\/product\/740583","targetHints":{"allow":["GET"]}}],"collection":[{"href":"https:\/\/stoic-curie.212-227-153-4.plesk.page\/hr\/wp-json\/wp\/v2\/product"}],"about":[{"href":"https:\/\/stoic-curie.212-227-153-4.plesk.page\/hr\/wp-json\/wp\/v2\/types\/product"}],"replies":[{"embeddable":true,"href":"https:\/\/stoic-curie.212-227-153-4.plesk.page\/hr\/wp-json\/wp\/v2\/comments?post=740583"}],"version-history":[{"count":0,"href":"https:\/\/stoic-curie.212-227-153-4.plesk.page\/hr\/wp-json\/wp\/v2\/product\/740583\/revisions"}],"wp:featuredmedia":[{"embeddable":true,"href":"https:\/\/stoic-curie.212-227-153-4.plesk.page\/hr\/wp-json\/wp\/v2\/media\/5939160"}],"wp:attachment":[{"href":"https:\/\/stoic-curie.212-227-153-4.plesk.page\/hr\/wp-json\/wp\/v2\/media?parent=740583"}],"wp:term":[{"taxonomy":"product_brand","embeddable":true,"href":"https:\/\/stoic-curie.212-227-153-4.plesk.page\/hr\/wp-json\/wp\/v2\/product_brand?post=740583"},{"taxonomy":"product_cat","embeddable":true,"href":"https:\/\/stoic-curie.212-227-153-4.plesk.page\/hr\/wp-json\/wp\/v2\/product_cat?post=740583"},{"taxonomy":"product_tag","embeddable":true,"href":"https:\/\/stoic-curie.212-227-153-4.plesk.page\/hr\/wp-json\/wp\/v2\/product_tag?post=740583"}],"curies":[{"name":"wp","href":"https:\/\/api.w.org\/{rel}","templated":true}]}}