{"id":740594,"date":"2025-03-03T18:10:39","date_gmt":"2025-03-03T17:10:39","guid":{"rendered":"https:\/\/stoic-curie.212-227-153-4.plesk.page\/producto\/motor-brisaca-vjetrobranskog-stakla-roca-w5-24v\/"},"modified":"2026-02-25T00:00:45","modified_gmt":"2026-02-25T00:00:45","slug":"motor-brisaca-vjetrobranskog-stakla-roca-w5-24v","status":"publish","type":"product","link":"https:\/\/stoic-curie.212-227-153-4.plesk.page\/hr\/product\/motor-brisaca-vjetrobranskog-stakla-roca-w5-24v\/","title":{"rendered":"Motor brisa\u010da vjetrobranskog stakla Roca W5 24v"},"content":{"rendered":"<p>Motor brisa\u010da vjetrobranskog stakla Roca W5 24v &#8211; <\/p>\n<p>Roca W5 brisa\u010d za vjetrobranska stakla za male brodove. Motor s jednim brzinom od 5 Nm s automatskim samoparkiranjem desno ili lijevo i podesivim kutom brisanja od 90\u00b0 do 110\u00b0. Mora se dovr\u0161iti s brisa\u010dem i o\u0161tricom od bru\u0161enog \u010delika. 90\u00b0 bo\u010dno A-tip brisanja.<\/p>\n","protected":false},"excerpt":{"rendered":"<p>Motor brisa\u010da vjetrobranskog stakla Roca W5 24v &#8211; Roca W5 brisa\u010d za vjetrobranska stakla za male brodove. Motor s jednim<\/p>\n","protected":false},"featured_media":5939170,"comment_status":"open","ping_status":"closed","template":"","meta":[],"product_brand":[3316],"product_cat":[1735],"product_tag":[],"class_list":{"0":"post-740594","1":"product","2":"type-product","3":"status-publish","4":"has-post-thumbnail","6":"product_brand-roca-marine-hr","7":"product_cat-brisaci-vjetrobranskog-stakla-na-brodu","9":"first","10":"instock","11":"shipping-taxable","12":"purchasable","13":"product-type-simple"},"_links":{"self":[{"href":"https:\/\/stoic-curie.212-227-153-4.plesk.page\/hr\/wp-json\/wp\/v2\/product\/740594","targetHints":{"allow":["GET"]}}],"collection":[{"href":"https:\/\/stoic-curie.212-227-153-4.plesk.page\/hr\/wp-json\/wp\/v2\/product"}],"about":[{"href":"https:\/\/stoic-curie.212-227-153-4.plesk.page\/hr\/wp-json\/wp\/v2\/types\/product"}],"replies":[{"embeddable":true,"href":"https:\/\/stoic-curie.212-227-153-4.plesk.page\/hr\/wp-json\/wp\/v2\/comments?post=740594"}],"version-history":[{"count":0,"href":"https:\/\/stoic-curie.212-227-153-4.plesk.page\/hr\/wp-json\/wp\/v2\/product\/740594\/revisions"}],"wp:featuredmedia":[{"embeddable":true,"href":"https:\/\/stoic-curie.212-227-153-4.plesk.page\/hr\/wp-json\/wp\/v2\/media\/5939170"}],"wp:attachment":[{"href":"https:\/\/stoic-curie.212-227-153-4.plesk.page\/hr\/wp-json\/wp\/v2\/media?parent=740594"}],"wp:term":[{"taxonomy":"product_brand","embeddable":true,"href":"https:\/\/stoic-curie.212-227-153-4.plesk.page\/hr\/wp-json\/wp\/v2\/product_brand?post=740594"},{"taxonomy":"product_cat","embeddable":true,"href":"https:\/\/stoic-curie.212-227-153-4.plesk.page\/hr\/wp-json\/wp\/v2\/product_cat?post=740594"},{"taxonomy":"product_tag","embeddable":true,"href":"https:\/\/stoic-curie.212-227-153-4.plesk.page\/hr\/wp-json\/wp\/v2\/product_tag?post=740594"}],"curies":[{"name":"wp","href":"https:\/\/api.w.org\/{rel}","templated":true}]}}