{"id":740598,"date":"2025-03-03T18:10:40","date_gmt":"2025-03-03T17:10:40","guid":{"rendered":"https:\/\/stoic-curie.212-227-153-4.plesk.page\/producto\/brisac-vjetrobranskog-stakla-roca-w38-24v-53mm\/"},"modified":"2026-02-25T00:00:45","modified_gmt":"2026-02-25T00:00:45","slug":"brisac-vjetrobranskog-stakla-roca-w38-24v-53mm","status":"publish","type":"product","link":"https:\/\/stoic-curie.212-227-153-4.plesk.page\/hr\/product\/brisac-vjetrobranskog-stakla-roca-w38-24v-53mm\/","title":{"rendered":"Brisa\u010d vjetrobranskog stakla Roca W38 24v  &#8211; 53mm"},"content":{"rendered":"<p>Brisa\u010d vjetrobranskog stakla Roca W38 24v  &#8211; 53mm &#8211; <\/p>\n<p>Vrhunski brisa\u010d vjetrobranskog stakla Roca W38 za srednje velike brodove. Tako\u0111er za profesionalnu upotrebu na radnim brodovima. Motor snage 38 Nm s 35 ili 55 brisanja u minuti, automatsko samoparkiranje lijevo ili desno i podesiv kut brisanja od 45\u00b0 do 110\u00b0. Potro\u0161nja 3A u mirovanju i 7A pod punim optere\u0107enjem pri 12V. <br \/> Treba ga dopuniti pantografskom rukom i krilcem. Pantografska ruka opremljena je mlaznicom za prskanje i crijevom du\u017eine 1,1 metra.<\/p>\n","protected":false},"excerpt":{"rendered":"<p>Brisa\u010d vjetrobranskog stakla Roca W38 24v &#8211; 53mm &#8211; Vrhunski brisa\u010d vjetrobranskog stakla Roca W38 za srednje velike brodove. Tako\u0111er<\/p>\n","protected":false},"featured_media":5939177,"comment_status":"open","ping_status":"closed","template":"","meta":[],"product_brand":[3316],"product_cat":[1735],"product_tag":[],"class_list":{"0":"post-740598","1":"product","2":"type-product","3":"status-publish","4":"has-post-thumbnail","6":"product_brand-roca-marine-hr","7":"product_cat-brisaci-vjetrobranskog-stakla-na-brodu","9":"first","10":"instock","11":"shipping-taxable","12":"purchasable","13":"product-type-simple"},"_links":{"self":[{"href":"https:\/\/stoic-curie.212-227-153-4.plesk.page\/hr\/wp-json\/wp\/v2\/product\/740598","targetHints":{"allow":["GET"]}}],"collection":[{"href":"https:\/\/stoic-curie.212-227-153-4.plesk.page\/hr\/wp-json\/wp\/v2\/product"}],"about":[{"href":"https:\/\/stoic-curie.212-227-153-4.plesk.page\/hr\/wp-json\/wp\/v2\/types\/product"}],"replies":[{"embeddable":true,"href":"https:\/\/stoic-curie.212-227-153-4.plesk.page\/hr\/wp-json\/wp\/v2\/comments?post=740598"}],"version-history":[{"count":0,"href":"https:\/\/stoic-curie.212-227-153-4.plesk.page\/hr\/wp-json\/wp\/v2\/product\/740598\/revisions"}],"wp:featuredmedia":[{"embeddable":true,"href":"https:\/\/stoic-curie.212-227-153-4.plesk.page\/hr\/wp-json\/wp\/v2\/media\/5939177"}],"wp:attachment":[{"href":"https:\/\/stoic-curie.212-227-153-4.plesk.page\/hr\/wp-json\/wp\/v2\/media?parent=740598"}],"wp:term":[{"taxonomy":"product_brand","embeddable":true,"href":"https:\/\/stoic-curie.212-227-153-4.plesk.page\/hr\/wp-json\/wp\/v2\/product_brand?post=740598"},{"taxonomy":"product_cat","embeddable":true,"href":"https:\/\/stoic-curie.212-227-153-4.plesk.page\/hr\/wp-json\/wp\/v2\/product_cat?post=740598"},{"taxonomy":"product_tag","embeddable":true,"href":"https:\/\/stoic-curie.212-227-153-4.plesk.page\/hr\/wp-json\/wp\/v2\/product_tag?post=740598"}],"curies":[{"name":"wp","href":"https:\/\/api.w.org\/{rel}","templated":true}]}}