{"id":740599,"date":"2025-03-03T18:10:40","date_gmt":"2025-03-03T17:10:40","guid":{"rendered":"https:\/\/stoic-curie.212-227-153-4.plesk.page\/producto\/pantograf-od-nehrdajuceg-celika-600-900mm-roca-w3\/"},"modified":"2026-02-25T00:00:45","modified_gmt":"2026-02-25T00:00:45","slug":"pantograf-od-nehrdajuceg-celika-600-900mm-roca-w3","status":"publish","type":"product","link":"https:\/\/stoic-curie.212-227-153-4.plesk.page\/hr\/product\/pantograf-od-nehrdajuceg-celika-600-900mm-roca-w3\/","title":{"rendered":"Pantograf od nehr\u0111aju\u0107eg \u010delika 600-900mm Roca W3"},"content":{"rendered":"<p>Pantograf od nehr\u0111aju\u0107eg \u010delika 600-900mm Roca W3 &#8211; <\/p>\n<p>Visokokvalitetni Roca W38 brisa\u010d vjetrobranskog stakla za srednje velike plovila. Tako\u0111er za profesionalnu upotrebu na radnim brodovima. Motor od 38 Nm s 35 ili 55 brisanja u minuti, automatsko samoparkiranje lijevo ili desno i podesiv kut brisanja od 45\u00b0 do 110\u00b0. Potro\u0161nja 3A u mirovanju i 7A pod punim optere\u0107enjem na 12V. Za dopuniti s pantograf arms i o\u0161tricom. Pantograf arms je opremljen mlaznicom za prskanje i crijevom od 1,1 metra.<\/p>\n","protected":false},"excerpt":{"rendered":"<p>Pantograf od nehr\u0111aju\u0107eg \u010delika 600-900mm Roca W3 &#8211; Visokokvalitetni Roca W38 brisa\u010d vjetrobranskog stakla za srednje velike plovila. Tako\u0111er za<\/p>\n","protected":false},"featured_media":5936833,"comment_status":"open","ping_status":"closed","template":"","meta":[],"product_brand":[3316],"product_cat":[1735],"product_tag":[],"class_list":{"0":"post-740599","1":"product","2":"type-product","3":"status-publish","4":"has-post-thumbnail","6":"product_brand-roca-marine-hr","7":"product_cat-brisaci-vjetrobranskog-stakla-na-brodu","9":"first","10":"instock","11":"shipping-taxable","12":"purchasable","13":"product-type-simple"},"_links":{"self":[{"href":"https:\/\/stoic-curie.212-227-153-4.plesk.page\/hr\/wp-json\/wp\/v2\/product\/740599","targetHints":{"allow":["GET"]}}],"collection":[{"href":"https:\/\/stoic-curie.212-227-153-4.plesk.page\/hr\/wp-json\/wp\/v2\/product"}],"about":[{"href":"https:\/\/stoic-curie.212-227-153-4.plesk.page\/hr\/wp-json\/wp\/v2\/types\/product"}],"replies":[{"embeddable":true,"href":"https:\/\/stoic-curie.212-227-153-4.plesk.page\/hr\/wp-json\/wp\/v2\/comments?post=740599"}],"version-history":[{"count":0,"href":"https:\/\/stoic-curie.212-227-153-4.plesk.page\/hr\/wp-json\/wp\/v2\/product\/740599\/revisions"}],"wp:featuredmedia":[{"embeddable":true,"href":"https:\/\/stoic-curie.212-227-153-4.plesk.page\/hr\/wp-json\/wp\/v2\/media\/5936833"}],"wp:attachment":[{"href":"https:\/\/stoic-curie.212-227-153-4.plesk.page\/hr\/wp-json\/wp\/v2\/media?parent=740599"}],"wp:term":[{"taxonomy":"product_brand","embeddable":true,"href":"https:\/\/stoic-curie.212-227-153-4.plesk.page\/hr\/wp-json\/wp\/v2\/product_brand?post=740599"},{"taxonomy":"product_cat","embeddable":true,"href":"https:\/\/stoic-curie.212-227-153-4.plesk.page\/hr\/wp-json\/wp\/v2\/product_cat?post=740599"},{"taxonomy":"product_tag","embeddable":true,"href":"https:\/\/stoic-curie.212-227-153-4.plesk.page\/hr\/wp-json\/wp\/v2\/product_tag?post=740599"}],"curies":[{"name":"wp","href":"https:\/\/api.w.org\/{rel}","templated":true}]}}