{"id":740600,"date":"2025-03-03T18:10:40","date_gmt":"2025-03-03T17:10:40","guid":{"rendered":"https:\/\/stoic-curie.212-227-153-4.plesk.page\/producto\/crni-pantograf-600-900-roca-w38\/"},"modified":"2026-02-25T00:00:45","modified_gmt":"2026-02-25T00:00:45","slug":"crni-pantograf-600-900-roca-w38","status":"publish","type":"product","link":"https:\/\/stoic-curie.212-227-153-4.plesk.page\/hr\/product\/crni-pantograf-600-900-roca-w38\/","title":{"rendered":"Crni pantograf 600-900 Roca W38"},"content":{"rendered":"<p>Crni pantograf 600-900 Roca W38 &#8211; <\/p>\n<p>Visokokvalitetni Roca W38 brisa\u010d vjetra za srednje velike brodove. Tako\u0111er za profesionalnu upotrebu na radnim brodovima. Motor od 38 Nm s 35 ili 55 zamah\u00e2 u minuti, automatsko samoparkiranje lijevo ili desno, i podesiv kut zamaha od 45\u00b0 do 110\u00b0. Potro\u0161nja 3A u mirovanju i 7A pod punim optere\u0107enjem na 12V. <br \/> Treba se dopuniti pantografskom rukom i o\u0161tricom. Pantografska ruka opremljena je mlaznicom i cijevi du\u017eine 1,1 metar.<\/p>\n","protected":false},"excerpt":{"rendered":"<p>Crni pantograf 600-900 Roca W38 &#8211; Visokokvalitetni Roca W38 brisa\u010d vjetra za srednje velike brodove. Tako\u0111er za profesionalnu upotrebu na<\/p>\n","protected":false},"featured_media":5939184,"comment_status":"open","ping_status":"closed","template":"","meta":[],"product_brand":[3316],"product_cat":[1735],"product_tag":[],"class_list":{"0":"post-740600","1":"product","2":"type-product","3":"status-publish","4":"has-post-thumbnail","6":"product_brand-roca-marine-hr","7":"product_cat-brisaci-vjetrobranskog-stakla-na-brodu","9":"first","10":"instock","11":"shipping-taxable","12":"purchasable","13":"product-type-simple"},"_links":{"self":[{"href":"https:\/\/stoic-curie.212-227-153-4.plesk.page\/hr\/wp-json\/wp\/v2\/product\/740600","targetHints":{"allow":["GET"]}}],"collection":[{"href":"https:\/\/stoic-curie.212-227-153-4.plesk.page\/hr\/wp-json\/wp\/v2\/product"}],"about":[{"href":"https:\/\/stoic-curie.212-227-153-4.plesk.page\/hr\/wp-json\/wp\/v2\/types\/product"}],"replies":[{"embeddable":true,"href":"https:\/\/stoic-curie.212-227-153-4.plesk.page\/hr\/wp-json\/wp\/v2\/comments?post=740600"}],"version-history":[{"count":0,"href":"https:\/\/stoic-curie.212-227-153-4.plesk.page\/hr\/wp-json\/wp\/v2\/product\/740600\/revisions"}],"wp:featuredmedia":[{"embeddable":true,"href":"https:\/\/stoic-curie.212-227-153-4.plesk.page\/hr\/wp-json\/wp\/v2\/media\/5939184"}],"wp:attachment":[{"href":"https:\/\/stoic-curie.212-227-153-4.plesk.page\/hr\/wp-json\/wp\/v2\/media?parent=740600"}],"wp:term":[{"taxonomy":"product_brand","embeddable":true,"href":"https:\/\/stoic-curie.212-227-153-4.plesk.page\/hr\/wp-json\/wp\/v2\/product_brand?post=740600"},{"taxonomy":"product_cat","embeddable":true,"href":"https:\/\/stoic-curie.212-227-153-4.plesk.page\/hr\/wp-json\/wp\/v2\/product_cat?post=740600"},{"taxonomy":"product_tag","embeddable":true,"href":"https:\/\/stoic-curie.212-227-153-4.plesk.page\/hr\/wp-json\/wp\/v2\/product_tag?post=740600"}],"curies":[{"name":"wp","href":"https:\/\/api.w.org\/{rel}","templated":true}]}}