{"id":740607,"date":"2025-03-03T18:10:42","date_gmt":"2025-03-03T17:10:42","guid":{"rendered":"https:\/\/stoic-curie.212-227-153-4.plesk.page\/producto\/roca-sustav-upravljanja-brisacem\/"},"modified":"2026-02-25T00:00:45","modified_gmt":"2026-02-25T00:00:45","slug":"roca-sustav-upravljanja-brisacem","status":"publish","type":"product","link":"https:\/\/stoic-curie.212-227-153-4.plesk.page\/hr\/product\/roca-sustav-upravljanja-brisacem\/","title":{"rendered":"Roca sustav upravljanja brisacem"},"content":{"rendered":"<p>Roca sustav upravljanja brisacem &#8211; <\/p>\n<p>Univerzalni Roca sustav koji kontrolira i sinkronizira do 3 motora brisa\u010da niske snage bilo koje snage. Omogu\u0107uje odabir svakog pojedina\u010dnog motora, kontrolira brzinu brisanja i sustav pranja vjetrobranskog stakla. Univerzalno napajanje 12\/24V. Za nadopunjavanje s Carling prekida\u010dem ili dodirnim panelom. Carling prekida\u010d dolazi s 1,5 metra kabela i konektora. Dodirni panel upravlja svim kontrolama zajedno s do 3 motora brisa\u010da.<\/p>\n","protected":false},"excerpt":{"rendered":"<p>Roca sustav upravljanja brisacem &#8211; Univerzalni Roca sustav koji kontrolira i sinkronizira do 3 motora brisa\u010da niske snage bilo koje<\/p>\n","protected":false},"featured_media":5939210,"comment_status":"open","ping_status":"closed","template":"","meta":[],"product_brand":[3316],"product_cat":[1735],"product_tag":[],"class_list":{"0":"post-740607","1":"product","2":"type-product","3":"status-publish","4":"has-post-thumbnail","6":"product_brand-roca-marine-hr","7":"product_cat-brisaci-vjetrobranskog-stakla-na-brodu","9":"first","10":"instock","11":"shipping-taxable","12":"purchasable","13":"product-type-simple"},"_links":{"self":[{"href":"https:\/\/stoic-curie.212-227-153-4.plesk.page\/hr\/wp-json\/wp\/v2\/product\/740607","targetHints":{"allow":["GET"]}}],"collection":[{"href":"https:\/\/stoic-curie.212-227-153-4.plesk.page\/hr\/wp-json\/wp\/v2\/product"}],"about":[{"href":"https:\/\/stoic-curie.212-227-153-4.plesk.page\/hr\/wp-json\/wp\/v2\/types\/product"}],"replies":[{"embeddable":true,"href":"https:\/\/stoic-curie.212-227-153-4.plesk.page\/hr\/wp-json\/wp\/v2\/comments?post=740607"}],"version-history":[{"count":0,"href":"https:\/\/stoic-curie.212-227-153-4.plesk.page\/hr\/wp-json\/wp\/v2\/product\/740607\/revisions"}],"wp:featuredmedia":[{"embeddable":true,"href":"https:\/\/stoic-curie.212-227-153-4.plesk.page\/hr\/wp-json\/wp\/v2\/media\/5939210"}],"wp:attachment":[{"href":"https:\/\/stoic-curie.212-227-153-4.plesk.page\/hr\/wp-json\/wp\/v2\/media?parent=740607"}],"wp:term":[{"taxonomy":"product_brand","embeddable":true,"href":"https:\/\/stoic-curie.212-227-153-4.plesk.page\/hr\/wp-json\/wp\/v2\/product_brand?post=740607"},{"taxonomy":"product_cat","embeddable":true,"href":"https:\/\/stoic-curie.212-227-153-4.plesk.page\/hr\/wp-json\/wp\/v2\/product_cat?post=740607"},{"taxonomy":"product_tag","embeddable":true,"href":"https:\/\/stoic-curie.212-227-153-4.plesk.page\/hr\/wp-json\/wp\/v2\/product_tag?post=740607"}],"curies":[{"name":"wp","href":"https:\/\/api.w.org\/{rel}","templated":true}]}}