{"id":740609,"date":"2025-03-03T18:10:43","date_gmt":"2025-03-03T17:10:43","guid":{"rendered":"https:\/\/stoic-curie.212-227-153-4.plesk.page\/producto\/razdjelnik-za-odvajanje-baterija100-amp-12v-2-baterije\/"},"modified":"2026-02-25T00:00:45","modified_gmt":"2026-02-25T00:00:45","slug":"razdjelnik-za-odvajanje-baterija100-amp-12v-2-baterije","status":"publish","type":"product","link":"https:\/\/stoic-curie.212-227-153-4.plesk.page\/hr\/product\/razdjelnik-za-odvajanje-baterija100-amp-12v-2-baterije\/","title":{"rendered":"Razdjelnik za odvajanje baterija100 amp 12v &#8211; 2 baterije"},"content":{"rendered":"<p>Razdjelnik za odvajanje baterija100 amp 12v &#8211; 2 baterije &#8211; <\/p>\n<p>BS senzorni relej omogu\u0107uje punjenje vi\u0161e baterija iz jednog alternatora. Prioritetno punjenje: \u010deka da glavna baterija dostigne 13,2 V prije nego \u0161to zapo\u010dne s punjenjem preostalih baterija. Kada se motor pokrene, omogu\u0107uje kori\u0161tenje obje baterije paralelno. Kada se baterije ne punjuju, odvaja i izolira baterije.<\/p>\n","protected":false},"excerpt":{"rendered":"<p>Razdjelnik za odvajanje baterija100 amp 12v &#8211; 2 baterije &#8211; BS senzorni relej omogu\u0107uje punjenje vi\u0161e baterija iz jednog alternatora.<\/p>\n","protected":false},"featured_media":5939214,"comment_status":"open","ping_status":"closed","template":"","meta":[],"product_brand":[3236],"product_cat":[1737],"product_tag":[],"class_list":{"0":"post-740609","1":"product","2":"type-product","3":"status-publish","4":"has-post-thumbnail","6":"product_brand-osculati-hr","7":"product_cat-punjaci-baterija","9":"first","10":"instock","11":"shipping-taxable","12":"purchasable","13":"product-type-simple"},"_links":{"self":[{"href":"https:\/\/stoic-curie.212-227-153-4.plesk.page\/hr\/wp-json\/wp\/v2\/product\/740609","targetHints":{"allow":["GET"]}}],"collection":[{"href":"https:\/\/stoic-curie.212-227-153-4.plesk.page\/hr\/wp-json\/wp\/v2\/product"}],"about":[{"href":"https:\/\/stoic-curie.212-227-153-4.plesk.page\/hr\/wp-json\/wp\/v2\/types\/product"}],"replies":[{"embeddable":true,"href":"https:\/\/stoic-curie.212-227-153-4.plesk.page\/hr\/wp-json\/wp\/v2\/comments?post=740609"}],"version-history":[{"count":0,"href":"https:\/\/stoic-curie.212-227-153-4.plesk.page\/hr\/wp-json\/wp\/v2\/product\/740609\/revisions"}],"wp:featuredmedia":[{"embeddable":true,"href":"https:\/\/stoic-curie.212-227-153-4.plesk.page\/hr\/wp-json\/wp\/v2\/media\/5939214"}],"wp:attachment":[{"href":"https:\/\/stoic-curie.212-227-153-4.plesk.page\/hr\/wp-json\/wp\/v2\/media?parent=740609"}],"wp:term":[{"taxonomy":"product_brand","embeddable":true,"href":"https:\/\/stoic-curie.212-227-153-4.plesk.page\/hr\/wp-json\/wp\/v2\/product_brand?post=740609"},{"taxonomy":"product_cat","embeddable":true,"href":"https:\/\/stoic-curie.212-227-153-4.plesk.page\/hr\/wp-json\/wp\/v2\/product_cat?post=740609"},{"taxonomy":"product_tag","embeddable":true,"href":"https:\/\/stoic-curie.212-227-153-4.plesk.page\/hr\/wp-json\/wp\/v2\/product_tag?post=740609"}],"curies":[{"name":"wp","href":"https:\/\/api.w.org\/{rel}","templated":true}]}}