{"id":740610,"date":"2025-03-03T18:10:43","date_gmt":"2025-03-03T17:10:43","guid":{"rendered":"https:\/\/stoic-curie.212-227-153-4.plesk.page\/producto\/mtm-bs-razdjelnik-akumulatora-200a-12v\/"},"modified":"2026-02-25T00:00:45","modified_gmt":"2026-02-25T00:00:45","slug":"mtm-bs-razdjelnik-akumulatora-200a-12v","status":"publish","type":"product","link":"https:\/\/stoic-curie.212-227-153-4.plesk.page\/hr\/product\/mtm-bs-razdjelnik-akumulatora-200a-12v\/","title":{"rendered":"MTM BS razdjelnik akumulatora 200A 12V"},"content":{"rendered":"<p>MTM BS razdjelnik akumulatora 200A 12V &#8211; <\/p>\n<p>BS senzorni relej omogu\u0107uje punjenje vi\u0161e baterija iz jedne alternatore. Prioritetno punjenje: \u010deka dok glavna baterija ne dostigne 13,2 V prije nego \u0161to zapo\u010dne s punjenjem preostalih baterija. Kada motor po\u010dne raditi, omogu\u0107uje kori\u0161tenje obje baterije paralelno. Kada baterije nisu u punjenju, razdvaja i izolira baterije.<\/p>\n","protected":false},"excerpt":{"rendered":"<p>MTM BS razdjelnik akumulatora 200A 12V &#8211; BS senzorni relej omogu\u0107uje punjenje vi\u0161e baterija iz jedne alternatore. Prioritetno punjenje: \u010deka<\/p>\n","protected":false},"featured_media":5939214,"comment_status":"open","ping_status":"closed","template":"","meta":[],"product_brand":[3236],"product_cat":[1748,1737],"product_tag":[],"class_list":{"0":"post-740610","1":"product","2":"type-product","3":"status-publish","4":"has-post-thumbnail","6":"product_brand-osculati-hr","7":"product_cat-prekidaci-i-releji","8":"product_cat-punjaci-baterija","10":"first","11":"instock","12":"shipping-taxable","13":"purchasable","14":"product-type-simple"},"_links":{"self":[{"href":"https:\/\/stoic-curie.212-227-153-4.plesk.page\/hr\/wp-json\/wp\/v2\/product\/740610","targetHints":{"allow":["GET"]}}],"collection":[{"href":"https:\/\/stoic-curie.212-227-153-4.plesk.page\/hr\/wp-json\/wp\/v2\/product"}],"about":[{"href":"https:\/\/stoic-curie.212-227-153-4.plesk.page\/hr\/wp-json\/wp\/v2\/types\/product"}],"replies":[{"embeddable":true,"href":"https:\/\/stoic-curie.212-227-153-4.plesk.page\/hr\/wp-json\/wp\/v2\/comments?post=740610"}],"version-history":[{"count":0,"href":"https:\/\/stoic-curie.212-227-153-4.plesk.page\/hr\/wp-json\/wp\/v2\/product\/740610\/revisions"}],"wp:featuredmedia":[{"embeddable":true,"href":"https:\/\/stoic-curie.212-227-153-4.plesk.page\/hr\/wp-json\/wp\/v2\/media\/5939214"}],"wp:attachment":[{"href":"https:\/\/stoic-curie.212-227-153-4.plesk.page\/hr\/wp-json\/wp\/v2\/media?parent=740610"}],"wp:term":[{"taxonomy":"product_brand","embeddable":true,"href":"https:\/\/stoic-curie.212-227-153-4.plesk.page\/hr\/wp-json\/wp\/v2\/product_brand?post=740610"},{"taxonomy":"product_cat","embeddable":true,"href":"https:\/\/stoic-curie.212-227-153-4.plesk.page\/hr\/wp-json\/wp\/v2\/product_cat?post=740610"},{"taxonomy":"product_tag","embeddable":true,"href":"https:\/\/stoic-curie.212-227-153-4.plesk.page\/hr\/wp-json\/wp\/v2\/product_tag?post=740610"}],"curies":[{"name":"wp","href":"https:\/\/api.w.org\/{rel}","templated":true}]}}