{"id":740611,"date":"2025-03-03T18:10:43","date_gmt":"2025-03-03T17:10:43","guid":{"rendered":"https:\/\/stoic-curie.212-227-153-4.plesk.page\/producto\/elektronski-razdjelnik-baterija-3-baterije-70a\/"},"modified":"2026-02-25T00:00:45","modified_gmt":"2026-02-25T00:00:45","slug":"elektronski-razdjelnik-baterija-3-baterije-70a","status":"publish","type":"product","link":"https:\/\/stoic-curie.212-227-153-4.plesk.page\/hr\/product\/elektronski-razdjelnik-baterija-3-baterije-70a\/","title":{"rendered":"Elektronski razdjelnik baterija 3 Baterije 70a"},"content":{"rendered":"<p>Elektronski razdjelnik baterija 3 Baterije 70a &#8211; <\/p>\n<p>Zape\u010da\u0107ena elektronika i ku\u0107i\u0161te visoko kvalitetnih izolatora baterija. Automatski odabir punjenja za najpra\u017eniju bateriju. Izolator baterije sprje\u010dava pra\u017enjenje najnapunjenije baterije odr\u017eavanjem manje napunjene.<\/p>\n","protected":false},"excerpt":{"rendered":"<p>Elektronski razdjelnik baterija 3 Baterije 70a &#8211; Zape\u010da\u0107ena elektronika i ku\u0107i\u0161te visoko kvalitetnih izolatora baterija. Automatski odabir punjenja za najpra\u017eniju<\/p>\n","protected":false},"featured_media":5939215,"comment_status":"open","ping_status":"closed","template":"","meta":[],"product_brand":[2166,3236],"product_cat":[1737],"product_tag":[],"class_list":{"0":"post-740611","1":"product","2":"type-product","3":"status-publish","4":"has-post-thumbnail","6":"product_brand-osculati","7":"product_brand-osculati-hr","8":"product_cat-punjaci-baterija","10":"first","11":"instock","12":"shipping-taxable","13":"purchasable","14":"product-type-simple"},"_links":{"self":[{"href":"https:\/\/stoic-curie.212-227-153-4.plesk.page\/hr\/wp-json\/wp\/v2\/product\/740611","targetHints":{"allow":["GET"]}}],"collection":[{"href":"https:\/\/stoic-curie.212-227-153-4.plesk.page\/hr\/wp-json\/wp\/v2\/product"}],"about":[{"href":"https:\/\/stoic-curie.212-227-153-4.plesk.page\/hr\/wp-json\/wp\/v2\/types\/product"}],"replies":[{"embeddable":true,"href":"https:\/\/stoic-curie.212-227-153-4.plesk.page\/hr\/wp-json\/wp\/v2\/comments?post=740611"}],"version-history":[{"count":0,"href":"https:\/\/stoic-curie.212-227-153-4.plesk.page\/hr\/wp-json\/wp\/v2\/product\/740611\/revisions"}],"wp:featuredmedia":[{"embeddable":true,"href":"https:\/\/stoic-curie.212-227-153-4.plesk.page\/hr\/wp-json\/wp\/v2\/media\/5939215"}],"wp:attachment":[{"href":"https:\/\/stoic-curie.212-227-153-4.plesk.page\/hr\/wp-json\/wp\/v2\/media?parent=740611"}],"wp:term":[{"taxonomy":"product_brand","embeddable":true,"href":"https:\/\/stoic-curie.212-227-153-4.plesk.page\/hr\/wp-json\/wp\/v2\/product_brand?post=740611"},{"taxonomy":"product_cat","embeddable":true,"href":"https:\/\/stoic-curie.212-227-153-4.plesk.page\/hr\/wp-json\/wp\/v2\/product_cat?post=740611"},{"taxonomy":"product_tag","embeddable":true,"href":"https:\/\/stoic-curie.212-227-153-4.plesk.page\/hr\/wp-json\/wp\/v2\/product_tag?post=740611"}],"curies":[{"name":"wp","href":"https:\/\/api.w.org\/{rel}","templated":true}]}}