{"id":740614,"date":"2025-03-03T18:10:44","date_gmt":"2025-03-03T17:10:44","guid":{"rendered":"https:\/\/stoic-curie.212-227-153-4.plesk.page\/producto\/elektronski-razdjelnik-baterija-140amp-12v-2-baterije\/"},"modified":"2026-02-25T00:00:45","modified_gmt":"2026-02-25T00:00:45","slug":"elektronski-razdjelnik-baterija-140amp-12v-2-baterije","status":"publish","type":"product","link":"https:\/\/stoic-curie.212-227-153-4.plesk.page\/hr\/product\/elektronski-razdjelnik-baterija-140amp-12v-2-baterije\/","title":{"rendered":"Elektronski razdjelnik baterija 140amp 12V, 2 baterije"},"content":{"rendered":"<p>Elektronski razdjelnik baterija 140amp 12V, 2 baterije &#8211; <\/p>\n<p>MTM VSR Compact senzor relays omogu\u0107uje istovremeno upravljanje punjenjem dvije baterije samo s jednim alternatorom. Prilikom pokretanja motora, separator upravlja punjenjem glavne baterije, a kada se glavna baterija napuni, separator prelazi na punjenje obje baterije paralelno. Kada se motor zaustavi, ako napetost baterije padne ispod 12,8 V, isklju\u010di se kako bi se sprije\u010dila pra\u017enjenje baterije.<\/p>\n","protected":false},"excerpt":{"rendered":"<p>Elektronski razdjelnik baterija 140amp 12V, 2 baterije &#8211; MTM VSR Compact senzor relays omogu\u0107uje istovremeno upravljanje punjenjem dvije baterije samo<\/p>\n","protected":false},"featured_media":5939220,"comment_status":"open","ping_status":"closed","template":"","meta":[],"product_brand":[3236],"product_cat":[1737],"product_tag":[],"class_list":{"0":"post-740614","1":"product","2":"type-product","3":"status-publish","4":"has-post-thumbnail","6":"product_brand-osculati-hr","7":"product_cat-punjaci-baterija","9":"first","10":"instock","11":"shipping-taxable","12":"purchasable","13":"product-type-simple"},"_links":{"self":[{"href":"https:\/\/stoic-curie.212-227-153-4.plesk.page\/hr\/wp-json\/wp\/v2\/product\/740614","targetHints":{"allow":["GET"]}}],"collection":[{"href":"https:\/\/stoic-curie.212-227-153-4.plesk.page\/hr\/wp-json\/wp\/v2\/product"}],"about":[{"href":"https:\/\/stoic-curie.212-227-153-4.plesk.page\/hr\/wp-json\/wp\/v2\/types\/product"}],"replies":[{"embeddable":true,"href":"https:\/\/stoic-curie.212-227-153-4.plesk.page\/hr\/wp-json\/wp\/v2\/comments?post=740614"}],"version-history":[{"count":0,"href":"https:\/\/stoic-curie.212-227-153-4.plesk.page\/hr\/wp-json\/wp\/v2\/product\/740614\/revisions"}],"wp:featuredmedia":[{"embeddable":true,"href":"https:\/\/stoic-curie.212-227-153-4.plesk.page\/hr\/wp-json\/wp\/v2\/media\/5939220"}],"wp:attachment":[{"href":"https:\/\/stoic-curie.212-227-153-4.plesk.page\/hr\/wp-json\/wp\/v2\/media?parent=740614"}],"wp:term":[{"taxonomy":"product_brand","embeddable":true,"href":"https:\/\/stoic-curie.212-227-153-4.plesk.page\/hr\/wp-json\/wp\/v2\/product_brand?post=740614"},{"taxonomy":"product_cat","embeddable":true,"href":"https:\/\/stoic-curie.212-227-153-4.plesk.page\/hr\/wp-json\/wp\/v2\/product_cat?post=740614"},{"taxonomy":"product_tag","embeddable":true,"href":"https:\/\/stoic-curie.212-227-153-4.plesk.page\/hr\/wp-json\/wp\/v2\/product_tag?post=740614"}],"curies":[{"name":"wp","href":"https:\/\/api.w.org\/{rel}","templated":true}]}}